{"id":3917,"date":"2024-10-23T15:24:59","date_gmt":"2024-10-23T13:24:59","guid":{"rendered":"http:\/\/billigtrikots.com\/?post_type=product&#038;p=3917"},"modified":"2024-10-23T15:27:15","modified_gmt":"2024-10-23T13:27:15","slug":"fussballtrikots-sl-benfica-lissabon-heimtrikot-2021-22-rot-kurzarm-kurze-hosen","status":"publish","type":"product","link":"https:\/\/www.billigtrikotde.com\/sv\/fussballtrikots-sl-benfica-lissabon-heimtrikot-2021-22-rot-kurzarm-kurze-hosen\/","title":{"rendered":"Fotbollstr\u00f6jor SL Benfica Lissabon Hemmatr\u00f6ja 2021\/22 r\u00f6d Kort\u00e4rmad + Shorts"},"content":{"rendered":"<p>Kurvorna i deras v\u00e4rldsber\u00f6mda arena understryker den mjuka materialet p\u00e5 denna adidas Benfica-fotbollstr\u00f6ja. P\u00e5 baksidan firar texten \u201e1904 Benfica\u201c klubbens b\u00f6rjan. En v\u00e4vd badge p\u00e5 framsidan visar ditt st\u00f6d f\u00f6r laget. AEROREADY-teknologin leder bort svetten s\u00e5 att du k\u00e4nner dig bekv\u00e4m p\u00e5 planen eller p\u00e5 l\u00e4ktaren. Denna [\u2026]<\/p>\n<p>Dieses Produkt wird mit Primegreen hergestellt, einer Serie von Hochleistungs-Recycling-Materialien.<\/p>\n<p>Tips f\u00f6r utskrift: Om namn och nummer p\u00e5 bilden \u00e4r exakt vad du vill ha, beh\u00f6ver du inte ange dem igen. Om inte, ska du ange \u00f6nskat namn och nummer.<\/p>\n<p>Tips f\u00f6r tv\u00e4tt: Det \u00e4r rekommenderat att tv\u00e4tta fotbollstr\u00f6jor f\u00f6r hand. Om du vill anv\u00e4nda tv\u00e4ttmaskinen ska du komma ih\u00e5g att v\u00e4nda fotbollstr\u00f6jorna ut och in och sedan tv\u00e4tta dem. Fyll maskinen med kallt vatten och anv\u00e4nd ett skonsamt program f\u00f6r att b\u00e4ttre skydda f\u00e4rgerna.<\/p>","protected":false},"excerpt":{"rendered":"<p>Kurvorna i deras v\u00e4rldsber\u00f6mda arena understryker den mjuka materialet p\u00e5 denna adidas Benfica-fotbollstr\u00f6ja. P\u00e5 baksidan firar texten \u201e1904 Benfica\u201c klubbens b\u00f6rjan. En v\u00e4vd badge p\u00e5 framsidan visar ditt st\u00f6d f\u00f6r laget. AEROREADY-teknologin leder bort svetten s\u00e5 att du k\u00e4nner dig bekv\u00e4m p\u00e5 planen eller p\u00e5 l\u00e4ktaren. Denna [\u2026]<\/p>","protected":false},"featured_media":3952,"comment_status":"open","ping_status":"closed","template":"","meta":[],"product_brand":[],"product_cat":[188],"product_tag":[190,20,21,22,23,24,191],"class_list":{"0":"post-3917","1":"product","2":"type-product","3":"status-publish","4":"has-post-thumbnail","6":"product_cat-sl-benfica","7":"product_tag-benfica-trikots","8":"product_tag-coole-fussballtrikots","9":"product_tag-fussballtrikot-fuer-herren","10":"product_tag-fussballtrikot-guenstig-kaufen","11":"product_tag-fussballtrikot-kurzarm","12":"product_tag-guenstiges-fussballtrikot","13":"product_tag-heimtrikot-benfica","15":"first","16":"instock","17":"shipping-taxable","18":"purchasable","19":"product-type-variable"},"_links":{"self":[{"href":"https:\/\/www.billigtrikotde.com\/sv\/wp-json\/wp\/v2\/product\/3917","targetHints":{"allow":["GET"]}}],"collection":[{"href":"https:\/\/www.billigtrikotde.com\/sv\/wp-json\/wp\/v2\/product"}],"about":[{"href":"https:\/\/www.billigtrikotde.com\/sv\/wp-json\/wp\/v2\/types\/product"}],"replies":[{"embeddable":true,"href":"https:\/\/www.billigtrikotde.com\/sv\/wp-json\/wp\/v2\/comments?post=3917"}],"wp:featuredmedia":[{"embeddable":true,"href":"https:\/\/www.billigtrikotde.com\/sv\/wp-json\/wp\/v2\/media\/3952"}],"wp:attachment":[{"href":"https:\/\/www.billigtrikotde.com\/sv\/wp-json\/wp\/v2\/media?parent=3917"}],"wp:term":[{"taxonomy":"product_brand","embeddable":true,"href":"https:\/\/www.billigtrikotde.com\/sv\/wp-json\/wp\/v2\/product_brand?post=3917"},{"taxonomy":"product_cat","embeddable":true,"href":"https:\/\/www.billigtrikotde.com\/sv\/wp-json\/wp\/v2\/product_cat?post=3917"},{"taxonomy":"product_tag","embeddable":true,"href":"https:\/\/www.billigtrikotde.com\/sv\/wp-json\/wp\/v2\/product_tag?post=3917"}],"curies":[{"name":"wp","href":"https:\/\/api.w.org\/{rel}","templated":true}]}}