{"id":3911,"date":"2024-10-23T15:24:30","date_gmt":"2024-10-23T13:24:30","guid":{"rendered":"http:\/\/billigtrikots.com\/?post_type=product&#038;p=3911"},"modified":"2024-10-23T15:26:43","modified_gmt":"2024-10-23T13:26:43","slug":"benfica-auswaertstrikot-2021-22-in-weiss-herren-trikotsatz-kurze-hosen","status":"publish","type":"product","link":"https:\/\/www.billigtrikotde.com\/sv\/benfica-auswaertstrikot-2021-22-in-weiss-herren-trikotsatz-kurze-hosen\/","title":{"rendered":"Benfica bortast\u00e4ll 2021\/22 i vitt herrst\u00e4ll (+ shorts)"},"content":{"rendered":"<p>Ren, knaprigt vit \u00e5terv\u00e4nder till Benfica-tr\u00f6jan. Denna adidas fotbollstr\u00f6ja ger tack vare fuktavledande AEROREADY och det mjuka, sl\u00e4ta materialet en behaglig k\u00e4nsla att b\u00e4ra p\u00e5 planen och d\u00e4rut\u00f6ver. P\u00e5 baksidan p\u00e5minner en signatur om klubbens grund\u00e5r. P\u00e5 framsidan bekr\u00e4ftar en v\u00e4vd badge din lojalitet.<\/p>\n<p>Tips f\u00f6r utskrift: Om namn och nummer p\u00e5 bilden \u00e4r exakt vad du vill ha, beh\u00f6ver du inte ange dem igen. Om inte, ska du ange \u00f6nskat namn och nummer.<\/p>\n<p>Tips f\u00f6r tv\u00e4tt: Det \u00e4r rekommenderat att tv\u00e4tta fotbollstr\u00f6jor f\u00f6r hand. Om du vill anv\u00e4nda tv\u00e4ttmaskinen ska du komma ih\u00e5g att v\u00e4nda fotbollstr\u00f6jorna ut och in och sedan tv\u00e4tta dem. Fyll maskinen med kallt vatten och anv\u00e4nd ett skonsamt program f\u00f6r att b\u00e4ttre skydda f\u00e4rgerna.<\/p>","protected":false},"excerpt":{"rendered":"<p>Ren, knaprigt vit \u00e5terv\u00e4nder till Benfica-tr\u00f6jan. Denna adidas fotbollstr\u00f6ja ger tack vare fuktavledande AEROREADY och det mjuka, sl\u00e4ta materialet en behaglig k\u00e4nsla att b\u00e4ra p\u00e5 planen och d\u00e4rut\u00f6ver. P\u00e5 baksidan p\u00e5minner en signatur om klubbens grund\u00e5r. P\u00e5 framsidan bekr\u00e4ftar en v\u00e4vd badge din lojalitet.<\/p>","protected":false},"featured_media":3951,"comment_status":"open","ping_status":"closed","template":"","meta":[],"product_brand":[],"product_cat":[188],"product_tag":[189,190,20,21,22,23,24],"class_list":{"0":"post-3911","1":"product","2":"type-product","3":"status-publish","4":"has-post-thumbnail","6":"product_cat-sl-benfica","7":"product_tag-benfica-auswaertstrikot","8":"product_tag-benfica-trikots","9":"product_tag-coole-fussballtrikots","10":"product_tag-fussballtrikot-fuer-herren","11":"product_tag-fussballtrikot-guenstig-kaufen","12":"product_tag-fussballtrikot-kurzarm","13":"product_tag-guenstiges-fussballtrikot","15":"first","16":"instock","17":"shipping-taxable","18":"purchasable","19":"product-type-variable"},"_links":{"self":[{"href":"https:\/\/www.billigtrikotde.com\/sv\/wp-json\/wp\/v2\/product\/3911","targetHints":{"allow":["GET"]}}],"collection":[{"href":"https:\/\/www.billigtrikotde.com\/sv\/wp-json\/wp\/v2\/product"}],"about":[{"href":"https:\/\/www.billigtrikotde.com\/sv\/wp-json\/wp\/v2\/types\/product"}],"replies":[{"embeddable":true,"href":"https:\/\/www.billigtrikotde.com\/sv\/wp-json\/wp\/v2\/comments?post=3911"}],"wp:featuredmedia":[{"embeddable":true,"href":"https:\/\/www.billigtrikotde.com\/sv\/wp-json\/wp\/v2\/media\/3951"}],"wp:attachment":[{"href":"https:\/\/www.billigtrikotde.com\/sv\/wp-json\/wp\/v2\/media?parent=3911"}],"wp:term":[{"taxonomy":"product_brand","embeddable":true,"href":"https:\/\/www.billigtrikotde.com\/sv\/wp-json\/wp\/v2\/product_brand?post=3911"},{"taxonomy":"product_cat","embeddable":true,"href":"https:\/\/www.billigtrikotde.com\/sv\/wp-json\/wp\/v2\/product_cat?post=3911"},{"taxonomy":"product_tag","embeddable":true,"href":"https:\/\/www.billigtrikotde.com\/sv\/wp-json\/wp\/v2\/product_tag?post=3911"}],"curies":[{"name":"wp","href":"https:\/\/api.w.org\/{rel}","templated":true}]}}