{"id":3909,"date":"2024-10-23T15:24:28","date_gmt":"2024-10-23T13:24:28","guid":{"rendered":"http:\/\/billigtrikots.com\/?post_type=product&#038;p=3909"},"modified":"2024-10-23T15:26:42","modified_gmt":"2024-10-23T13:26:42","slug":"rb-leipzig-rbl-auswaertstrikot-2021-22-herren-schwarz-gelb-blau","status":"publish","type":"product","link":"https:\/\/www.billigtrikotde.com\/sv\/rb-leipzig-rbl-auswaertstrikot-2021-22-herren-schwarz-gelb-blau\/","title":{"rendered":"RB Leipzig RBL bortast\u00e4ll 2021\/22 herrar svart\/gul\/bl\u00e5"},"content":{"rendered":"<p>K\u00e4nn energin med Nike RB Leipzig 21\/22 Stadium Away Jersey, en supporterversion av tr\u00f6jan som b\u00e4rs av proffsen med en n\u00e5got l\u00f6sare passform.<\/p>\n<p>Nike RB Leipzig 21\/22 Stadium Away Jersey \u00e4r designad med fans i \u00e5tanke och \u00e4r tillverkad av l\u00e4ttviktigt Nike Breathe-material f\u00f6r att h\u00e5lla dig sval och bekv\u00e4m oavsett om du f\u00f6ljer dina hj\u00e4ltar eller hejar p\u00e5 dem fr\u00e5n l\u00e4ktaren.<\/p>\n<p>RB Leipzig 21\/22 bortatr\u00f6ja har samma design som hemmatr\u00f6jan, den h\u00e4r g\u00e5ngen i ljusa f\u00e4rger som skapar en koppling till m\u00e4rkets F1-racingteam. Anpassad RBL-sidotejp full\u00e4ndar den fartfokuserade looken.<\/p>\n<p>Tips f\u00f6r utskrift: Om namn och nummer p\u00e5 bilden \u00e4r exakt vad du vill ha, beh\u00f6ver du inte ange dem igen. Om inte, ska du ange \u00f6nskat namn och nummer.<\/p>\n<p>Tips f\u00f6r tv\u00e4tt: Det \u00e4r rekommenderat att tv\u00e4tta fotbollstr\u00f6jor f\u00f6r hand. Om du vill anv\u00e4nda tv\u00e4ttmaskinen ska du komma ih\u00e5g att v\u00e4nda fotbollstr\u00f6jorna ut och in och sedan tv\u00e4tta dem. Fyll maskinen med kallt vatten och anv\u00e4nd ett skonsamt program f\u00f6r att b\u00e4ttre skydda f\u00e4rgerna.<\/p>","protected":false},"excerpt":{"rendered":"<p>K\u00e4nn energin med Niken RB Leipzig 21\/22 Stadium bortatrikoton, en fansversion av tr\u00f6jan som anv\u00e4nds av proffsen, med en n\u00e5got l\u00f6sare passform. Niken RB Leipzig 21\/22 Stadium bortatrikot har s\u00e4rskilt utformats f\u00f6r fans och best\u00e5r av l\u00e4tt Nike Breathe-material som h\u00e5ller dig sval och bekv\u00e4m, oavsett om du hejar p\u00e5 din hj\u00e4lte [\u2026]<\/p>","protected":false},"featured_media":3950,"comment_status":"open","ping_status":"closed","template":"","meta":[],"product_brand":[],"product_cat":[185],"product_tag":[20,21,22,23,24,186,187],"class_list":{"0":"post-3909","1":"product","2":"type-product","3":"status-publish","4":"has-post-thumbnail","6":"product_cat-rb-leipzig","7":"product_tag-coole-fussballtrikots","8":"product_tag-fussballtrikot-fuer-herren","9":"product_tag-fussballtrikot-guenstig-kaufen","10":"product_tag-fussballtrikot-kurzarm","11":"product_tag-guenstiges-fussballtrikot","12":"product_tag-rb-leipzig-auswaertstrikot","13":"product_tag-rb-leipzig-trikots","15":"first","16":"instock","17":"shipping-taxable","18":"purchasable","19":"product-type-variable"},"_links":{"self":[{"href":"https:\/\/www.billigtrikotde.com\/sv\/wp-json\/wp\/v2\/product\/3909","targetHints":{"allow":["GET"]}}],"collection":[{"href":"https:\/\/www.billigtrikotde.com\/sv\/wp-json\/wp\/v2\/product"}],"about":[{"href":"https:\/\/www.billigtrikotde.com\/sv\/wp-json\/wp\/v2\/types\/product"}],"replies":[{"embeddable":true,"href":"https:\/\/www.billigtrikotde.com\/sv\/wp-json\/wp\/v2\/comments?post=3909"}],"wp:featuredmedia":[{"embeddable":true,"href":"https:\/\/www.billigtrikotde.com\/sv\/wp-json\/wp\/v2\/media\/3950"}],"wp:attachment":[{"href":"https:\/\/www.billigtrikotde.com\/sv\/wp-json\/wp\/v2\/media?parent=3909"}],"wp:term":[{"taxonomy":"product_brand","embeddable":true,"href":"https:\/\/www.billigtrikotde.com\/sv\/wp-json\/wp\/v2\/product_brand?post=3909"},{"taxonomy":"product_cat","embeddable":true,"href":"https:\/\/www.billigtrikotde.com\/sv\/wp-json\/wp\/v2\/product_cat?post=3909"},{"taxonomy":"product_tag","embeddable":true,"href":"https:\/\/www.billigtrikotde.com\/sv\/wp-json\/wp\/v2\/product_tag?post=3909"}],"curies":[{"name":"wp","href":"https:\/\/api.w.org\/{rel}","templated":true}]}}