{"id":3884,"date":"2024-10-23T15:23:18","date_gmt":"2024-10-23T13:23:18","guid":{"rendered":"http:\/\/billigtrikots.com\/?post_type=product&#038;p=3884"},"modified":"2024-10-23T15:25:30","modified_gmt":"2024-10-23T13:25:30","slug":"orlando-city-2021-22-home-thick-n-thin-kit-purple-gradient-design","status":"publish","type":"product","link":"https:\/\/www.billigtrikotde.com\/sv\/orlando-city-2021-22-home-thick-n-thin-kit-purple-gradient-design\/","title":{"rendered":"Orlando City 2021\/22 Hem \u201eThick N Thin\u201c Kit Purple Gradient Design"},"content":{"rendered":"<p>Orlandos Citys 2021 hemmatr\u00f6ja har en f\u00e4rggradient som kombinerar tv\u00e5 lila nyanser \u2013 den \u00e4r m\u00f6rkare upptill och ljusare och mer m\u00e4ttad nedtill.<\/p>\n<p>N\u00e4r det g\u00e4ller mallen har Orlandos Citys 2021-tr\u00f6ja samma krage som Portland Timbers hemmatr\u00f6ja.<\/p>\n<p>Vi vill att fansen ska kunna fira sin fandom genom att anpassa och personifiera vissa produkter. F\u00f6r dessa anpassningsbara produkter, inklusive tr\u00f6jor, ber vi kunderna att meddela oss hur de vill att deras \u00f6nskade namn eller annan text ska visas genom att skriva in denna text i det angivna f\u00e4ltet. Men bara f\u00f6r att en kund kan ange f\u00f6reslagen anpassningstext i rutan och slutf\u00f6ra best\u00e4llningen via webbplatsen, kommer inte all f\u00f6reslagen anpassningstext att accepteras. Observera att Fanatics kan avvisa och avbryta en anpassad best\u00e4llning av vilken anledning som helst, inklusive meddelanden som anses vara st\u00f6tande eller ol\u00e4mpliga. Du \u00e4r ett stort fan av Orlando City SC, och n\u00e4r de \u00e4r p\u00e5 planen \u00e4r du p\u00e5slagen. Se till att du \u00e4r ordentligt utrustad genom att ta tag i denna 2021 Thick N Thin anpassade tr\u00f6ja! Det \u00e4r sp\u00e4nnande att vara ett troget Orlando City SC-fan, och du kommer att vara den st\u00f6rsta i denna adidas-tr\u00f6ja med skarp laggrafik och innovativ teknik f\u00f6r att heja fram ditt lag till en vinst.<\/p>","protected":false},"excerpt":{"rendered":"<p>Das Orlando City 2021 Heimtrikot weist einen Farbverlauf auf, der zwei Lilat\u00f6ne kombiniert \u2013 es ist oben dunkler und im unteren Teil heller und ges\u00e4ttigter. In Bezug auf das Template hat das Orlando City 2021 Trikot den gleichen Kragen wie das Portland Timbers Heimtrikot. Wir m\u00f6chten, dass Fans ihr Fandom feiern, indem sie bestimmte Produkte [&hellip;]<\/p>","protected":false},"featured_media":3925,"comment_status":"open","ping_status":"closed","template":"","meta":[],"product_brand":[],"product_cat":[179],"product_tag":[20,21,22,23,24,180,181],"class_list":{"0":"post-3884","1":"product","2":"type-product","3":"status-publish","4":"has-post-thumbnail","6":"product_cat-orlando-city-sc","7":"product_tag-coole-fussballtrikots","8":"product_tag-fussballtrikot-fuer-herren","9":"product_tag-fussballtrikot-guenstig-kaufen","10":"product_tag-fussballtrikot-kurzarm","11":"product_tag-guenstiges-fussballtrikot","12":"product_tag-orlando-city-heimtrikot","13":"product_tag-orlando-city-trikots","15":"first","16":"instock","17":"shipping-taxable","18":"purchasable","19":"product-type-variable"},"_links":{"self":[{"href":"https:\/\/www.billigtrikotde.com\/sv\/wp-json\/wp\/v2\/product\/3884","targetHints":{"allow":["GET"]}}],"collection":[{"href":"https:\/\/www.billigtrikotde.com\/sv\/wp-json\/wp\/v2\/product"}],"about":[{"href":"https:\/\/www.billigtrikotde.com\/sv\/wp-json\/wp\/v2\/types\/product"}],"replies":[{"embeddable":true,"href":"https:\/\/www.billigtrikotde.com\/sv\/wp-json\/wp\/v2\/comments?post=3884"}],"wp:featuredmedia":[{"embeddable":true,"href":"https:\/\/www.billigtrikotde.com\/sv\/wp-json\/wp\/v2\/media\/3925"}],"wp:attachment":[{"href":"https:\/\/www.billigtrikotde.com\/sv\/wp-json\/wp\/v2\/media?parent=3884"}],"wp:term":[{"taxonomy":"product_brand","embeddable":true,"href":"https:\/\/www.billigtrikotde.com\/sv\/wp-json\/wp\/v2\/product_brand?post=3884"},{"taxonomy":"product_cat","embeddable":true,"href":"https:\/\/www.billigtrikotde.com\/sv\/wp-json\/wp\/v2\/product_cat?post=3884"},{"taxonomy":"product_tag","embeddable":true,"href":"https:\/\/www.billigtrikotde.com\/sv\/wp-json\/wp\/v2\/product_tag?post=3884"}],"curies":[{"name":"wp","href":"https:\/\/api.w.org\/{rel}","templated":true}]}}