{"id":3880,"date":"2024-10-23T15:23:14","date_gmt":"2024-10-23T13:23:14","guid":{"rendered":"http:\/\/billigtrikots.com\/?post_type=product&#038;p=3880"},"modified":"2024-10-23T15:25:28","modified_gmt":"2024-10-23T13:25:28","slug":"orlando-city-sc-dwyer-14-purple-2021-thick-n-thin-player-jersey","status":"publish","type":"product","link":"https:\/\/www.billigtrikotde.com\/sv\/orlando-city-sc-dwyer-14-purple-2021-thick-n-thin-player-jersey\/","title":{"rendered":"Orlando City SC DWYER 14 Purple 2021 Thick N Thin Spelaretr\u00f6ja"},"content":{"rendered":"<p>Du \u00e4r ett stort Orlando City SC-fan och n\u00e4r de \u00e4r p\u00e5 planen \u00e4r du inst\u00e4lld p\u00e5 det. Se till att du \u00e4r ordentligt utrustad genom att ta tag i denna Nani 2021 Thick N Thin Player Jersey! Det \u00e4r sp\u00e4nnande att vara ett troget Orlando City SC-fan och du kommer vara den st\u00f6rsta i denna adidas-tr\u00f6ja med skarp laggrafik och innovativ teknik f\u00f6r att heja fram ditt lag till en vinst.<\/p>\n<p>Vi vill att fansen ska kunna fira sin fandom genom att anpassa och personifiera vissa produkter. F\u00f6r dessa anpassningsbara produkter, inklusive tr\u00f6jor, ber vi kunderna att meddela oss hur de vill att deras \u00f6nskade namn eller annan text ska visas genom att skriva in denna text i det angivna f\u00e4ltet. Men bara f\u00f6r att en kund kan ange f\u00f6reslagen anpassningstext i rutan och slutf\u00f6ra best\u00e4llningen via webbplatsen, kommer inte all f\u00f6reslagen anpassningstext att accepteras. Observera att Fanatics kan avvisa och avbryta en anpassad best\u00e4llning av vilken anledning som helst, inklusive meddelanden som anses vara st\u00f6tande eller ol\u00e4mpliga. Du \u00e4r ett stort fan av Orlando City SC, och n\u00e4r de \u00e4r p\u00e5 planen \u00e4r du p\u00e5slagen. Se till att du \u00e4r ordentligt utrustad genom att ta tag i denna 2021 Thick N Thin anpassade tr\u00f6ja! Det \u00e4r sp\u00e4nnande att vara ett troget Orlando City SC-fan, och du kommer att vara den st\u00f6rsta i denna adidas-tr\u00f6ja med skarp laggrafik och innovativ teknik f\u00f6r att heja fram ditt lag till en vinst.<\/p>","protected":false},"excerpt":{"rendered":"<p>Sie sind ein gro\u00dfer Orlando City SC-Fan, und wann immer sie auf dem Spielfeld sind, sind Sie eingestimmt. Stellen Sie sicher, dass Sie richtig ausgestattet sind, indem Sie sich dieses Nani 2021 Thick N Thin Player Jersey schnappen! Es ist aufregend, ein \u00fcberzeugter Orlando City SC-Fan zu sein, und in diesem adidas-Trikot mit gestochen scharfen [&hellip;]<\/p>","protected":false},"featured_media":3915,"comment_status":"open","ping_status":"closed","template":"","meta":[],"product_brand":[],"product_cat":[179],"product_tag":[20,21,22,23,24,180,181],"class_list":{"0":"post-3880","1":"product","2":"type-product","3":"status-publish","4":"has-post-thumbnail","6":"product_cat-orlando-city-sc","7":"product_tag-coole-fussballtrikots","8":"product_tag-fussballtrikot-fuer-herren","9":"product_tag-fussballtrikot-guenstig-kaufen","10":"product_tag-fussballtrikot-kurzarm","11":"product_tag-guenstiges-fussballtrikot","12":"product_tag-orlando-city-heimtrikot","13":"product_tag-orlando-city-trikots","15":"first","16":"instock","17":"shipping-taxable","18":"purchasable","19":"product-type-variable"},"_links":{"self":[{"href":"https:\/\/www.billigtrikotde.com\/sv\/wp-json\/wp\/v2\/product\/3880","targetHints":{"allow":["GET"]}}],"collection":[{"href":"https:\/\/www.billigtrikotde.com\/sv\/wp-json\/wp\/v2\/product"}],"about":[{"href":"https:\/\/www.billigtrikotde.com\/sv\/wp-json\/wp\/v2\/types\/product"}],"replies":[{"embeddable":true,"href":"https:\/\/www.billigtrikotde.com\/sv\/wp-json\/wp\/v2\/comments?post=3880"}],"wp:featuredmedia":[{"embeddable":true,"href":"https:\/\/www.billigtrikotde.com\/sv\/wp-json\/wp\/v2\/media\/3915"}],"wp:attachment":[{"href":"https:\/\/www.billigtrikotde.com\/sv\/wp-json\/wp\/v2\/media?parent=3880"}],"wp:term":[{"taxonomy":"product_brand","embeddable":true,"href":"https:\/\/www.billigtrikotde.com\/sv\/wp-json\/wp\/v2\/product_brand?post=3880"},{"taxonomy":"product_cat","embeddable":true,"href":"https:\/\/www.billigtrikotde.com\/sv\/wp-json\/wp\/v2\/product_cat?post=3880"},{"taxonomy":"product_tag","embeddable":true,"href":"https:\/\/www.billigtrikotde.com\/sv\/wp-json\/wp\/v2\/product_tag?post=3880"}],"curies":[{"name":"wp","href":"https:\/\/api.w.org\/{rel}","templated":true}]}}