{"id":3863,"date":"2024-10-23T15:22:15","date_gmt":"2024-10-23T13:22:15","guid":{"rendered":"http:\/\/billigtrikots.com\/?post_type=product&#038;p=3863"},"modified":"2024-10-23T15:24:53","modified_gmt":"2024-10-23T13:24:53","slug":"orlando-city-sc-ruan-2-purple-2021-thick-n-thin-player-jersey","status":"publish","type":"product","link":"https:\/\/www.billigtrikotde.com\/sv\/orlando-city-sc-ruan-2-purple-2021-thick-n-thin-player-jersey\/","title":{"rendered":"Orlando City SC RUAN 2 Purple 2021 Thick N Thin Spelaretr\u00f6ja"},"content":{"rendered":"<p>Du \u00e4r ett stort Orlando City SC-fan och n\u00e4r de \u00e4r p\u00e5 planen \u00e4r du inst\u00e4lld p\u00e5 det. Se till att du \u00e4r ordentligt utrustad genom att ta tag i denna Nani 2021 Thick N Thin Player Jersey! Det \u00e4r sp\u00e4nnande att vara ett h\u00e4ngivet Orlando City SC-fan och du kommer att vara den st\u00f6rsta i denna adidas-tr\u00f6ja, med skarp laggrafik och innovativ teknik som h\u00e5ller dig bekv\u00e4m n\u00e4r du hejar fram ditt lag till en seger.<\/p>\n<p>Vi vill att fansen ska kunna fira sin fandom genom att anpassa och personifiera vissa produkter. F\u00f6r dessa anpassningsbara produkter, inklusive tr\u00f6jor, uppmanar vi kunderna att ber\u00e4tta f\u00f6r oss hur de vill att deras \u00f6nskade namn eller annan text ska visas genom att skriva in den texten i det angivna f\u00e4ltet. Men bara f\u00f6r att en kund kan skriva in f\u00f6reslagen anpassningstext i f\u00e4ltet och kan slutf\u00f6ra best\u00e4llningen via webbplatsen, kommer inte all f\u00f6reslagen anpassningstext att accepteras. Observera att Fanatics kan avvisa och avbryta alla anpassningsorder av n\u00e5gon anledning, inklusive f\u00f6r meddelanden som anses vara st\u00f6tande eller ol\u00e4mpliga.Du \u00e4r ett stort Orlando City SC-fan, och n\u00e4r de \u00e4r p\u00e5 planen \u00e4r du inst\u00e4lld p\u00e5 det. Se till att du \u00e4r ordentligt utrustad genom att ta tag i denna 2021 Thick N Thin Custom Jersey! Det \u00e4r sp\u00e4nnande att vara ett h\u00e4ngivet Orlando City SC-fan och du kommer att vara den st\u00f6rsta i den h\u00e4r adidas-tr\u00f6jan, med skarp laggrafik med innovativ teknik som h\u00e5ller dig bekv\u00e4m n\u00e4r du hejar ditt lag till en seger.<\/p>","protected":false},"excerpt":{"rendered":"<p>You\u2019re a huge Orlando City SC fan, and whenever they\u2019re on the pitch, you\u2019re tuned in. Be sure you\u2019re outfitted properly by grabbing this Nani 2021 Thick N Thin Player Jersey! It\u2019s exciting being a devout Orlando City SC fan and you\u2019ll be the biggest one around in this adidas jersey, featuring crisp team graphics [&hellip;]<\/p>","protected":false},"featured_media":3903,"comment_status":"open","ping_status":"closed","template":"","meta":[],"product_brand":[],"product_cat":[179],"product_tag":[20,21,22,23,24,180,181],"class_list":{"0":"post-3863","1":"product","2":"type-product","3":"status-publish","4":"has-post-thumbnail","6":"product_cat-orlando-city-sc","7":"product_tag-coole-fussballtrikots","8":"product_tag-fussballtrikot-fuer-herren","9":"product_tag-fussballtrikot-guenstig-kaufen","10":"product_tag-fussballtrikot-kurzarm","11":"product_tag-guenstiges-fussballtrikot","12":"product_tag-orlando-city-heimtrikot","13":"product_tag-orlando-city-trikots","15":"first","16":"instock","17":"shipping-taxable","18":"purchasable","19":"product-type-variable"},"_links":{"self":[{"href":"https:\/\/www.billigtrikotde.com\/sv\/wp-json\/wp\/v2\/product\/3863","targetHints":{"allow":["GET"]}}],"collection":[{"href":"https:\/\/www.billigtrikotde.com\/sv\/wp-json\/wp\/v2\/product"}],"about":[{"href":"https:\/\/www.billigtrikotde.com\/sv\/wp-json\/wp\/v2\/types\/product"}],"replies":[{"embeddable":true,"href":"https:\/\/www.billigtrikotde.com\/sv\/wp-json\/wp\/v2\/comments?post=3863"}],"wp:featuredmedia":[{"embeddable":true,"href":"https:\/\/www.billigtrikotde.com\/sv\/wp-json\/wp\/v2\/media\/3903"}],"wp:attachment":[{"href":"https:\/\/www.billigtrikotde.com\/sv\/wp-json\/wp\/v2\/media?parent=3863"}],"wp:term":[{"taxonomy":"product_brand","embeddable":true,"href":"https:\/\/www.billigtrikotde.com\/sv\/wp-json\/wp\/v2\/product_brand?post=3863"},{"taxonomy":"product_cat","embeddable":true,"href":"https:\/\/www.billigtrikotde.com\/sv\/wp-json\/wp\/v2\/product_cat?post=3863"},{"taxonomy":"product_tag","embeddable":true,"href":"https:\/\/www.billigtrikotde.com\/sv\/wp-json\/wp\/v2\/product_tag?post=3863"}],"curies":[{"name":"wp","href":"https:\/\/api.w.org\/{rel}","templated":true}]}}