{"id":3851,"date":"2024-10-23T15:21:40","date_gmt":"2024-10-23T13:21:40","guid":{"rendered":"http:\/\/billigtrikots.com\/?post_type=product&#038;p=3851"},"modified":"2024-10-23T15:24:18","modified_gmt":"2024-10-23T13:24:18","slug":"trikotsatz-kurzarm-tottenham-hotspur-heimtrikot-2021-22-weiss-mit-aufdruck-lukaks-27","status":"publish","type":"product","link":"https:\/\/www.billigtrikotde.com\/sv\/trikotsatz-kurzarm-tottenham-hotspur-heimtrikot-2021-22-weiss-mit-aufdruck-lukaks-27\/","title":{"rendered":"Kort\u00e4rmad Tottenham Hotspur hemmamatch 2021\/22 vit med tryck LUKAKS 27"},"content":{"rendered":"<p>Nike-tr\u00f6jan i vitt g\u00f6r att du kan b\u00e4ra din favoritklubbs f\u00e4rger och visa alla vad ditt hj\u00e4rta klappar f\u00f6r. Ett m\u00e5ste f\u00f6r \u00e4kta Tottenham Hotspur-fans: hemmatr\u00f6jan i originaldesign som spelarna i Premier League b\u00e4r. Den andas, \u00e4r bekv\u00e4m och har l\u00e5g vikt. Sporttoppens fantastiska utseende understryks av klubbm\u00e4rket p\u00e5 br\u00f6stet. Den h\u00e4r sporttoppen \u00e4r skapad f\u00f6r att ta din prestation till n\u00e4sta niv\u00e5.<\/p>\n<p>Tips f\u00f6r utskrift: Om namn och nummer p\u00e5 bilden \u00e4r exakt vad du vill ha, beh\u00f6ver du inte ange dem igen. Om inte, ska du ange \u00f6nskat namn och nummer.<\/p>\n<p>Tips f\u00f6r tv\u00e4tt: Det \u00e4r rekommenderat att tv\u00e4tta fotbollstr\u00f6jor f\u00f6r hand. Om du vill anv\u00e4nda tv\u00e4ttmaskinen ska du komma ih\u00e5g att v\u00e4nda fotbollstr\u00f6jorna ut och in och sedan tv\u00e4tta dem. Fyll maskinen med kallt vatten och anv\u00e4nd ett skonsamt program f\u00f6r att b\u00e4ttre skydda f\u00e4rgerna.<\/p>","protected":false},"excerpt":{"rendered":"<p>Das Trikot von Nike in Wei\u00df l\u00e4sst dich die Farben deines Lieblingsclubs tragen und allen zeigen, wof\u00fcr dein Herz schl\u00e4gt. F\u00fcr wahre Tottenham Hotspur-Fans ein Muss: das Heim-Trikot im Originaldesign, wie es die Spieler in der Premier League tragen. Es ist atmungsaktiv, bequem und leicht. Untermalt wird die tolle Optik des Sporttops durch das Vereinswappen [&hellip;]<\/p>","protected":false},"featured_media":3890,"comment_status":"open","ping_status":"closed","template":"","meta":[],"product_brand":[],"product_cat":[178],"product_tag":[20,21,22,23,24,106,104],"class_list":{"0":"post-3851","1":"product","2":"type-product","3":"status-publish","4":"has-post-thumbnail","6":"product_cat-tottenham-hotspur","7":"product_tag-coole-fussballtrikots","8":"product_tag-fussballtrikot-fuer-herren","9":"product_tag-fussballtrikot-guenstig-kaufen","10":"product_tag-fussballtrikot-kurzarm","11":"product_tag-guenstiges-fussballtrikot","12":"product_tag-tottenham-hotspur-heimtrikot","13":"product_tag-tottenham-hotspur-trikots","15":"first","16":"instock","17":"shipping-taxable","18":"purchasable","19":"product-type-variable"},"_links":{"self":[{"href":"https:\/\/www.billigtrikotde.com\/sv\/wp-json\/wp\/v2\/product\/3851","targetHints":{"allow":["GET"]}}],"collection":[{"href":"https:\/\/www.billigtrikotde.com\/sv\/wp-json\/wp\/v2\/product"}],"about":[{"href":"https:\/\/www.billigtrikotde.com\/sv\/wp-json\/wp\/v2\/types\/product"}],"replies":[{"embeddable":true,"href":"https:\/\/www.billigtrikotde.com\/sv\/wp-json\/wp\/v2\/comments?post=3851"}],"wp:featuredmedia":[{"embeddable":true,"href":"https:\/\/www.billigtrikotde.com\/sv\/wp-json\/wp\/v2\/media\/3890"}],"wp:attachment":[{"href":"https:\/\/www.billigtrikotde.com\/sv\/wp-json\/wp\/v2\/media?parent=3851"}],"wp:term":[{"taxonomy":"product_brand","embeddable":true,"href":"https:\/\/www.billigtrikotde.com\/sv\/wp-json\/wp\/v2\/product_brand?post=3851"},{"taxonomy":"product_cat","embeddable":true,"href":"https:\/\/www.billigtrikotde.com\/sv\/wp-json\/wp\/v2\/product_cat?post=3851"},{"taxonomy":"product_tag","embeddable":true,"href":"https:\/\/www.billigtrikotde.com\/sv\/wp-json\/wp\/v2\/product_tag?post=3851"}],"curies":[{"name":"wp","href":"https:\/\/api.w.org\/{rel}","templated":true}]}}