{"id":3706,"date":"2024-10-23T15:14:57","date_gmt":"2024-10-23T13:14:57","guid":{"rendered":"http:\/\/billigtrikots.com\/?post_type=product&#038;p=3706"},"modified":"2024-10-23T15:17:02","modified_gmt":"2024-10-23T13:17:02","slug":"personalisierbar-fc-liverpool-ausweichtrikot-2021-22-gelb-rot-mit-aufdruck-a-becker-1","status":"publish","type":"product","link":"https:\/\/www.billigtrikotde.com\/sv\/personalisierbar-fc-liverpool-ausweichtrikot-2021-22-gelb-rot-mit-aufdruck-a-becker-1\/","title":{"rendered":"Liverpool FC bortast\u00e4ll 2021\/22 gul-r\u00f6d med tryck A.BECKER 1"},"content":{"rendered":"<p>Representera ditt lag i Liverpools bortatr\u00f6ja. Materialet med h\u00f6g andningsf\u00f6rm\u00e5ga leder bort svett fr\u00e5n huden och h\u00e5ller dig sval och bekv\u00e4m oavsett om du \u00e4r p\u00e5 planen eller p\u00e5 l\u00e4ktaren.<\/p>\n<p>Torr komfort vid anv\u00e4ndning<\/p>\n<p>Nike Dri-FIT-teknik leder bort svett fr\u00e5n huden, s\u00e5 att den avdunstar snabbt och h\u00e5ller dig torr och bekv\u00e4m.<\/p>\n<p>Sval b\u00e4rkomfort<\/p>\n<p>Nike Breathe-materialet \u00e4r s\u00e4rskilt andningsbart och h\u00e5ller dig sval.<\/p>\n<p>Tips f\u00f6r utskrift: Om namn och nummer p\u00e5 bilden \u00e4r exakt vad du vill ha, beh\u00f6ver du inte ange dem igen. Om inte, ska du ange \u00f6nskat namn och nummer.<\/p>\n<p>Tips f\u00f6r tv\u00e4tt: Det \u00e4r rekommenderat att tv\u00e4tta fotbollstr\u00f6jor f\u00f6r hand. Om du vill anv\u00e4nda tv\u00e4ttmaskinen ska du komma ih\u00e5g att v\u00e4nda fotbollstr\u00f6jorna ut och in och sedan tv\u00e4tta dem. Fyll maskinen med kallt vatten och anv\u00e4nd ett skonsamt program f\u00f6r att b\u00e4ttre skydda f\u00e4rgerna.<\/p>","protected":false},"excerpt":{"rendered":"<p>Representera ditt lag i Liverpools reservtr\u00f6ja. Det mycket andningsaktiva materialet leder svett bort fr\u00e5n huden och ger d\u00e4rf\u00f6r svalt b\u00e4rkomfort \u2013 oavsett om du \u00e4r p\u00e5 planen eller p\u00e5 l\u00e4ktaren. Torr b\u00e4rkomfort Nike Dri-FIT-teknologin leder svett bort fr\u00e5n huden vilket g\u00f6r att den avdunstas snabbt och ger torr b\u00e4rkomfort. Kylare b\u00e4rkomfort Det [\u2026]<\/p>","protected":false},"featured_media":3745,"comment_status":"open","ping_status":"closed","template":"","meta":[],"product_brand":[],"product_cat":[176],"product_tag":[20,21,22,23,24,177,153],"class_list":{"0":"post-3706","1":"product","2":"type-product","3":"status-publish","4":"has-post-thumbnail","6":"product_cat-liverpool-fc","7":"product_tag-coole-fussballtrikots","8":"product_tag-fussballtrikot-fuer-herren","9":"product_tag-fussballtrikot-guenstig-kaufen","10":"product_tag-fussballtrikot-kurzarm","11":"product_tag-guenstiges-fussballtrikot","12":"product_tag-liverpool-ausweichtrikot","13":"product_tag-liverpool-trikots","15":"first","16":"instock","17":"shipping-taxable","18":"purchasable","19":"product-type-variable"},"_links":{"self":[{"href":"https:\/\/www.billigtrikotde.com\/sv\/wp-json\/wp\/v2\/product\/3706","targetHints":{"allow":["GET"]}}],"collection":[{"href":"https:\/\/www.billigtrikotde.com\/sv\/wp-json\/wp\/v2\/product"}],"about":[{"href":"https:\/\/www.billigtrikotde.com\/sv\/wp-json\/wp\/v2\/types\/product"}],"replies":[{"embeddable":true,"href":"https:\/\/www.billigtrikotde.com\/sv\/wp-json\/wp\/v2\/comments?post=3706"}],"wp:featuredmedia":[{"embeddable":true,"href":"https:\/\/www.billigtrikotde.com\/sv\/wp-json\/wp\/v2\/media\/3745"}],"wp:attachment":[{"href":"https:\/\/www.billigtrikotde.com\/sv\/wp-json\/wp\/v2\/media?parent=3706"}],"wp:term":[{"taxonomy":"product_brand","embeddable":true,"href":"https:\/\/www.billigtrikotde.com\/sv\/wp-json\/wp\/v2\/product_brand?post=3706"},{"taxonomy":"product_cat","embeddable":true,"href":"https:\/\/www.billigtrikotde.com\/sv\/wp-json\/wp\/v2\/product_cat?post=3706"},{"taxonomy":"product_tag","embeddable":true,"href":"https:\/\/www.billigtrikotde.com\/sv\/wp-json\/wp\/v2\/product_tag?post=3706"}],"curies":[{"name":"wp","href":"https:\/\/api.w.org\/{rel}","templated":true}]}}