{"id":3653,"date":"2024-10-23T15:12:40","date_gmt":"2024-10-23T13:12:40","guid":{"rendered":"http:\/\/billigtrikots.com\/?post_type=product&#038;p=3653"},"modified":"2024-10-23T15:14:48","modified_gmt":"2024-10-23T13:14:48","slug":"fc-liverpool-2021-2022-orange-goalkeeper-shirt-shorts-with-a-becker-1-printing","status":"publish","type":"product","link":"https:\/\/www.billigtrikotde.com\/sv\/fc-liverpool-2021-2022-orange-goalkeeper-shirt-shorts-with-a-becker-1-printing\/","title":{"rendered":"Liverpool FC 2021\/2022 Orange m\u00e5lvaktstr\u00f6ja + shorts med A.BECKER 1 tryck"},"content":{"rendered":"<p>F\u00f6r riktiga FC Liverpool-fans ett m\u00e5ste: sporttr\u00f6jan i originaldesign. Vi rekommenderar denna l\u00e4tta, superbekv\u00e4ma, andningsbara och svettavledande modell med en behaglig b\u00e4rkomfort. Den utm\u00e4rker sig visuellt med en klubbemblem p\u00e5 br\u00f6stet. Med denna tr\u00f6ja \u00e4r du perfekt rustad f\u00f6r varje tr\u00e4ning och match. L\u00e5t denna orange sporttop med rutm\u00f6nster bli din trogna f\u00f6ljeslagare.<\/p>\n<p>Tips f\u00f6r utskrift: Om namn och nummer p\u00e5 bilden \u00e4r exakt vad du vill ha, beh\u00f6ver du inte ange dem igen. Om inte, ska du ange \u00f6nskat namn och nummer.<\/p>\n<p>Tips f\u00f6r tv\u00e4tt: Det \u00e4r rekommenderat att tv\u00e4tta fotbollstr\u00f6jor f\u00f6r hand. Om du vill anv\u00e4nda tv\u00e4ttmaskinen ska du komma ih\u00e5g att v\u00e4nda fotbollstr\u00f6jorna ut och in och sedan tv\u00e4tta dem. Fyll maskinen med kallt vatten och anv\u00e4nd ett skonsamt program f\u00f6r att b\u00e4ttre skydda f\u00e4rgerna.<\/p>","protected":false},"excerpt":{"rendered":"<p>F\u00f6r riktiga FC Liverpool-fans ett m\u00e5ste: sporttr\u00f6jan i originaldesign. Vi rekommenderar denna l\u00e4tta, superbekv\u00e4ma, andningsbara och svettavledande modell med en behaglig b\u00e4rkomfort. Den utm\u00e4rker sig visuellt med en klubbemblem p\u00e5 br\u00f6stet. Med denna tr\u00f6ja \u00e4r du perfekt rustad f\u00f6r varje tr\u00e4ning och match. L\u00e5t denna orange sporttop med rutm\u00f6nster bli din trogna f\u00f6ljeslagare.<\/p>","protected":false},"featured_media":3696,"comment_status":"open","ping_status":"closed","template":"","meta":[],"product_brand":[],"product_cat":[176],"product_tag":[20,35,21,23,24,155],"class_list":{"0":"post-3653","1":"product","2":"type-product","3":"status-publish","4":"has-post-thumbnail","6":"product_cat-liverpool-fc","7":"product_tag-coole-fussballtrikots","8":"product_tag-fussball-torwarttrikots","9":"product_tag-fussballtrikot-fuer-herren","10":"product_tag-fussballtrikot-kurzarm","11":"product_tag-guenstiges-fussballtrikot","12":"product_tag-liverpool-torwarttrikot","14":"first","15":"instock","16":"shipping-taxable","17":"purchasable","18":"product-type-variable"},"_links":{"self":[{"href":"https:\/\/www.billigtrikotde.com\/sv\/wp-json\/wp\/v2\/product\/3653","targetHints":{"allow":["GET"]}}],"collection":[{"href":"https:\/\/www.billigtrikotde.com\/sv\/wp-json\/wp\/v2\/product"}],"about":[{"href":"https:\/\/www.billigtrikotde.com\/sv\/wp-json\/wp\/v2\/types\/product"}],"replies":[{"embeddable":true,"href":"https:\/\/www.billigtrikotde.com\/sv\/wp-json\/wp\/v2\/comments?post=3653"}],"wp:featuredmedia":[{"embeddable":true,"href":"https:\/\/www.billigtrikotde.com\/sv\/wp-json\/wp\/v2\/media\/3696"}],"wp:attachment":[{"href":"https:\/\/www.billigtrikotde.com\/sv\/wp-json\/wp\/v2\/media?parent=3653"}],"wp:term":[{"taxonomy":"product_brand","embeddable":true,"href":"https:\/\/www.billigtrikotde.com\/sv\/wp-json\/wp\/v2\/product_brand?post=3653"},{"taxonomy":"product_cat","embeddable":true,"href":"https:\/\/www.billigtrikotde.com\/sv\/wp-json\/wp\/v2\/product_cat?post=3653"},{"taxonomy":"product_tag","embeddable":true,"href":"https:\/\/www.billigtrikotde.com\/sv\/wp-json\/wp\/v2\/product_tag?post=3653"}],"curies":[{"name":"wp","href":"https:\/\/api.w.org\/{rel}","templated":true}]}}