{"id":3629,"date":"2024-10-23T15:11:33","date_gmt":"2024-10-23T13:11:33","guid":{"rendered":"http:\/\/billigtrikots.com\/?post_type=product&#038;p=3629"},"modified":"2024-10-23T15:13:43","modified_gmt":"2024-10-23T13:13:43","slug":"fc-bayern-muenchen-3rd-herren-trikot-21-22-ausweichtrikot-weiss-mit-aufdruck-nianzou-23","status":"publish","type":"product","link":"https:\/\/www.billigtrikotde.com\/sv\/fc-bayern-muenchen-3rd-herren-trikot-21-22-ausweichtrikot-weiss-mit-aufdruck-nianzou-23\/","title":{"rendered":"FC Bayern M\u00fcnchen 3:e herrtr\u00f6ja 21\/22 bortaset vit med tryck Nianzou 23"},"content":{"rendered":"<p>Fr\u00e5n M\u00fcnchen \u00e4r bergen inte l\u00e5ngt borta. Inte konstigt att adidas FC Bayern M\u00fcnchen reservutrustning \u00e4r inspirerad av Alperna. Fantr\u00f6jan kommer med fuktabsorberande AEROREADY-teknik f\u00f6r en bekv\u00e4m k\u00e4nsla n\u00e4r du b\u00e4r den. Naturligtvis f\u00e5r inte \"Mia san mia\"-texten i nackomr\u00e5det saknas.<\/p>\n<p>Tips f\u00f6r utskrift: Om namn och nummer p\u00e5 bilden \u00e4r exakt vad du vill ha, beh\u00f6ver du inte ange dem igen. Om inte, ska du ange \u00f6nskat namn och nummer.<\/p>\n<p>Tips f\u00f6r tv\u00e4tt: Det \u00e4r rekommenderat att tv\u00e4tta fotbollstr\u00f6jor f\u00f6r hand. Om du vill anv\u00e4nda tv\u00e4ttmaskinen ska du komma ih\u00e5g att v\u00e4nda fotbollstr\u00f6jorna ut och in och sedan tv\u00e4tta dem. Fyll maskinen med kallt vatten och anv\u00e4nd ett skonsamt program f\u00f6r att b\u00e4ttre skydda f\u00e4rgerna.<\/p>","protected":false},"excerpt":{"rendered":"<p>Fr\u00e5n M\u00fcnchen \u00e4r bergen inte l\u00e5ngt borta. Ingen \u00f6verraskning att adidas FC Bayern M\u00fcnchen reservutrustning \u00e4r inspirerad av Alperna. Fansens tr\u00f6ja kommer med fuktabsorberande AEROREADY-teknologi f\u00f6r en bekv\u00e4m k\u00e4nsla att b\u00e4ra. Naturligtvis f\u00e5r \u00e4ven texten \u201eMia san mia\u201c i nacken inte saknas. Tips f\u00f6r tryck: N\u00e4r namnet och numret p\u00e5 [\u2026]<\/p>","protected":false},"featured_media":3669,"comment_status":"open","ping_status":"closed","template":"","meta":[],"product_brand":[],"product_cat":[175],"product_tag":[139,137,20,21,22,23,24],"class_list":{"0":"post-3629","1":"product","2":"type-product","3":"status-publish","4":"has-post-thumbnail","6":"product_cat-bayern-munich","7":"product_tag-bayern-muenchen-ausweichtrikot","8":"product_tag-bayern-muenchen-trikots","9":"product_tag-coole-fussballtrikots","10":"product_tag-fussballtrikot-fuer-herren","11":"product_tag-fussballtrikot-guenstig-kaufen","12":"product_tag-fussballtrikot-kurzarm","13":"product_tag-guenstiges-fussballtrikot","15":"first","16":"instock","17":"shipping-taxable","18":"purchasable","19":"product-type-variable"},"_links":{"self":[{"href":"https:\/\/www.billigtrikotde.com\/sv\/wp-json\/wp\/v2\/product\/3629","targetHints":{"allow":["GET"]}}],"collection":[{"href":"https:\/\/www.billigtrikotde.com\/sv\/wp-json\/wp\/v2\/product"}],"about":[{"href":"https:\/\/www.billigtrikotde.com\/sv\/wp-json\/wp\/v2\/types\/product"}],"replies":[{"embeddable":true,"href":"https:\/\/www.billigtrikotde.com\/sv\/wp-json\/wp\/v2\/comments?post=3629"}],"wp:featuredmedia":[{"embeddable":true,"href":"https:\/\/www.billigtrikotde.com\/sv\/wp-json\/wp\/v2\/media\/3669"}],"wp:attachment":[{"href":"https:\/\/www.billigtrikotde.com\/sv\/wp-json\/wp\/v2\/media?parent=3629"}],"wp:term":[{"taxonomy":"product_brand","embeddable":true,"href":"https:\/\/www.billigtrikotde.com\/sv\/wp-json\/wp\/v2\/product_brand?post=3629"},{"taxonomy":"product_cat","embeddable":true,"href":"https:\/\/www.billigtrikotde.com\/sv\/wp-json\/wp\/v2\/product_cat?post=3629"},{"taxonomy":"product_tag","embeddable":true,"href":"https:\/\/www.billigtrikotde.com\/sv\/wp-json\/wp\/v2\/product_tag?post=3629"}],"curies":[{"name":"wp","href":"https:\/\/api.w.org\/{rel}","templated":true}]}}