{"id":3590,"date":"2024-10-23T15:09:51","date_gmt":"2024-10-23T13:09:51","guid":{"rendered":"http:\/\/billigtrikots.com\/?post_type=product&#038;p=3590"},"modified":"2024-10-23T15:11:59","modified_gmt":"2024-10-23T13:11:59","slug":"dfb-deutschland-herren-adipro-20-torwarttrikot-grau-mit-aufdruck-ter-stegen-22","status":"publish","type":"product","link":"https:\/\/www.billigtrikotde.com\/sv\/dfb-deutschland-herren-adipro-20-torwarttrikot-grau-mit-aufdruck-ter-stegen-22\/","title":{"rendered":"DFB Tyskland AdiPro 20 m\u00e5lvaktstr\u00f6ja f\u00f6r herrar Gr\u00e5 med tryck TER STEGEN 22"},"content":{"rendered":"<p>M\u00e5lvaktstr\u00f6jan AdiPro 20 f\u00f6r herrar imponerar med andningsaktiva teknologier och h\u00f6g slitstyrka. Det snabbtorkande funktionsmaterialet med ClimaLite-teknik ger obegr\u00e4nsad r\u00f6relsefrihet s\u00e5 att du kan koncentrera dig helt p\u00e5 bollen. De \u00e5tsittande \u00e4rmarna h\u00e5ller sig p\u00e5 plats n\u00e4r du n\u00e5r bollen. V-ringningen med smal uppst\u00e5ende krage och de typiska adidas 3-Stripes p\u00e5 axeln avrundar tr\u00f6jan perfekt.<\/p>\n<p>Tips f\u00f6r utskrift: Om namn och nummer p\u00e5 bilden \u00e4r exakt vad du vill ha, beh\u00f6ver du inte ange dem igen. Om inte, ska du ange \u00f6nskat namn och nummer.<\/p>\n<p>Tips f\u00f6r tv\u00e4tt: Det \u00e4r rekommenderat att tv\u00e4tta fotbollstr\u00f6jor f\u00f6r hand. Om du vill anv\u00e4nda tv\u00e4ttmaskinen ska du komma ih\u00e5g att v\u00e4nda fotbollstr\u00f6jorna ut och in och sedan tv\u00e4tta dem. Fyll maskinen med kallt vatten och anv\u00e4nd ett skonsamt program f\u00f6r att b\u00e4ttre skydda f\u00e4rgerna.<\/p>","protected":false},"excerpt":{"rendered":"<p>Das AdiPro 20 Torwarttrikot f\u00fcr Herren \u00fcberzeugt dich mit atmungsaktiven Technologien und hoher Strapazierf\u00e4higkeit. Das schnell trocknende Funktionsmaterial mit ClimaLite Technologie bietet uneingeschr\u00e4nkte Bewegungsfreiheit, damit du dich voll und ganz auf den Ball konzentrieren kannst. Die eng anliegenden \u00c4rmel bleiben beim Erreichen des Balls an Ort und Stelle. Der V-Ausschnitt mit schmalem Stehkragen sowie die [&hellip;]<\/p>","protected":false},"featured_media":3632,"comment_status":"open","ping_status":"closed","template":"","meta":[],"product_brand":[],"product_cat":[170],"product_tag":[20,171,172,21,22,23,24],"class_list":{"0":"post-3590","1":"product","2":"type-product","3":"status-publish","4":"has-post-thumbnail","6":"product_cat-deutschland-trikots","7":"product_tag-coole-fussballtrikots","8":"product_tag-deutschland-torwarttrikot","9":"product_tag-deutschland-trikots","10":"product_tag-fussballtrikot-fuer-herren","11":"product_tag-fussballtrikot-guenstig-kaufen","12":"product_tag-fussballtrikot-kurzarm","13":"product_tag-guenstiges-fussballtrikot","15":"first","16":"instock","17":"shipping-taxable","18":"purchasable","19":"product-type-variable"},"_links":{"self":[{"href":"https:\/\/www.billigtrikotde.com\/sv\/wp-json\/wp\/v2\/product\/3590","targetHints":{"allow":["GET"]}}],"collection":[{"href":"https:\/\/www.billigtrikotde.com\/sv\/wp-json\/wp\/v2\/product"}],"about":[{"href":"https:\/\/www.billigtrikotde.com\/sv\/wp-json\/wp\/v2\/types\/product"}],"replies":[{"embeddable":true,"href":"https:\/\/www.billigtrikotde.com\/sv\/wp-json\/wp\/v2\/comments?post=3590"}],"wp:featuredmedia":[{"embeddable":true,"href":"https:\/\/www.billigtrikotde.com\/sv\/wp-json\/wp\/v2\/media\/3632"}],"wp:attachment":[{"href":"https:\/\/www.billigtrikotde.com\/sv\/wp-json\/wp\/v2\/media?parent=3590"}],"wp:term":[{"taxonomy":"product_brand","embeddable":true,"href":"https:\/\/www.billigtrikotde.com\/sv\/wp-json\/wp\/v2\/product_brand?post=3590"},{"taxonomy":"product_cat","embeddable":true,"href":"https:\/\/www.billigtrikotde.com\/sv\/wp-json\/wp\/v2\/product_cat?post=3590"},{"taxonomy":"product_tag","embeddable":true,"href":"https:\/\/www.billigtrikotde.com\/sv\/wp-json\/wp\/v2\/product_tag?post=3590"}],"curies":[{"name":"wp","href":"https:\/\/api.w.org\/{rel}","templated":true}]}}