{"id":3557,"date":"2024-10-23T15:08:17","date_gmt":"2024-10-23T13:08:17","guid":{"rendered":"http:\/\/billigtrikots.com\/?post_type=product&#038;p=3557"},"modified":"2025-06-09T04:42:53","modified_gmt":"2025-06-09T02:42:53","slug":"fc-arsenal-heimtrikot-2021-2022-fuer-kinder-weiss-rot-mit-odegaard-8-aufdruck","status":"publish","type":"product","link":"https:\/\/www.billigtrikotde.com\/sv\/fc-arsenal-heimtrikot-2021-2022-fuer-kinder-weiss-rot-mit-odegaard-8-aufdruck\/","title":{"rendered":"FC Arsenal Hemtr\u00f6ja 2021\/2022 f\u00f6r barn vit\/r\u00f6d med \u00d8degaard 8 tryck"},"content":{"rendered":"<p>Arsenals nya hemmatr\u00f6ja fr\u00e5n adidas kommer i de typiska r\u00f6da och vita hemmaf\u00e4rgerna och \u00e4r utsmyckad med stolta lagdetaljer som den ursprungliga klubbloggan. Dessutom har adidas logotyp och sponsorvarum\u00e4rke lagts till f\u00f6r att g\u00f6ra tr\u00f6jan komplett.<\/p>\n<p>Den nya Arsenaltr\u00f6jan f\u00f6r barn \u00e4r tillverkad av fukttransporterande Aeroready-material och ger dig torr och sval komfort. Hemmatr\u00f6jan \u00e4r ocks\u00e5 tillverkad av 100% \u00e5tervunna polyesterfibrer (Primegreen), vilket inte bara g\u00f6r den formstabil och slitstark, utan ocks\u00e5 h\u00e5llbar! Den \u00e4r n\u00e5got bredare skuren \u00e4n spelartr\u00f6jan och ger d\u00e4rf\u00f6r en f\u00f6rstklassig passform och optimal r\u00f6relsefrihet i alla riktningar.<\/p>\n<p>Som ett riktigt fan m\u00e5ste du ha adidas FC Arsenal Kids Home Jersey 2021\/22! Skaffa den idag!<\/p>\n<p>Tips f\u00f6r utskrift: Om namn och nummer p\u00e5 bilden \u00e4r exakt vad du vill ha, beh\u00f6ver du inte ange dem igen. Om inte, ska du ange \u00f6nskat namn och nummer.<\/p>\n<p>Tips f\u00f6r tv\u00e4tt: Det \u00e4r rekommenderat att tv\u00e4tta fotbollstr\u00f6jor f\u00f6r hand. Om du vill anv\u00e4nda tv\u00e4ttmaskinen ska du komma ih\u00e5g att v\u00e4nda fotbollstr\u00f6jorna ut och in och sedan tv\u00e4tta dem. Fyll maskinen med kallt vatten och anv\u00e4nd ett skonsamt program f\u00f6r att b\u00e4ttre skydda f\u00e4rgerna.<\/p>","protected":false},"excerpt":{"rendered":"<p>Das neue Arsenal Heim Trikot von adidas kommt in typischer rot-wei\u00dfer Heimfarbe und ist mit stolzen Teamdetails, wie dem originalen Clublogo geschm\u00fcckt. Au\u00dferdem f\u00fcgen sich das adidas Logo, sowie Sponsorenbrandings passend ein und machen das Trikot komplett. Gefertigt aus feuchtigkeitsableitendem Aeroready Material, bietet dir das neue Arsenal Kinder Trikot einen trockenen, k\u00fchlen Tragekomfort. Zudem besteht [&hellip;]<\/p>","protected":false},"featured_media":3597,"comment_status":"open","ping_status":"closed","template":"","meta":[],"product_brand":[],"product_cat":[167],"product_tag":[20,56,57,168,94],"class_list":{"0":"post-3557","1":"product","2":"type-product","3":"status-publish","4":"has-post-thumbnail","6":"product_cat-arsenal-kindertrikot","7":"product_tag-coole-fussballtrikots","8":"product_tag-fc-arsenal-heimtrikot","9":"product_tag-fc-arsenal-trikots","10":"product_tag-fc-arsenal-trikotsatz-fuer-kinder","11":"product_tag-kinder-fussball-trikotsatz","13":"first","14":"instock","15":"shipping-taxable","16":"purchasable","17":"product-type-variable"},"_links":{"self":[{"href":"https:\/\/www.billigtrikotde.com\/sv\/wp-json\/wp\/v2\/product\/3557","targetHints":{"allow":["GET"]}}],"collection":[{"href":"https:\/\/www.billigtrikotde.com\/sv\/wp-json\/wp\/v2\/product"}],"about":[{"href":"https:\/\/www.billigtrikotde.com\/sv\/wp-json\/wp\/v2\/types\/product"}],"replies":[{"embeddable":true,"href":"https:\/\/www.billigtrikotde.com\/sv\/wp-json\/wp\/v2\/comments?post=3557"}],"wp:featuredmedia":[{"embeddable":true,"href":"https:\/\/www.billigtrikotde.com\/sv\/wp-json\/wp\/v2\/media\/3597"}],"wp:attachment":[{"href":"https:\/\/www.billigtrikotde.com\/sv\/wp-json\/wp\/v2\/media?parent=3557"}],"wp:term":[{"taxonomy":"product_brand","embeddable":true,"href":"https:\/\/www.billigtrikotde.com\/sv\/wp-json\/wp\/v2\/product_brand?post=3557"},{"taxonomy":"product_cat","embeddable":true,"href":"https:\/\/www.billigtrikotde.com\/sv\/wp-json\/wp\/v2\/product_cat?post=3557"},{"taxonomy":"product_tag","embeddable":true,"href":"https:\/\/www.billigtrikotde.com\/sv\/wp-json\/wp\/v2\/product_tag?post=3557"}],"curies":[{"name":"wp","href":"https:\/\/api.w.org\/{rel}","templated":true}]}}