{"id":3540,"date":"2024-10-23T15:07:39","date_gmt":"2024-10-23T13:07:39","guid":{"rendered":"http:\/\/billigtrikots.com\/?post_type=product&#038;p=3540"},"modified":"2024-10-23T15:09:44","modified_gmt":"2024-10-23T13:09:44","slug":"fc-arsenal-london-trikot-3rd-2021-2022-kids-blau-mit-iwobi-17-aufdruck","status":"publish","type":"product","link":"https:\/\/www.billigtrikotde.com\/sv\/fc-arsenal-london-trikot-3rd-2021-2022-kids-blau-mit-iwobi-17-aufdruck\/","title":{"rendered":"FC Arsenal London Tr\u00f6ja 3rd 2021\/2022 Barn bl\u00e5 med IWOBI 17 tryck"},"content":{"rendered":"<p>Med den superbekv\u00e4ma modellen i bl\u00e5tt visar \u00e4ven de yngsta fansen sin tillgivenhet till sin favoritklubb. Med barntr\u00f6jan fr\u00e5n Adidas kan man verkligen inte g\u00e5 fel. Visa din entusiasm \u2013 med denna FC Arsenal London-utt\u00e4cktr\u00f6ja ut\u00f6kar du din fan-samling med ett plagg i originaldesign, som spelarna b\u00e4r i Premier League. Vi rekommenderar denna andningsbara och superbekv\u00e4ma modell med behaglig komfort. Den blir till ett absolut hos en h\u00f6jdpunkt genom klubbemblemet p\u00e5 br\u00f6stet. Med denna sporttr\u00f6ja \u00e4r du utrustad f\u00f6r varje tr\u00e4ningspass.<\/p>\n<p>Tips f\u00f6r utskrift: Om namn och nummer p\u00e5 bilden \u00e4r exakt vad du vill ha, beh\u00f6ver du inte ange dem igen. Om inte, ska du ange \u00f6nskat namn och nummer.<\/p>\n<p>Tips f\u00f6r tv\u00e4tt: Det \u00e4r rekommenderat att tv\u00e4tta fotbollstr\u00f6jor f\u00f6r hand. Om du vill anv\u00e4nda tv\u00e4ttmaskinen ska du komma ih\u00e5g att v\u00e4nda fotbollstr\u00f6jorna ut och in och sedan tv\u00e4tta dem. Fyll maskinen med kallt vatten och anv\u00e4nd ett skonsamt program f\u00f6r att b\u00e4ttre skydda f\u00e4rgerna.<\/p>","protected":false},"excerpt":{"rendered":"<p>Mit dem super bequemen Modell in Blau zeigen auch die j\u00fcngsten Fans ihre Zuneigung zu ihrem Lieblingsverein. Mit dem Kinder-Shirt aus dem Hause adidas kann man wirklich nichts falsch machen. Zeige deine Begeisterung \u2013 mit diesem FC Arsenal London-Ausweich-Shirt erweiterst du deine Fan-Sammlung um ein Kleidungsst\u00fcck im Original-Design, wie es die Spieler in der Premier [&hellip;]<\/p>","protected":false},"featured_media":3583,"comment_status":"open","ping_status":"closed","template":"","meta":[],"product_brand":[],"product_cat":[167],"product_tag":[20,169,57,168,94],"class_list":{"0":"post-3540","1":"product","2":"type-product","3":"status-publish","4":"has-post-thumbnail","6":"product_cat-arsenal-kindertrikot","7":"product_tag-coole-fussballtrikots","8":"product_tag-fc-arsenal-ausweichtrikot","9":"product_tag-fc-arsenal-trikots","10":"product_tag-fc-arsenal-trikotsatz-fuer-kinder","11":"product_tag-kinder-fussball-trikotsatz","13":"first","14":"instock","15":"shipping-taxable","16":"purchasable","17":"product-type-variable"},"_links":{"self":[{"href":"https:\/\/www.billigtrikotde.com\/sv\/wp-json\/wp\/v2\/product\/3540","targetHints":{"allow":["GET"]}}],"collection":[{"href":"https:\/\/www.billigtrikotde.com\/sv\/wp-json\/wp\/v2\/product"}],"about":[{"href":"https:\/\/www.billigtrikotde.com\/sv\/wp-json\/wp\/v2\/types\/product"}],"replies":[{"embeddable":true,"href":"https:\/\/www.billigtrikotde.com\/sv\/wp-json\/wp\/v2\/comments?post=3540"}],"wp:featuredmedia":[{"embeddable":true,"href":"https:\/\/www.billigtrikotde.com\/sv\/wp-json\/wp\/v2\/media\/3583"}],"wp:attachment":[{"href":"https:\/\/www.billigtrikotde.com\/sv\/wp-json\/wp\/v2\/media?parent=3540"}],"wp:term":[{"taxonomy":"product_brand","embeddable":true,"href":"https:\/\/www.billigtrikotde.com\/sv\/wp-json\/wp\/v2\/product_brand?post=3540"},{"taxonomy":"product_cat","embeddable":true,"href":"https:\/\/www.billigtrikotde.com\/sv\/wp-json\/wp\/v2\/product_cat?post=3540"},{"taxonomy":"product_tag","embeddable":true,"href":"https:\/\/www.billigtrikotde.com\/sv\/wp-json\/wp\/v2\/product_tag?post=3540"}],"curies":[{"name":"wp","href":"https:\/\/api.w.org\/{rel}","templated":true}]}}