{"id":3538,"date":"2024-10-23T15:07:38","date_gmt":"2024-10-23T13:07:38","guid":{"rendered":"http:\/\/billigtrikots.com\/?post_type=product&#038;p=3538"},"modified":"2024-10-23T15:09:43","modified_gmt":"2024-10-23T13:09:43","slug":"fc-arsenal-london-trikot-3rd-2021-2022-kinder-blau-mit-aubameyang-14-aufdruck","status":"publish","type":"product","link":"https:\/\/www.billigtrikotde.com\/sv\/fc-arsenal-london-trikot-3rd-2021-2022-kinder-blau-mit-aubameyang-14-aufdruck\/","title":{"rendered":"FC Arsenal London Tr\u00f6ja 3rd 2021\/2022 Barn bl\u00e5 med AUBAMEYANG 14 tryck"},"content":{"rendered":"<p>Det andningsbara modellen i bl\u00e5tt l\u00e5ter \u00e4ven unga fans visa sitt tillh\u00f6righet till sitt favoritlag. Med barnens sporttop fr\u00e5n adidas kan man verkligen inte g\u00f6ra fel. I ingen fan-kollektion f\u00e5r denna FC Arsenal London-omv\u00e4xlingssporttop, som spelarna b\u00e4r i Premier League, saknas. Den bekv\u00e4ma och andningsbara modellen \u00f6vertygar helt och h\u00e5llet. Den utm\u00e4rker sig visuellt med ett klubbm\u00e4rke p\u00e5 br\u00f6stet. Denna tr\u00f6ja skapades f\u00f6r att h\u00f6ja din prestation till en ny niv\u00e5.<\/p>\n<p>Tips f\u00f6r utskrift: Om namn och nummer p\u00e5 bilden \u00e4r exakt vad du vill ha, beh\u00f6ver du inte ange dem igen. Om inte, ska du ange \u00f6nskat namn och nummer.<\/p>\n<p>Tips f\u00f6r tv\u00e4tt: Det \u00e4r rekommenderat att tv\u00e4tta fotbollstr\u00f6jor f\u00f6r hand. Om du vill anv\u00e4nda tv\u00e4ttmaskinen ska du komma ih\u00e5g att v\u00e4nda fotbollstr\u00f6jorna ut och in och sedan tv\u00e4tta dem. Fyll maskinen med kallt vatten och anv\u00e4nd ett skonsamt program f\u00f6r att b\u00e4ttre skydda f\u00e4rgerna.<\/p>","protected":false},"excerpt":{"rendered":"<p>Das atmungsaktive Modell in Blau l\u00e4sst auch junge Fans ihre Zugeh\u00f6rigkeit zum Lieblingsteam zeigen. Mit dem Kinder-Sporttop aus dem Hause adidas kann man wirklich nichts falsch machen. In keiner Fan-Kollektion darf dieses FC Arsenal London-Ausweich-Sporttop, wie es die Spieler in der Premier League tragen, fehlen. Das bequeme und atmungsaktive Modell \u00fcberzeugt auf ganzer Linie. Optisch [&hellip;]<\/p>","protected":false},"featured_media":3574,"comment_status":"open","ping_status":"closed","template":"","meta":[],"product_brand":[],"product_cat":[167],"product_tag":[20,169,57,168,94],"class_list":{"0":"post-3538","1":"product","2":"type-product","3":"status-publish","4":"has-post-thumbnail","6":"product_cat-arsenal-kindertrikot","7":"product_tag-coole-fussballtrikots","8":"product_tag-fc-arsenal-ausweichtrikot","9":"product_tag-fc-arsenal-trikots","10":"product_tag-fc-arsenal-trikotsatz-fuer-kinder","11":"product_tag-kinder-fussball-trikotsatz","13":"first","14":"instock","15":"shipping-taxable","16":"purchasable","17":"product-type-variable"},"_links":{"self":[{"href":"https:\/\/www.billigtrikotde.com\/sv\/wp-json\/wp\/v2\/product\/3538","targetHints":{"allow":["GET"]}}],"collection":[{"href":"https:\/\/www.billigtrikotde.com\/sv\/wp-json\/wp\/v2\/product"}],"about":[{"href":"https:\/\/www.billigtrikotde.com\/sv\/wp-json\/wp\/v2\/types\/product"}],"replies":[{"embeddable":true,"href":"https:\/\/www.billigtrikotde.com\/sv\/wp-json\/wp\/v2\/comments?post=3538"}],"wp:featuredmedia":[{"embeddable":true,"href":"https:\/\/www.billigtrikotde.com\/sv\/wp-json\/wp\/v2\/media\/3574"}],"wp:attachment":[{"href":"https:\/\/www.billigtrikotde.com\/sv\/wp-json\/wp\/v2\/media?parent=3538"}],"wp:term":[{"taxonomy":"product_brand","embeddable":true,"href":"https:\/\/www.billigtrikotde.com\/sv\/wp-json\/wp\/v2\/product_brand?post=3538"},{"taxonomy":"product_cat","embeddable":true,"href":"https:\/\/www.billigtrikotde.com\/sv\/wp-json\/wp\/v2\/product_cat?post=3538"},{"taxonomy":"product_tag","embeddable":true,"href":"https:\/\/www.billigtrikotde.com\/sv\/wp-json\/wp\/v2\/product_tag?post=3538"}],"curies":[{"name":"wp","href":"https:\/\/api.w.org\/{rel}","templated":true}]}}