{"id":3516,"date":"2024-10-23T15:06:28","date_gmt":"2024-10-23T13:06:28","guid":{"rendered":"http:\/\/billigtrikots.com\/?post_type=product&#038;p=3516"},"modified":"2024-10-23T15:08:39","modified_gmt":"2024-10-23T13:08:39","slug":"kinder-fussball-trikotsatz-arsenal-fc-auswaerts-2021-22-gelb-mit-aufdruck-willian-12","status":"publish","type":"product","link":"https:\/\/www.billigtrikotde.com\/sv\/kinder-fussball-trikotsatz-arsenal-fc-auswaerts-2021-22-gelb-mit-aufdruck-willian-12\/","title":{"rendered":"Barnfotbolls-tr\u00f6jset Arsenal FC Borta 2021\/22 Gul med tryck Willian 12"},"content":{"rendered":"<p>Fr\u00e5n dubbeltiteln 1971 till den legendariska ligatiteln 1989 \u2013 n\u00e5gra av FC Arsenals st\u00f6rsta framg\u00e5ngar togs hem i gult. Inget snack om saken, vi tar upp denna f\u00e4rg igen i borta-tr\u00f6jan i barnstorlek, inklusive v\u00e4vd kanongrafik f\u00f6r den perfekta retrof\u00f6reningsstilen. Det mjuka materialet och den fuktabsorberande AEROREADY-teknologin garanterar en behagligt torr k\u00e4nsla att b\u00e4ra. Denna produkt \u00e4r Primegreen: tillverkad med olika funktionella \u00e5tervinningsmaterial.<\/p>\n<p>Tips f\u00f6r utskrift: Om namn och nummer p\u00e5 bilden \u00e4r exakt vad du vill ha, beh\u00f6ver du inte ange dem igen. Om inte, ska du ange \u00f6nskat namn och nummer.<\/p>\n<p>Tips f\u00f6r tv\u00e4tt: Det \u00e4r rekommenderat att tv\u00e4tta fotbollstr\u00f6jor f\u00f6r hand. Om du vill anv\u00e4nda tv\u00e4ttmaskinen ska du komma ih\u00e5g att v\u00e4nda fotbollstr\u00f6jorna ut och in och sedan tv\u00e4tta dem. Fyll maskinen med kallt vatten och anv\u00e4nd ett skonsamt program f\u00f6r att b\u00e4ttre skydda f\u00e4rgerna.<\/p>","protected":false},"excerpt":{"rendered":"<p>Fr\u00e5n att ha vunnit dubbeln 1971 till den legendariska titeln 1989 \u2013 n\u00e5gra av de st\u00f6rsta framg\u00e5ngarna f\u00f6r FC Arsenal togs i gult. Ingen \u00f6verraskning att vi tar tillbaka denna f\u00e4rg i denna bortatr\u00f6ja i barnversion, inklusive v\u00e4vd kanongrafik f\u00f6r den perfekta retroklubbstilen. Det mjuka materialet och den fuktabsorberande [\u2026]<\/p>","protected":false},"featured_media":3558,"comment_status":"open","ping_status":"closed","template":"","meta":[],"product_brand":[],"product_cat":[167],"product_tag":[20,58,57,168,94],"class_list":{"0":"post-3516","1":"product","2":"type-product","3":"status-publish","4":"has-post-thumbnail","6":"product_cat-arsenal-kindertrikot","7":"product_tag-coole-fussballtrikots","8":"product_tag-fc-arsenal-auswaertstrikot","9":"product_tag-fc-arsenal-trikots","10":"product_tag-fc-arsenal-trikotsatz-fuer-kinder","11":"product_tag-kinder-fussball-trikotsatz","13":"first","14":"instock","15":"shipping-taxable","16":"purchasable","17":"product-type-variable"},"_links":{"self":[{"href":"https:\/\/www.billigtrikotde.com\/sv\/wp-json\/wp\/v2\/product\/3516","targetHints":{"allow":["GET"]}}],"collection":[{"href":"https:\/\/www.billigtrikotde.com\/sv\/wp-json\/wp\/v2\/product"}],"about":[{"href":"https:\/\/www.billigtrikotde.com\/sv\/wp-json\/wp\/v2\/types\/product"}],"replies":[{"embeddable":true,"href":"https:\/\/www.billigtrikotde.com\/sv\/wp-json\/wp\/v2\/comments?post=3516"}],"wp:featuredmedia":[{"embeddable":true,"href":"https:\/\/www.billigtrikotde.com\/sv\/wp-json\/wp\/v2\/media\/3558"}],"wp:attachment":[{"href":"https:\/\/www.billigtrikotde.com\/sv\/wp-json\/wp\/v2\/media?parent=3516"}],"wp:term":[{"taxonomy":"product_brand","embeddable":true,"href":"https:\/\/www.billigtrikotde.com\/sv\/wp-json\/wp\/v2\/product_brand?post=3516"},{"taxonomy":"product_cat","embeddable":true,"href":"https:\/\/www.billigtrikotde.com\/sv\/wp-json\/wp\/v2\/product_cat?post=3516"},{"taxonomy":"product_tag","embeddable":true,"href":"https:\/\/www.billigtrikotde.com\/sv\/wp-json\/wp\/v2\/product_tag?post=3516"}],"curies":[{"name":"wp","href":"https:\/\/api.w.org\/{rel}","templated":true}]}}