{"id":3505,"date":"2024-10-23T15:05:55","date_gmt":"2024-10-23T13:05:55","guid":{"rendered":"http:\/\/billigtrikots.com\/?post_type=product&#038;p=3505"},"modified":"2025-10-16T16:04:43","modified_gmt":"2025-10-16T14:04:43","slug":"personalisierbar-kinder-heimtrikot-real-madrid-home-trikot-weiss-blau-2021-22","status":"publish","type":"product","link":"https:\/\/www.billigtrikotde.com\/sv\/personalisierbar-kinder-heimtrikot-real-madrid-home-trikot-weiss-blau-2021-22\/","title":{"rendered":"Anpassningsbar hemmatr\u00f6ja f\u00f6r barn Real Madrid hemmatr\u00f6ja vitbl\u00e5 2021\/22"},"content":{"rendered":"<p>H\u00e4r kommer den helt nya och helt officiella adidas Real Madrid barns hemma-short 2021\/22 och med den autentiska looken av din favoritelf! I dessa shorts spelar dina stora idoler alla sina hemmamatcher \u2013 var alltid n\u00e4ra och s\u00e4kra dem direkt!<\/p>\n<p>I den nya Juniorhemshortsen av \u201dKungligarna\u201d visar du alltid din samh\u00f6righet och lojalitet till hela laget runt Bale, Benzema, Ramos och Co. Den b\u00e4r p\u00e5 h\u00f6ger l\u00e5r den ofelbara klubbemblemet och \u00e4r prydd med adidas 3-streks-design och adidas-logotyp. S\u00e5 syns redan vid f\u00f6rsta \u00f6gonblicket f\u00f6r vilken klubb ditt fotbollshj\u00e4rta sl\u00e5r!<\/p>\n<p>Tillverkad av funktionell, \u00e5tervunnen och d\u00e4rmed mycket h\u00e5llbar polyester och utrustad med adidas AEROREADY-teknologi erbjuder Real Madrid-shortsen \u00e4ven optimal v\u00e4rme- och fuktstyrning. Ett mesh-inskjut g\u00f6r dessutom att andningsf\u00f6rm\u00e5gan \u00e4r h\u00f6gsta. S\u00e5 ger de korta byxorna dig alltid en behagligt l\u00e4tt och torr b\u00e4rkomfort \u2013 oavsett om det \u00e4r vid fansens hyllning eller vid egen tr\u00e4ning!<\/p>\n<p>Tips f\u00f6r utskrift: Om namn och nummer p\u00e5 bilden \u00e4r exakt vad du vill ha, beh\u00f6ver du inte ange dem igen. Om inte, ska du ange \u00f6nskat namn och nummer.<\/p>\n<p>Tips f\u00f6r tv\u00e4tt: Det \u00e4r rekommenderat att tv\u00e4tta fotbollstr\u00f6jor f\u00f6r hand. Om du vill anv\u00e4nda tv\u00e4ttmaskinen ska du komma ih\u00e5g att v\u00e4nda fotbollstr\u00f6jorna ut och in och sedan tv\u00e4tta dem. Fyll maskinen med kallt vatten och anv\u00e4nd ett skonsamt program f\u00f6r att b\u00e4ttre skydda f\u00e4rgerna.<\/p>","protected":false},"excerpt":{"rendered":"<p>Hier kommt die brandneue und hoch offizielle adidas Real Madrid Kinder Heim Short 2021\/22 und mit ihr der authentische Look deiner Lieblingself! In dieser Short bestreiten deine gro\u00dfen Idole alle ihre Heimspiele \u2013 sei stets hautnah dabei und sichere sie dir gleich! In der neuen Junior Heimshort der \u201eK\u00f6niglichen\u201c zeigst du stets deine Verbundenheit und [&hellip;]<\/p>","protected":false},"featured_media":3545,"comment_status":"open","ping_status":"closed","template":"","meta":[],"product_brand":[],"product_cat":[165],"product_tag":[20,21,22,23,24,94,46,47,166],"class_list":{"0":"post-3505","1":"product","2":"type-product","3":"status-publish","4":"has-post-thumbnail","6":"product_cat-real-madrid-kindertrikot","7":"product_tag-coole-fussballtrikots","8":"product_tag-fussballtrikot-fuer-herren","9":"product_tag-fussballtrikot-guenstig-kaufen","10":"product_tag-fussballtrikot-kurzarm","11":"product_tag-guenstiges-fussballtrikot","12":"product_tag-kinder-fussball-trikotsatz","13":"product_tag-real-madrid-heimtrikot","14":"product_tag-real-madrid-trikots","15":"product_tag-real-madrid-trikotsatz-fuer-kinder","17":"first","18":"instock","19":"shipping-taxable","20":"purchasable","21":"product-type-variable"},"_links":{"self":[{"href":"https:\/\/www.billigtrikotde.com\/sv\/wp-json\/wp\/v2\/product\/3505","targetHints":{"allow":["GET"]}}],"collection":[{"href":"https:\/\/www.billigtrikotde.com\/sv\/wp-json\/wp\/v2\/product"}],"about":[{"href":"https:\/\/www.billigtrikotde.com\/sv\/wp-json\/wp\/v2\/types\/product"}],"replies":[{"embeddable":true,"href":"https:\/\/www.billigtrikotde.com\/sv\/wp-json\/wp\/v2\/comments?post=3505"}],"wp:featuredmedia":[{"embeddable":true,"href":"https:\/\/www.billigtrikotde.com\/sv\/wp-json\/wp\/v2\/media\/3545"}],"wp:attachment":[{"href":"https:\/\/www.billigtrikotde.com\/sv\/wp-json\/wp\/v2\/media?parent=3505"}],"wp:term":[{"taxonomy":"product_brand","embeddable":true,"href":"https:\/\/www.billigtrikotde.com\/sv\/wp-json\/wp\/v2\/product_brand?post=3505"},{"taxonomy":"product_cat","embeddable":true,"href":"https:\/\/www.billigtrikotde.com\/sv\/wp-json\/wp\/v2\/product_cat?post=3505"},{"taxonomy":"product_tag","embeddable":true,"href":"https:\/\/www.billigtrikotde.com\/sv\/wp-json\/wp\/v2\/product_tag?post=3505"}],"curies":[{"name":"wp","href":"https:\/\/api.w.org\/{rel}","templated":true}]}}