{"id":3493,"date":"2024-10-23T15:05:20","date_gmt":"2024-10-23T13:05:20","guid":{"rendered":"http:\/\/billigtrikots.com\/?post_type=product&#038;p=3493"},"modified":"2025-10-16T16:04:45","modified_gmt":"2025-10-16T14:04:45","slug":"kinder-real-madrid-2021-22-heimtrikot-weiss-blau-mit-aufdruck-odriozola-19","status":"publish","type":"product","link":"https:\/\/www.billigtrikotde.com\/sv\/kinder-real-madrid-2021-22-heimtrikot-weiss-blau-mit-aufdruck-odriozola-19\/","title":{"rendered":"Barn Real Madrid 2021\/22 Hemmatr\u00f6ja vitbl\u00e5 med tryck Odriozola 19"},"content":{"rendered":"<p>Real Madrid hemmatr\u00f6jan f\u00f6r s\u00e4songen 2021\/22 fr\u00e5n adidas Performance visar sig i en uppdaterad design som \u00e4r inspirerad av Plaza de Cibeles \u2013 platsen d\u00e4r Real Madrid firar sina titlar tillsammans med fansen. Tack vare den f\u00f6rstklassiga funktionella utrustningen presterar tr\u00f6jan bra b\u00e5de under sport och fritid med en behaglig torr k\u00e4nsla mot huden och ett perfekt kroppsklimat.<\/p>\n<p>Tips f\u00f6r utskrift: Om namn och nummer p\u00e5 bilden \u00e4r exakt vad du vill ha, beh\u00f6ver du inte ange dem igen. Om inte, ska du ange \u00f6nskat namn och nummer.<\/p>\n<p>Tips f\u00f6r tv\u00e4tt: Det \u00e4r rekommenderat att tv\u00e4tta fotbollstr\u00f6jor f\u00f6r hand. Om du vill anv\u00e4nda tv\u00e4ttmaskinen ska du komma ih\u00e5g att v\u00e4nda fotbollstr\u00f6jorna ut och in och sedan tv\u00e4tta dem. Fyll maskinen med kallt vatten och anv\u00e4nd ett skonsamt program f\u00f6r att b\u00e4ttre skydda f\u00e4rgerna.<\/p>","protected":false},"excerpt":{"rendered":"<p>Real Madrid hemmatr\u00f6jan f\u00f6r s\u00e4songen 2021\/22 fr\u00e5n adidas Performance visar sig i en uppdaterad design som \u00e4r inspirerad av Plaza de Cibeles \u2013 platsen d\u00e4r Real Madrid firar sina titlar tillsammans med fansen. Tack vare den f\u00f6rstklassiga funktionella utrustningen presterar tr\u00f6jan bra b\u00e5de under sport och fritid med en behaglig torr k\u00e4nsla mot huden och ett perfekt kroppsklimat.<\/p>","protected":false},"featured_media":3533,"comment_status":"open","ping_status":"closed","template":"","meta":[],"product_brand":[],"product_cat":[165],"product_tag":[20,21,22,23,24,94,46,47,166],"class_list":{"0":"post-3493","1":"product","2":"type-product","3":"status-publish","4":"has-post-thumbnail","6":"product_cat-real-madrid-kindertrikot","7":"product_tag-coole-fussballtrikots","8":"product_tag-fussballtrikot-fuer-herren","9":"product_tag-fussballtrikot-guenstig-kaufen","10":"product_tag-fussballtrikot-kurzarm","11":"product_tag-guenstiges-fussballtrikot","12":"product_tag-kinder-fussball-trikotsatz","13":"product_tag-real-madrid-heimtrikot","14":"product_tag-real-madrid-trikots","15":"product_tag-real-madrid-trikotsatz-fuer-kinder","17":"first","18":"instock","19":"shipping-taxable","20":"purchasable","21":"product-type-variable"},"_links":{"self":[{"href":"https:\/\/www.billigtrikotde.com\/sv\/wp-json\/wp\/v2\/product\/3493","targetHints":{"allow":["GET"]}}],"collection":[{"href":"https:\/\/www.billigtrikotde.com\/sv\/wp-json\/wp\/v2\/product"}],"about":[{"href":"https:\/\/www.billigtrikotde.com\/sv\/wp-json\/wp\/v2\/types\/product"}],"replies":[{"embeddable":true,"href":"https:\/\/www.billigtrikotde.com\/sv\/wp-json\/wp\/v2\/comments?post=3493"}],"wp:featuredmedia":[{"embeddable":true,"href":"https:\/\/www.billigtrikotde.com\/sv\/wp-json\/wp\/v2\/media\/3533"}],"wp:attachment":[{"href":"https:\/\/www.billigtrikotde.com\/sv\/wp-json\/wp\/v2\/media?parent=3493"}],"wp:term":[{"taxonomy":"product_brand","embeddable":true,"href":"https:\/\/www.billigtrikotde.com\/sv\/wp-json\/wp\/v2\/product_brand?post=3493"},{"taxonomy":"product_cat","embeddable":true,"href":"https:\/\/www.billigtrikotde.com\/sv\/wp-json\/wp\/v2\/product_cat?post=3493"},{"taxonomy":"product_tag","embeddable":true,"href":"https:\/\/www.billigtrikotde.com\/sv\/wp-json\/wp\/v2\/product_tag?post=3493"}],"curies":[{"name":"wp","href":"https:\/\/api.w.org\/{rel}","templated":true}]}}