{"id":3481,"date":"2024-10-23T15:04:43","date_gmt":"2024-10-23T13:04:43","guid":{"rendered":"http:\/\/billigtrikots.com\/?post_type=product&#038;p=3481"},"modified":"2025-10-16T16:04:49","modified_gmt":"2025-10-16T14:04:49","slug":"kinder-junior-fussballtrikot-real-madrid-2021-22-heimtrikot-weiss-blau-mit-aufdruck-marcelo-12","status":"publish","type":"product","link":"https:\/\/www.billigtrikotde.com\/sv\/kinder-junior-fussballtrikot-real-madrid-2021-22-heimtrikot-weiss-blau-mit-aufdruck-marcelo-12\/","title":{"rendered":"Barn Junior Fotbollstr\u00f6ja Real Madrid 2021\/22 Hemmatr\u00f6ja vitbl\u00e5 med tryck Marcelo 12"},"content":{"rendered":"<p>Ni vinner p\u00e5 planen.<\/p>\n<p>Men p\u00e5 Plaza de Cibeles firar de tillsammans med sin fotbollsfamilj.<\/p>\n<p>De koncenteriska ringarna och det spiralformade m\u00f6nstret i font\u00e4nen i Madrids ber\u00f6mda kvadratform har inspirerat designen av denna adidas Real Madrid-tr\u00f6ja f\u00f6r juniorer.<\/p>\n<p>Denna tr\u00f6ja \u00e4r gjord f\u00f6r fans och ger komfort med mjukt material och fukts\u00e4kerhet via AEROREADY.<\/p>\n<p>Denna produkt best\u00e5r av Primegreen, en serie h\u00f6gpresterande \u00e5tervunna material.<\/p>\n<p>Tips f\u00f6r utskrift: Om namn och nummer p\u00e5 bilden \u00e4r exakt vad du vill ha, beh\u00f6ver du inte ange dem igen. Om inte, ska du ange \u00f6nskat namn och nummer.<\/p>\n<p>Tips f\u00f6r tv\u00e4tt: Det \u00e4r rekommenderat att tv\u00e4tta fotbollstr\u00f6jor f\u00f6r hand. Om du vill anv\u00e4nda tv\u00e4ttmaskinen ska du komma ih\u00e5g att v\u00e4nda fotbollstr\u00f6jorna ut och in och sedan tv\u00e4tta dem. Fyll maskinen med kallt vatten och anv\u00e4nd ett skonsamt program f\u00f6r att b\u00e4ttre skydda f\u00e4rgerna.<\/p>","protected":false},"excerpt":{"rendered":"<p>Sie gewinnen auf dem Platz. Aber auf der Plaza de Cibeles feiern sie mit ihrer Fu\u00dfballfamilie. Die konzentrischen Kreise und das spiralf\u00f6rmige Muster des Brunnens in Madrids ber\u00fchmtem Quadrat haben das Design dieses adidas Real Madrid Trikots f\u00fcr Junioren inspiriert. Dieses Shirt wurde f\u00fcr Fans gemacht und sorgt mit weichem Material und feuchtigkeitstransportierendem AEROREADY f\u00fcr [&hellip;]<\/p>","protected":false},"featured_media":3522,"comment_status":"open","ping_status":"closed","template":"","meta":[],"product_brand":[],"product_cat":[165],"product_tag":[20,21,22,23,24,94,46,47,166],"class_list":{"0":"post-3481","1":"product","2":"type-product","3":"status-publish","4":"has-post-thumbnail","6":"product_cat-real-madrid-kindertrikot","7":"product_tag-coole-fussballtrikots","8":"product_tag-fussballtrikot-fuer-herren","9":"product_tag-fussballtrikot-guenstig-kaufen","10":"product_tag-fussballtrikot-kurzarm","11":"product_tag-guenstiges-fussballtrikot","12":"product_tag-kinder-fussball-trikotsatz","13":"product_tag-real-madrid-heimtrikot","14":"product_tag-real-madrid-trikots","15":"product_tag-real-madrid-trikotsatz-fuer-kinder","17":"first","18":"instock","19":"shipping-taxable","20":"purchasable","21":"product-type-variable"},"_links":{"self":[{"href":"https:\/\/www.billigtrikotde.com\/sv\/wp-json\/wp\/v2\/product\/3481","targetHints":{"allow":["GET"]}}],"collection":[{"href":"https:\/\/www.billigtrikotde.com\/sv\/wp-json\/wp\/v2\/product"}],"about":[{"href":"https:\/\/www.billigtrikotde.com\/sv\/wp-json\/wp\/v2\/types\/product"}],"replies":[{"embeddable":true,"href":"https:\/\/www.billigtrikotde.com\/sv\/wp-json\/wp\/v2\/comments?post=3481"}],"wp:featuredmedia":[{"embeddable":true,"href":"https:\/\/www.billigtrikotde.com\/sv\/wp-json\/wp\/v2\/media\/3522"}],"wp:attachment":[{"href":"https:\/\/www.billigtrikotde.com\/sv\/wp-json\/wp\/v2\/media?parent=3481"}],"wp:term":[{"taxonomy":"product_brand","embeddable":true,"href":"https:\/\/www.billigtrikotde.com\/sv\/wp-json\/wp\/v2\/product_brand?post=3481"},{"taxonomy":"product_cat","embeddable":true,"href":"https:\/\/www.billigtrikotde.com\/sv\/wp-json\/wp\/v2\/product_cat?post=3481"},{"taxonomy":"product_tag","embeddable":true,"href":"https:\/\/www.billigtrikotde.com\/sv\/wp-json\/wp\/v2\/product_tag?post=3481"}],"curies":[{"name":"wp","href":"https:\/\/api.w.org\/{rel}","templated":true}]}}