{"id":3422,"date":"2024-10-23T15:01:49","date_gmt":"2024-10-23T13:01:49","guid":{"rendered":"http:\/\/billigtrikots.com\/?post_type=product&#038;p=3422"},"modified":"2025-10-16T16:04:57","modified_gmt":"2025-10-16T14:04:57","slug":"real-madrid-auswaertstrikot-set-blau-2021-22-away-trikot-fuer-kinder-mit-aufdruck-kroos-8","status":"publish","type":"product","link":"https:\/\/www.billigtrikotde.com\/sv\/real-madrid-auswaertstrikot-set-blau-2021-22-away-trikot-fuer-kinder-mit-aufdruck-kroos-8\/","title":{"rendered":"Real Madrid bortatr\u00f6ja set bl\u00e5 2021\/22 Bortatr\u00f6ja f\u00f6r barn med tryck Kroos 8"},"content":{"rendered":"<p>Inte bara Real Madrid-proffsen g\u00f6r livet i den spanska huvudstaden mer f\u00e4rgstarkt. Denna adidas fotbollstr\u00f6ja i barn- och ton\u00e5rsversion \u00e4r inspirerad av graffitikonsten i streetartscenen i Madrid. Det visar \u00e4ven de diskreta detaljerna \u2013 en av dem finns i nackomr\u00e5det. F\u00f6r en bekv\u00e4m och torr b\u00e4rkomfort \u00e4r det mjuka materialet dessutom utrustat med fuktabsorberande AEROREADY-teknologi. Denna produkt \u00e4r Primegreen: tillverkad med olika funktionella \u00e5tervinningsmaterial.<\/p>\n<p>Tips f\u00f6r utskrift: Om namn och nummer p\u00e5 bilden \u00e4r exakt vad du vill ha, beh\u00f6ver du inte ange dem igen. Om inte, ska du ange \u00f6nskat namn och nummer.<\/p>\n<p>Tips f\u00f6r tv\u00e4tt: Det \u00e4r rekommenderat att tv\u00e4tta fotbollstr\u00f6jor f\u00f6r hand. Om du vill anv\u00e4nda tv\u00e4ttmaskinen ska du komma ih\u00e5g att v\u00e4nda fotbollstr\u00f6jorna ut och in och sedan tv\u00e4tta dem. Fyll maskinen med kallt vatten och anv\u00e4nd ett skonsamt program f\u00f6r att b\u00e4ttre skydda f\u00e4rgerna.<\/p>","protected":false},"excerpt":{"rendered":"<p>Nicht nur die Profis von Real Madrid machen das Leben in der spanischen Hauptstadt bunter. Dieses adidas Fu\u00dfballtrikot in der Version f\u00fcr Kinder und Teens ist von den Graffitis der Streetartszene in Madrid inspiriert. Das beweisen auch die dezenten Details \u2013 eins davon im Nackenbereich. F\u00fcr ein bequemes und trockenes Tragegef\u00fchl ist das weiche Material [&hellip;]<\/p>","protected":false},"featured_media":3463,"comment_status":"open","ping_status":"closed","template":"","meta":[],"product_brand":[],"product_cat":[165],"product_tag":[20,21,22,23,24,94,49,47,166],"class_list":{"0":"post-3422","1":"product","2":"type-product","3":"status-publish","4":"has-post-thumbnail","6":"product_cat-real-madrid-kindertrikot","7":"product_tag-coole-fussballtrikots","8":"product_tag-fussballtrikot-fuer-herren","9":"product_tag-fussballtrikot-guenstig-kaufen","10":"product_tag-fussballtrikot-kurzarm","11":"product_tag-guenstiges-fussballtrikot","12":"product_tag-kinder-fussball-trikotsatz","13":"product_tag-real-madrid-auswaertstrikot","14":"product_tag-real-madrid-trikots","15":"product_tag-real-madrid-trikotsatz-fuer-kinder","17":"first","18":"instock","19":"shipping-taxable","20":"purchasable","21":"product-type-variable"},"_links":{"self":[{"href":"https:\/\/www.billigtrikotde.com\/sv\/wp-json\/wp\/v2\/product\/3422","targetHints":{"allow":["GET"]}}],"collection":[{"href":"https:\/\/www.billigtrikotde.com\/sv\/wp-json\/wp\/v2\/product"}],"about":[{"href":"https:\/\/www.billigtrikotde.com\/sv\/wp-json\/wp\/v2\/types\/product"}],"replies":[{"embeddable":true,"href":"https:\/\/www.billigtrikotde.com\/sv\/wp-json\/wp\/v2\/comments?post=3422"}],"wp:featuredmedia":[{"embeddable":true,"href":"https:\/\/www.billigtrikotde.com\/sv\/wp-json\/wp\/v2\/media\/3463"}],"wp:attachment":[{"href":"https:\/\/www.billigtrikotde.com\/sv\/wp-json\/wp\/v2\/media?parent=3422"}],"wp:term":[{"taxonomy":"product_brand","embeddable":true,"href":"https:\/\/www.billigtrikotde.com\/sv\/wp-json\/wp\/v2\/product_brand?post=3422"},{"taxonomy":"product_cat","embeddable":true,"href":"https:\/\/www.billigtrikotde.com\/sv\/wp-json\/wp\/v2\/product_cat?post=3422"},{"taxonomy":"product_tag","embeddable":true,"href":"https:\/\/www.billigtrikotde.com\/sv\/wp-json\/wp\/v2\/product_tag?post=3422"}],"curies":[{"name":"wp","href":"https:\/\/api.w.org\/{rel}","templated":true}]}}