{"id":3404,"date":"2024-10-23T15:00:45","date_gmt":"2024-10-23T13:00:45","guid":{"rendered":"http:\/\/billigtrikots.com\/?post_type=product&#038;p=3404"},"modified":"2024-10-23T15:02:51","modified_gmt":"2024-10-23T13:02:51","slug":"fussball-trikotsatz-fc-chelsea-heimtrikot-2021-22-kinder-blau-gelb-mit-aufdruck-havertz-29","status":"publish","type":"product","link":"https:\/\/www.billigtrikotde.com\/sv\/fussball-trikotsatz-fc-chelsea-heimtrikot-2021-22-kinder-blau-gelb-mit-aufdruck-havertz-29\/","title":{"rendered":"Fotbollsm\u00f6ssa FC Chelsea hemmam\u00f6ssa 2021\/22 barn bl\u00e5gul med tryck Havertz 29"},"content":{"rendered":"<p>Nikes barn-tr\u00e4nings-T-shirt i bl\u00e5tt l\u00e5ter dig b\u00e4ra f\u00e4rgerna i din favoritklubb och visa alla vad ditt hj\u00e4rta klappar f\u00f6r. Hemmapremi\u00e4r-tr\u00e4nings-T-shirten, som spelarna i Premier League b\u00e4r, v\u00e4cker entusiasm bland riktiga FC Chelsea London-fans. Den \u00e4r andningsbar, bekv\u00e4m och l\u00e4tt. Detta \u00e4r en tr\u00f6ja som genom klubbemblemet p\u00e5 br\u00f6stet garanterat kan gl\u00e4nsa. S\u00e5 kan du visa alla att du \u00e4r b\u00e4st p\u00e5 planen.<\/p>\n<p>Tips f\u00f6r utskrift: Om namn och nummer p\u00e5 bilden \u00e4r exakt vad du vill ha, beh\u00f6ver du inte ange dem igen. Om inte, ska du ange \u00f6nskat namn och nummer.<\/p>\n<p>Tips f\u00f6r tv\u00e4tt: Det \u00e4r rekommenderat att tv\u00e4tta fotbollstr\u00f6jor f\u00f6r hand. Om du vill anv\u00e4nda tv\u00e4ttmaskinen ska du komma ih\u00e5g att v\u00e4nda fotbollstr\u00f6jorna ut och in och sedan tv\u00e4tta dem. Fyll maskinen med kallt vatten och anv\u00e4nd ett skonsamt program f\u00f6r att b\u00e4ttre skydda f\u00e4rgerna.<\/p>","protected":false},"excerpt":{"rendered":"<p>Das Kinder-Sportshirt von Nike in Blau l\u00e4sst dich die Farben deines Lieblingsclubs tragen und allen zeigen, wof\u00fcr dein Herz schl\u00e4gt. Das Heim-Sportshirt, wie es die Spieler in der Premier League tragen, sorgt bei echten FC Chelsea London-Anh\u00e4ngern f\u00fcr Begeisterung. Es ist atmungsaktiv, bequem und leicht. Dies ist ein Shirt, das durch das Vereinswappen auf der [&hellip;]<\/p>","protected":false},"featured_media":3444,"comment_status":"open","ping_status":"closed","template":"","meta":[],"product_brand":[],"product_cat":[162],"product_tag":[20,164,73,163,21,22,23,24,94],"class_list":{"0":"post-3404","1":"product","2":"type-product","3":"status-publish","4":"has-post-thumbnail","6":"product_cat-chelsea-kindertrikot","7":"product_tag-coole-fussballtrikots","8":"product_tag-chelsea-heimtrikot","9":"product_tag-chelsea-trikots","10":"product_tag-chelsea-trikotsatz-fuer-kinder","11":"product_tag-fussballtrikot-fuer-herren","12":"product_tag-fussballtrikot-guenstig-kaufen","13":"product_tag-fussballtrikot-kurzarm","14":"product_tag-guenstiges-fussballtrikot","15":"product_tag-kinder-fussball-trikotsatz","17":"first","18":"instock","19":"shipping-taxable","20":"purchasable","21":"product-type-variable"},"_links":{"self":[{"href":"https:\/\/www.billigtrikotde.com\/sv\/wp-json\/wp\/v2\/product\/3404","targetHints":{"allow":["GET"]}}],"collection":[{"href":"https:\/\/www.billigtrikotde.com\/sv\/wp-json\/wp\/v2\/product"}],"about":[{"href":"https:\/\/www.billigtrikotde.com\/sv\/wp-json\/wp\/v2\/types\/product"}],"replies":[{"embeddable":true,"href":"https:\/\/www.billigtrikotde.com\/sv\/wp-json\/wp\/v2\/comments?post=3404"}],"wp:featuredmedia":[{"embeddable":true,"href":"https:\/\/www.billigtrikotde.com\/sv\/wp-json\/wp\/v2\/media\/3444"}],"wp:attachment":[{"href":"https:\/\/www.billigtrikotde.com\/sv\/wp-json\/wp\/v2\/media?parent=3404"}],"wp:term":[{"taxonomy":"product_brand","embeddable":true,"href":"https:\/\/www.billigtrikotde.com\/sv\/wp-json\/wp\/v2\/product_brand?post=3404"},{"taxonomy":"product_cat","embeddable":true,"href":"https:\/\/www.billigtrikotde.com\/sv\/wp-json\/wp\/v2\/product_cat?post=3404"},{"taxonomy":"product_tag","embeddable":true,"href":"https:\/\/www.billigtrikotde.com\/sv\/wp-json\/wp\/v2\/product_tag?post=3404"}],"curies":[{"name":"wp","href":"https:\/\/api.w.org\/{rel}","templated":true}]}}