{"id":3402,"date":"2024-10-23T15:00:43","date_gmt":"2024-10-23T13:00:43","guid":{"rendered":"http:\/\/billigtrikots.com\/?post_type=product&#038;p=3402"},"modified":"2024-10-23T15:02:50","modified_gmt":"2024-10-23T13:02:50","slug":"fc-chelsea-fussball-trikot-away-2021-22-fuer-kinder-in-gelb","status":"publish","type":"product","link":"https:\/\/www.billigtrikotde.com\/sv\/fc-chelsea-fussball-trikot-away-2021-22-fuer-kinder-in-gelb\/","title":{"rendered":"Chelsea FC Fotbollstr\u00f6ja Borta 2021\/22 f\u00f6r barn i gult"},"content":{"rendered":"<p>St\u00f6d Chelsea FC under s\u00e4songen 2021\/2022 och visa din stolthet i den officiella Nike Replica bortatr\u00f6jan. Den autentiska designen av bortatr\u00f6jan f\u00f6r barn \u00e4r baserad p\u00e5 de professionella spelarnas tr\u00f6jor. Det l\u00e4tta funktionsmaterialet med Dri-FIT-teknik \u00e4r s\u00e4rskilt andningsbart och garanterar en sval k\u00e4nsla. Klubbm\u00e4rket p\u00e5 br\u00f6stet visar din entusiasm f\u00f6r ditt lag, oavsett om det \u00e4r p\u00e5 planen eller p\u00e5 gatan.<\/p>\n<p>Tips f\u00f6r utskrift: Om namn och nummer p\u00e5 bilden \u00e4r exakt vad du vill ha, beh\u00f6ver du inte ange dem igen. Om inte, ska du ange \u00f6nskat namn och nummer.<\/p>\n<p>Tips f\u00f6r tv\u00e4tt: Det \u00e4r rekommenderat att tv\u00e4tta fotbollstr\u00f6jor f\u00f6r hand. Om du vill anv\u00e4nda tv\u00e4ttmaskinen ska du komma ih\u00e5g att v\u00e4nda fotbollstr\u00f6jorna ut och in och sedan tv\u00e4tta dem. Fyll maskinen med kallt vatten och anv\u00e4nd ett skonsamt program f\u00f6r att b\u00e4ttre skydda f\u00e4rgerna.<\/p>","protected":false},"excerpt":{"rendered":"<p>Unterst\u00fctze den FC Chelsea in der Saison 2021\/2022 und zeige deinen Stolz im offiziellen Nike Replica Ausw\u00e4rtstrikot. Das authentische Design des Away Jerseys f\u00fcr Kinder basiert auf den Spieltrikots der Profis. Das leichte Funktionsmaterial mit Dri-FIT-Technologie ist besonders atmungsaktiv und sorgt f\u00fcr ein k\u00fchles Tragegef\u00fchl. Das Vereinswappen auf der Brust zeigt deine Begeisterung f\u00fcr dein [&hellip;]<\/p>","protected":false},"featured_media":3442,"comment_status":"open","ping_status":"closed","template":"","meta":[],"product_brand":[],"product_cat":[162],"product_tag":[20,76,73,163,21,22,23,24,94],"class_list":{"0":"post-3402","1":"product","2":"type-product","3":"status-publish","4":"has-post-thumbnail","6":"product_cat-chelsea-kindertrikot","7":"product_tag-coole-fussballtrikots","8":"product_tag-chelsea-auswaertstrikot","9":"product_tag-chelsea-trikots","10":"product_tag-chelsea-trikotsatz-fuer-kinder","11":"product_tag-fussballtrikot-fuer-herren","12":"product_tag-fussballtrikot-guenstig-kaufen","13":"product_tag-fussballtrikot-kurzarm","14":"product_tag-guenstiges-fussballtrikot","15":"product_tag-kinder-fussball-trikotsatz","17":"first","18":"instock","19":"shipping-taxable","20":"purchasable","21":"product-type-variable"},"_links":{"self":[{"href":"https:\/\/www.billigtrikotde.com\/sv\/wp-json\/wp\/v2\/product\/3402","targetHints":{"allow":["GET"]}}],"collection":[{"href":"https:\/\/www.billigtrikotde.com\/sv\/wp-json\/wp\/v2\/product"}],"about":[{"href":"https:\/\/www.billigtrikotde.com\/sv\/wp-json\/wp\/v2\/types\/product"}],"replies":[{"embeddable":true,"href":"https:\/\/www.billigtrikotde.com\/sv\/wp-json\/wp\/v2\/comments?post=3402"}],"wp:featuredmedia":[{"embeddable":true,"href":"https:\/\/www.billigtrikotde.com\/sv\/wp-json\/wp\/v2\/media\/3442"}],"wp:attachment":[{"href":"https:\/\/www.billigtrikotde.com\/sv\/wp-json\/wp\/v2\/media?parent=3402"}],"wp:term":[{"taxonomy":"product_brand","embeddable":true,"href":"https:\/\/www.billigtrikotde.com\/sv\/wp-json\/wp\/v2\/product_brand?post=3402"},{"taxonomy":"product_cat","embeddable":true,"href":"https:\/\/www.billigtrikotde.com\/sv\/wp-json\/wp\/v2\/product_cat?post=3402"},{"taxonomy":"product_tag","embeddable":true,"href":"https:\/\/www.billigtrikotde.com\/sv\/wp-json\/wp\/v2\/product_tag?post=3402"}],"curies":[{"name":"wp","href":"https:\/\/api.w.org\/{rel}","templated":true}]}}