{"id":329,"date":"2024-10-23T12:14:27","date_gmt":"2024-10-23T10:14:27","guid":{"rendered":"http:\/\/billigtrikots.com\/?post_type=product&#038;p=329"},"modified":"2024-10-23T12:16:53","modified_gmt":"2024-10-23T10:16:53","slug":"fc-barcelona-herren-auswaerts-trikot-2021-22-fussballtrikot-lila-gelb","status":"publish","type":"product","link":"https:\/\/www.billigtrikotde.com\/sv\/fc-barcelona-herren-auswaerts-trikot-2021-22-fussballtrikot-lila-gelb\/","title":{"rendered":"FC Barcelona Bortatr\u00f6ja 2021\/22 Fotbollstr\u00f6ja f\u00f6r herrar lila\/gul"},"content":{"rendered":"<p>Representera ditt lag med FC Barcelona Stadium Away Jersey. Det mycket andningsbara materialet transporterar svett bort fr\u00e5n huden s\u00e5 att du h\u00e5lls kyld, oavsett om du hejar p\u00e5 publiken fr\u00e5n l\u00e4ktaren eller spelar p\u00e5 planen. Dry designThe Nike Dri-FIT-teknologin leder svett bort fr\u00e5n huden f\u00f6r en snabbare avdunstning, h\u00e5ll dig torr och bekv\u00e4m. Cool comfortThe Nike Breathe-materialet \u00e4r mycket andningsbart f\u00f6r att hj\u00e4lpa dig h\u00e5llas sval. Professional-level inspirationDesignet \u00e5terspeglar vad proffsen p\u00e5 planen b\u00e4r.<\/p>\n<p>Tips f\u00f6r utskrift: Om namn och nummer p\u00e5 bilden \u00e4r exakt vad du vill ha, beh\u00f6ver du inte ange dem igen. Om inte, ska du ange \u00f6nskat namn och nummer.<\/p>\n<p>Tips f\u00f6r tv\u00e4tt: Det \u00e4r rekommenderat att tv\u00e4tta fotbollstr\u00f6jor f\u00f6r hand. Om du vill anv\u00e4nda tv\u00e4ttmaskinen ska du komma ih\u00e5g att v\u00e4nda fotbollstr\u00f6jorna ut och in och sedan tv\u00e4tta dem. Fyll maskinen med kallt vatten och anv\u00e4nd ett skonsamt program f\u00f6r att b\u00e4ttre skydda f\u00e4rgerna.<\/p>","protected":false},"excerpt":{"rendered":"<p>Repr\u00e4sentieren Sie Ihr Team mit dem FC Barcelona Stadium Away Jersey. Das hoch atmungsaktive Gewebe leitet Schwei\u00df von der Haut weg, so dass Sie k\u00fchl bleiben, ob Sie auf der Trib\u00fcne die Fans anfeuern oder auf dem Feld spielen.Dry designThe Nike Dri-FIT-Technologie leitet Schwei\u00df von der Haut weg f\u00fcr eine schnellere Verdunstung, halten Sie trocken [&hellip;]<\/p>","protected":false},"featured_media":384,"comment_status":"open","ping_status":"closed","template":"","meta":[],"product_brand":[],"product_cat":[31],"product_tag":[36,20,33,21,22,23,24],"class_list":{"0":"post-329","1":"product","2":"type-product","3":"status-publish","4":"has-post-thumbnail","6":"product_cat-fc-barcelona","7":"product_tag-barcelona-auswaertstrikot","8":"product_tag-coole-fussballtrikots","9":"product_tag-fc-barcelona-trikots","10":"product_tag-fussballtrikot-fuer-herren","11":"product_tag-fussballtrikot-guenstig-kaufen","12":"product_tag-fussballtrikot-kurzarm","13":"product_tag-guenstiges-fussballtrikot","15":"first","16":"instock","17":"shipping-taxable","18":"purchasable","19":"product-type-variable"},"_links":{"self":[{"href":"https:\/\/www.billigtrikotde.com\/sv\/wp-json\/wp\/v2\/product\/329","targetHints":{"allow":["GET"]}}],"collection":[{"href":"https:\/\/www.billigtrikotde.com\/sv\/wp-json\/wp\/v2\/product"}],"about":[{"href":"https:\/\/www.billigtrikotde.com\/sv\/wp-json\/wp\/v2\/types\/product"}],"replies":[{"embeddable":true,"href":"https:\/\/www.billigtrikotde.com\/sv\/wp-json\/wp\/v2\/comments?post=329"}],"wp:featuredmedia":[{"embeddable":true,"href":"https:\/\/www.billigtrikotde.com\/sv\/wp-json\/wp\/v2\/media\/384"}],"wp:attachment":[{"href":"https:\/\/www.billigtrikotde.com\/sv\/wp-json\/wp\/v2\/media?parent=329"}],"wp:term":[{"taxonomy":"product_brand","embeddable":true,"href":"https:\/\/www.billigtrikotde.com\/sv\/wp-json\/wp\/v2\/product_brand?post=329"},{"taxonomy":"product_cat","embeddable":true,"href":"https:\/\/www.billigtrikotde.com\/sv\/wp-json\/wp\/v2\/product_cat?post=329"},{"taxonomy":"product_tag","embeddable":true,"href":"https:\/\/www.billigtrikotde.com\/sv\/wp-json\/wp\/v2\/product_tag?post=329"}],"curies":[{"name":"wp","href":"https:\/\/api.w.org\/{rel}","templated":true}]}}