{"id":3271,"date":"2024-10-23T14:54:29","date_gmt":"2024-10-23T12:54:29","guid":{"rendered":"http:\/\/billigtrikots.com\/?post_type=product&#038;p=3271"},"modified":"2024-10-23T14:56:45","modified_gmt":"2024-10-23T12:56:45","slug":"atletico-de-madrid-heimtrikot-in-rot-2021-2022-fuer-kinder-mit-aufdruck-saul-8","status":"publish","type":"product","link":"https:\/\/www.billigtrikotde.com\/sv\/atletico-de-madrid-heimtrikot-in-rot-2021-2022-fuer-kinder-mit-aufdruck-saul-8\/","title":{"rendered":"Atl\u00e9tico de Madrid hemmatr\u00f6ja i r\u00f6tt 2021\/2022 f\u00f6r barn med tryck Sa\u00fal 8"},"content":{"rendered":"<p>Med denna l\u00e4tta modell i r\u00f6tt kan \u00e4ven de yngsta fansen visa sin tillgivenhet f\u00f6r sin favoritklubb. Nike barntr\u00f6ja \u00e4r det r\u00e4tta valet. Ett m\u00e5ste f\u00f6r \u00e4kta Atletico Madrid-fans: hemmatr\u00f6jan i originaldesign som spelarna bar i Primera Division. Den \u00e4r superbekv\u00e4m, andas, \u00e4r l\u00e4tt och svettavledande och kommer garanterat att imponera. Utrustad med den h\u00e4r tr\u00f6jan kan du visa din laganda och g\u00f6ra en sportig figur vart du \u00e4n g\u00e5r.<\/p>\n<p>Tips f\u00f6r utskrift: Om namn och nummer p\u00e5 bilden \u00e4r exakt vad du vill ha, beh\u00f6ver du inte ange dem igen. Om inte, ska du ange \u00f6nskat namn och nummer.<\/p>\n<p>Tips f\u00f6r tv\u00e4tt: Det \u00e4r rekommenderat att tv\u00e4tta fotbollstr\u00f6jor f\u00f6r hand. Om du vill anv\u00e4nda tv\u00e4ttmaskinen ska du komma ih\u00e5g att v\u00e4nda fotbollstr\u00f6jorna ut och in och sedan tv\u00e4tta dem. Fyll maskinen med kallt vatten och anv\u00e4nd ett skonsamt program f\u00f6r att b\u00e4ttre skydda f\u00e4rgerna.<\/p>","protected":false},"excerpt":{"rendered":"<p>Mit dem leichten Modell in Rot zeigen auch die j\u00fcngsten Fans ihre Zuneigung zu ihrem Lieblingsverein. Das Nike Kinder-Shirt ist die richtige Wahl. F\u00fcr wahre Atletico Madrid-Fans ein Must-Have: das Heim-Shirt im Originaldesign, wie es die Spieler in der Primera Division tragen. Die super bequeme, atmungsaktive, leichte und schwei\u00dfableitende Funktionsweise l\u00e4sst es \u00fcberzeugen. Mit diesem [&hellip;]<\/p>","protected":false},"featured_media":3306,"comment_status":"open","ping_status":"closed","template":"","meta":[],"product_brand":[],"product_cat":[157],"product_tag":[89,90,158,20,21,22,23,24,94],"class_list":{"0":"post-3271","1":"product","2":"type-product","3":"status-publish","4":"has-post-thumbnail","6":"product_cat-atletico-madrid-kindertrikot","7":"product_tag-atletico-madrid-heimtrikot","8":"product_tag-atletico-madrid-trikots","9":"product_tag-atletico-madrid-trikotsatz-fuer-kinder","10":"product_tag-coole-fussballtrikots","11":"product_tag-fussballtrikot-fuer-herren","12":"product_tag-fussballtrikot-guenstig-kaufen","13":"product_tag-fussballtrikot-kurzarm","14":"product_tag-guenstiges-fussballtrikot","15":"product_tag-kinder-fussball-trikotsatz","17":"first","18":"instock","19":"shipping-taxable","20":"purchasable","21":"product-type-variable"},"_links":{"self":[{"href":"https:\/\/www.billigtrikotde.com\/sv\/wp-json\/wp\/v2\/product\/3271","targetHints":{"allow":["GET"]}}],"collection":[{"href":"https:\/\/www.billigtrikotde.com\/sv\/wp-json\/wp\/v2\/product"}],"about":[{"href":"https:\/\/www.billigtrikotde.com\/sv\/wp-json\/wp\/v2\/types\/product"}],"replies":[{"embeddable":true,"href":"https:\/\/www.billigtrikotde.com\/sv\/wp-json\/wp\/v2\/comments?post=3271"}],"wp:featuredmedia":[{"embeddable":true,"href":"https:\/\/www.billigtrikotde.com\/sv\/wp-json\/wp\/v2\/media\/3306"}],"wp:attachment":[{"href":"https:\/\/www.billigtrikotde.com\/sv\/wp-json\/wp\/v2\/media?parent=3271"}],"wp:term":[{"taxonomy":"product_brand","embeddable":true,"href":"https:\/\/www.billigtrikotde.com\/sv\/wp-json\/wp\/v2\/product_brand?post=3271"},{"taxonomy":"product_cat","embeddable":true,"href":"https:\/\/www.billigtrikotde.com\/sv\/wp-json\/wp\/v2\/product_cat?post=3271"},{"taxonomy":"product_tag","embeddable":true,"href":"https:\/\/www.billigtrikotde.com\/sv\/wp-json\/wp\/v2\/product_tag?post=3271"}],"curies":[{"name":"wp","href":"https:\/\/api.w.org\/{rel}","templated":true}]}}