{"id":3260,"date":"2024-10-23T14:53:56","date_gmt":"2024-10-23T12:53:56","guid":{"rendered":"http:\/\/billigtrikots.com\/?post_type=product&#038;p=3260"},"modified":"2024-10-23T14:56:10","modified_gmt":"2024-10-23T12:56:10","slug":"personalisierbar-heimtrikot-kinder-fc-liverpool-trikot-home-2021-22-in-rot","status":"publish","type":"product","link":"https:\/\/www.billigtrikotde.com\/sv\/personalisierbar-heimtrikot-kinder-fc-liverpool-trikot-home-2021-22-in-rot\/","title":{"rendered":"Anpassningsbar barn FC Liverpool hemmatr\u00f6ja 2021\/22 i r\u00f6tt"},"content":{"rendered":"<p>St\u00f6d FC Liverpool under s\u00e4songen 2021\/2022 och visa din stolthet i den officiella Nike Replica hemmatr\u00f6jan. Den autentiska designen av hemmatr\u00f6jan f\u00f6r barn \u00e4r baserad p\u00e5 spelarnas matchtr\u00f6jor. Det till 100 % \u00e5tervunna funktionsmaterialet med Dri-FIT-teknologi \u00e4r s\u00e4rskilt andningsbart och ger en kall b\u00e4rkomfort. Lagvapnet p\u00e5 br\u00f6stet visar din entusiasm f\u00f6r ditt lag, vare sig det \u00e4r p\u00e5 planen eller p\u00e5 gatan.<\/p>\n<p>Tips f\u00f6r utskrift: Om namn och nummer p\u00e5 bilden \u00e4r exakt vad du vill ha, beh\u00f6ver du inte ange dem igen. Om inte, ska du ange \u00f6nskat namn och nummer.<\/p>\n<p>Tips f\u00f6r tv\u00e4tt: Det \u00e4r rekommenderat att tv\u00e4tta fotbollstr\u00f6jor f\u00f6r hand. Om du vill anv\u00e4nda tv\u00e4ttmaskinen ska du komma ih\u00e5g att v\u00e4nda fotbollstr\u00f6jorna ut och in och sedan tv\u00e4tta dem. Fyll maskinen med kallt vatten och anv\u00e4nd ett skonsamt program f\u00f6r att b\u00e4ttre skydda f\u00e4rgerna.<\/p>","protected":false},"excerpt":{"rendered":"<p>Unterst\u00fctze den FC Liverpool in der Saison 2021\/2022 und zeige deinen Stolz im offiziellen Nike Replica Heimtrikot. Das authentische Design des Home Jerseys f\u00fcr Kinder basiert auf den Spieltrikots der Profis. Das zu 100 % recycelte Funktionsmaterial mit Dri-FIT-Technologie ist besonders atmungsaktiv und sorgt f\u00fcr ein k\u00fchles Tragegef\u00fchl. Das Vereinswappen auf der Brust zeigt deine [&hellip;]<\/p>","protected":false},"featured_media":3302,"comment_status":"open","ping_status":"closed","template":"","meta":[],"product_brand":[],"product_cat":[151],"product_tag":[20,21,22,23,24,94,152,153,154],"class_list":{"0":"post-3260","1":"product","2":"type-product","3":"status-publish","4":"has-post-thumbnail","6":"product_cat-liverpool-kindertrikot","7":"product_tag-coole-fussballtrikots","8":"product_tag-fussballtrikot-fuer-herren","9":"product_tag-fussballtrikot-guenstig-kaufen","10":"product_tag-fussballtrikot-kurzarm","11":"product_tag-guenstiges-fussballtrikot","12":"product_tag-kinder-fussball-trikotsatz","13":"product_tag-liverpool-heimtrikot","14":"product_tag-liverpool-trikots","15":"product_tag-liverpool-trikotsatz-fuer-kinder","17":"first","18":"instock","19":"shipping-taxable","20":"purchasable","21":"product-type-variable"},"_links":{"self":[{"href":"https:\/\/www.billigtrikotde.com\/sv\/wp-json\/wp\/v2\/product\/3260","targetHints":{"allow":["GET"]}}],"collection":[{"href":"https:\/\/www.billigtrikotde.com\/sv\/wp-json\/wp\/v2\/product"}],"about":[{"href":"https:\/\/www.billigtrikotde.com\/sv\/wp-json\/wp\/v2\/types\/product"}],"replies":[{"embeddable":true,"href":"https:\/\/www.billigtrikotde.com\/sv\/wp-json\/wp\/v2\/comments?post=3260"}],"wp:featuredmedia":[{"embeddable":true,"href":"https:\/\/www.billigtrikotde.com\/sv\/wp-json\/wp\/v2\/media\/3302"}],"wp:attachment":[{"href":"https:\/\/www.billigtrikotde.com\/sv\/wp-json\/wp\/v2\/media?parent=3260"}],"wp:term":[{"taxonomy":"product_brand","embeddable":true,"href":"https:\/\/www.billigtrikotde.com\/sv\/wp-json\/wp\/v2\/product_brand?post=3260"},{"taxonomy":"product_cat","embeddable":true,"href":"https:\/\/www.billigtrikotde.com\/sv\/wp-json\/wp\/v2\/product_cat?post=3260"},{"taxonomy":"product_tag","embeddable":true,"href":"https:\/\/www.billigtrikotde.com\/sv\/wp-json\/wp\/v2\/product_tag?post=3260"}],"curies":[{"name":"wp","href":"https:\/\/api.w.org\/{rel}","templated":true}]}}