{"id":3238,"date":"2024-10-23T14:52:52","date_gmt":"2024-10-23T12:52:52","guid":{"rendered":"http:\/\/billigtrikots.com\/?post_type=product&#038;p=3238"},"modified":"2024-10-23T14:54:59","modified_gmt":"2024-10-23T12:54:59","slug":"fussball-trikot-liverpool-fc-2021-22-heimtrikot-rot-fuer-kinder-mit-aufdruck-milner-7","status":"publish","type":"product","link":"https:\/\/www.billigtrikotde.com\/sv\/fussball-trikot-liverpool-fc-2021-22-heimtrikot-rot-fuer-kinder-mit-aufdruck-milner-7\/","title":{"rendered":"Liverpool FC 2021\/22 hemmatr\u00f6ja r\u00f6d f\u00f6r barn med tryck MILNER 7"},"content":{"rendered":"<p>Med den super bekv\u00e4ma modellen i r\u00f6tt visar \u00e4ven de yngsta fansen sin tillgivenhet till sin favoritklubb. M\u00e4rket Nike lanserar en unik produkt med barntr\u00f6jan. Varje \u00e4kta FC Liverpool-supporter beh\u00f6ver denna hemmatr\u00f6ja, eftersom \u00e4ven spelarna b\u00e4r den i Premier League. Den svettabsorberande, super bekv\u00e4ma, andningsbara och l\u00e4tta modellen \u00f6vertygar helt och h\u00e5llet. Den utm\u00e4rker sig visuellt med ett klubbm\u00e4rke p\u00e5 br\u00f6stet. Med denna sporttop kan du bli \u00e4nnu mer prestationsfokuserad och f\u00f6rbereda dig f\u00f6r n\u00e4sta match.<\/p>\n<p>Tips f\u00f6r utskrift: Om namn och nummer p\u00e5 bilden \u00e4r exakt vad du vill ha, beh\u00f6ver du inte ange dem igen. Om inte, ska du ange \u00f6nskat namn och nummer.<\/p>\n<p>Tips f\u00f6r tv\u00e4tt: Det \u00e4r rekommenderat att tv\u00e4tta fotbollstr\u00f6jor f\u00f6r hand. Om du vill anv\u00e4nda tv\u00e4ttmaskinen ska du komma ih\u00e5g att v\u00e4nda fotbollstr\u00f6jorna ut och in och sedan tv\u00e4tta dem. Fyll maskinen med kallt vatten och anv\u00e4nd ett skonsamt program f\u00f6r att b\u00e4ttre skydda f\u00e4rgerna.<\/p>","protected":false},"excerpt":{"rendered":"<p>Mit dem super bequemen Modell in Rot zeigen auch die j\u00fcngsten Fans ihre Zuneigung zu ihrem Lieblingsverein. Die Marke Nike bringt mit dem Kinder-Shirt ein einmaliges Produkt auf den Markt. Jeder waschechte FC Liverpool-Unterst\u00fctzer ben\u00f6tigt dieses Heim-Shirt, denn auch die Spieler tragen es in der Premier League. Das schwei\u00dfableitende, super bequeme, atmungsaktive und leichte Modell [&hellip;]<\/p>","protected":false},"featured_media":3279,"comment_status":"open","ping_status":"closed","template":"","meta":[],"product_brand":[],"product_cat":[151],"product_tag":[20,21,22,23,24,94,152,153,154],"class_list":{"0":"post-3238","1":"product","2":"type-product","3":"status-publish","4":"has-post-thumbnail","6":"product_cat-liverpool-kindertrikot","7":"product_tag-coole-fussballtrikots","8":"product_tag-fussballtrikot-fuer-herren","9":"product_tag-fussballtrikot-guenstig-kaufen","10":"product_tag-fussballtrikot-kurzarm","11":"product_tag-guenstiges-fussballtrikot","12":"product_tag-kinder-fussball-trikotsatz","13":"product_tag-liverpool-heimtrikot","14":"product_tag-liverpool-trikots","15":"product_tag-liverpool-trikotsatz-fuer-kinder","17":"first","18":"instock","19":"shipping-taxable","20":"purchasable","21":"product-type-variable"},"_links":{"self":[{"href":"https:\/\/www.billigtrikotde.com\/sv\/wp-json\/wp\/v2\/product\/3238","targetHints":{"allow":["GET"]}}],"collection":[{"href":"https:\/\/www.billigtrikotde.com\/sv\/wp-json\/wp\/v2\/product"}],"about":[{"href":"https:\/\/www.billigtrikotde.com\/sv\/wp-json\/wp\/v2\/types\/product"}],"replies":[{"embeddable":true,"href":"https:\/\/www.billigtrikotde.com\/sv\/wp-json\/wp\/v2\/comments?post=3238"}],"wp:featuredmedia":[{"embeddable":true,"href":"https:\/\/www.billigtrikotde.com\/sv\/wp-json\/wp\/v2\/media\/3279"}],"wp:attachment":[{"href":"https:\/\/www.billigtrikotde.com\/sv\/wp-json\/wp\/v2\/media?parent=3238"}],"wp:term":[{"taxonomy":"product_brand","embeddable":true,"href":"https:\/\/www.billigtrikotde.com\/sv\/wp-json\/wp\/v2\/product_brand?post=3238"},{"taxonomy":"product_cat","embeddable":true,"href":"https:\/\/www.billigtrikotde.com\/sv\/wp-json\/wp\/v2\/product_cat?post=3238"},{"taxonomy":"product_tag","embeddable":true,"href":"https:\/\/www.billigtrikotde.com\/sv\/wp-json\/wp\/v2\/product_tag?post=3238"}],"curies":[{"name":"wp","href":"https:\/\/api.w.org\/{rel}","templated":true}]}}