{"id":3218,"date":"2024-10-23T14:51:52","date_gmt":"2024-10-23T12:51:52","guid":{"rendered":"http:\/\/billigtrikots.com\/?post_type=product&#038;p=3218"},"modified":"2024-10-23T14:53:52","modified_gmt":"2024-10-23T12:53:52","slug":"kinder-fc-liverpool-torwarttrikot-in-orange-mit-aufdruck-a-becker-1","status":"publish","type":"product","link":"https:\/\/www.billigtrikotde.com\/sv\/kinder-fc-liverpool-torwarttrikot-in-orange-mit-aufdruck-a-becker-1\/","title":{"rendered":"Barn FC Liverpool m\u00e5lvaktstr\u00f6ja i orange med tryck A.BECKER 1"},"content":{"rendered":"<p>H\u00e4r kommer Nike-tr\u00f6jan i orange som hj\u00e4lper dig att st\u00f6tta din favoritklubb i alla situationer och visa vad ditt hj\u00e4rta klappar f\u00f6r. Ett m\u00e5ste f\u00f6r \u00e4kta Liverpool FC-fans: tr\u00f6jan i originaldesign. Den andas, \u00e4r bekv\u00e4m och l\u00e4tt. Med den h\u00e4r tr\u00f6jan \u00e4r du perfekt utrustad f\u00f6r varje tr\u00e4ningspass. Med den h\u00e4r tr\u00f6jan kan du r\u00e4kna med klubbm\u00e4rket p\u00e5 br\u00f6stet.<\/p>\n<p>Tips f\u00f6r utskrift: Om namn och nummer p\u00e5 bilden \u00e4r exakt vad du vill ha, beh\u00f6ver du inte ange dem igen. Om inte, ska du ange \u00f6nskat namn och nummer.<\/p>\n<p>Tips f\u00f6r tv\u00e4tt: Det \u00e4r rekommenderat att tv\u00e4tta fotbollstr\u00f6jor f\u00f6r hand. Om du vill anv\u00e4nda tv\u00e4ttmaskinen ska du komma ih\u00e5g att v\u00e4nda fotbollstr\u00f6jorna ut och in och sedan tv\u00e4tta dem. Fyll maskinen med kallt vatten och anv\u00e4nd ett skonsamt program f\u00f6r att b\u00e4ttre skydda f\u00e4rgerna.<\/p>","protected":false},"excerpt":{"rendered":"<p>Hier kommt das Nike Shirt in Orange, das dir hilft, deinen Lieblingsverein in jeder Lage zu supporten und zu zeigen, wof\u00fcr dein Herz schl\u00e4gt. F\u00fcr wahre FC Liverpool-Fans ein Muss: das Shirt im Originaldesign. Es ist atmungsaktiv, bequem und leicht. Mit diesem Shirt bist du f\u00fcr jede Einheit bestens ausgestattet. Bei diesem Trikot kannst du [&hellip;]<\/p>","protected":false},"featured_media":3258,"comment_status":"open","ping_status":"closed","template":"","meta":[],"product_brand":[],"product_cat":[151],"product_tag":[20,35,21,23,24,94,155,153,154],"class_list":{"0":"post-3218","1":"product","2":"type-product","3":"status-publish","4":"has-post-thumbnail","6":"product_cat-liverpool-kindertrikot","7":"product_tag-coole-fussballtrikots","8":"product_tag-fussball-torwarttrikots","9":"product_tag-fussballtrikot-fuer-herren","10":"product_tag-fussballtrikot-kurzarm","11":"product_tag-guenstiges-fussballtrikot","12":"product_tag-kinder-fussball-trikotsatz","13":"product_tag-liverpool-torwarttrikot","14":"product_tag-liverpool-trikots","15":"product_tag-liverpool-trikotsatz-fuer-kinder","17":"first","18":"instock","19":"shipping-taxable","20":"purchasable","21":"product-type-variable"},"_links":{"self":[{"href":"https:\/\/www.billigtrikotde.com\/sv\/wp-json\/wp\/v2\/product\/3218","targetHints":{"allow":["GET"]}}],"collection":[{"href":"https:\/\/www.billigtrikotde.com\/sv\/wp-json\/wp\/v2\/product"}],"about":[{"href":"https:\/\/www.billigtrikotde.com\/sv\/wp-json\/wp\/v2\/types\/product"}],"replies":[{"embeddable":true,"href":"https:\/\/www.billigtrikotde.com\/sv\/wp-json\/wp\/v2\/comments?post=3218"}],"wp:featuredmedia":[{"embeddable":true,"href":"https:\/\/www.billigtrikotde.com\/sv\/wp-json\/wp\/v2\/media\/3258"}],"wp:attachment":[{"href":"https:\/\/www.billigtrikotde.com\/sv\/wp-json\/wp\/v2\/media?parent=3218"}],"wp:term":[{"taxonomy":"product_brand","embeddable":true,"href":"https:\/\/www.billigtrikotde.com\/sv\/wp-json\/wp\/v2\/product_brand?post=3218"},{"taxonomy":"product_cat","embeddable":true,"href":"https:\/\/www.billigtrikotde.com\/sv\/wp-json\/wp\/v2\/product_cat?post=3218"},{"taxonomy":"product_tag","embeddable":true,"href":"https:\/\/www.billigtrikotde.com\/sv\/wp-json\/wp\/v2\/product_tag?post=3218"}],"curies":[{"name":"wp","href":"https:\/\/api.w.org\/{rel}","templated":true}]}}