{"id":3212,"date":"2024-10-23T14:51:47","date_gmt":"2024-10-23T12:51:47","guid":{"rendered":"http:\/\/billigtrikots.com\/?post_type=product&#038;p=3212"},"modified":"2024-10-23T14:53:50","modified_gmt":"2024-10-23T12:53:50","slug":"fc-liverpool-heimtrikot-2021-22-trikotsatz-langarm-in-rot-fuer-kinder-shaqiri-23","status":"publish","type":"product","link":"https:\/\/www.billigtrikotde.com\/sv\/fc-liverpool-heimtrikot-2021-22-trikotsatz-langarm-in-rot-fuer-kinder-shaqiri-23\/","title":{"rendered":"Liverpool FC hemmast\u00e4ll 2021\/22 l\u00e5ng\u00e4rmad i r\u00f6d f\u00f6r barn SHAQIRI 23"},"content":{"rendered":"<p>Representera ditt lag med Liverpool FC Stadium hemmatr\u00f6ja. Det mycket andningsbara materialet leder bort svett fr\u00e5n huden och h\u00e5ller dig sval och bekv\u00e4m p\u00e5 planen eller n\u00e4r du hejar p\u00e5 ditt lag p\u00e5 l\u00e4ktaren. Denna produkt \u00e4r tillverkad av 100% \u00e5tervunnen polyester. Material med h\u00f6g andningsf\u00f6rm\u00e5ga och Nike Dri-FIT-teknik leder bort svett fr\u00e5n huden s\u00e5 att den avdunstar snabbare och h\u00e5ller dig torr och bekv\u00e4m. Den autentiska designen \u00e4r baserad p\u00e5 de professionella spelarnas tr\u00f6jor. Standardpassform f\u00f6r en avslappnad, okomplicerad k\u00e4nsla. Material: 100% polyester.<\/p>\n<p>Tips f\u00f6r utskrift: Om namn och nummer p\u00e5 bilden \u00e4r exakt vad du vill ha, beh\u00f6ver du inte ange dem igen. Om inte, ska du ange \u00f6nskat namn och nummer.<\/p>\n<p>Tips f\u00f6r tv\u00e4tt: Det \u00e4r rekommenderat att tv\u00e4tta fotbollstr\u00f6jor f\u00f6r hand. Om du vill anv\u00e4nda tv\u00e4ttmaskinen ska du komma ih\u00e5g att v\u00e4nda fotbollstr\u00f6jorna ut och in och sedan tv\u00e4tta dem. Fyll maskinen med kallt vatten och anv\u00e4nd ett skonsamt program f\u00f6r att b\u00e4ttre skydda f\u00e4rgerna.<\/p>","protected":false},"excerpt":{"rendered":"<p>Repr\u00e4sentiere dein Team mit dem Liverpool FC Stadium-Heimtrikot. Das \u00e4u\u00dferst atmungsaktive Material leitet den Schwei\u00df von der Haut ab und sorgt damit f\u00fcr k\u00fchlen Tragekomfort auf dem Spielfeld oder beim Anfeuern deines Teams auf der Trib\u00fcne. Dieses Produkt besteht zu 100% aus recyceltem Polyester. Besonders atmungsaktives Material mit Nike Dri-FIT-Technologie leitet Schwei\u00df von der Haut [&hellip;]<\/p>","protected":false},"featured_media":3246,"comment_status":"open","ping_status":"closed","template":"","meta":[],"product_brand":[],"product_cat":[151],"product_tag":[20,38,21,24,94,152,153,154],"class_list":{"0":"post-3212","1":"product","2":"type-product","3":"status-publish","4":"has-post-thumbnail","6":"product_cat-liverpool-kindertrikot","7":"product_tag-coole-fussballtrikots","8":"product_tag-fussball-trikot-langarm","9":"product_tag-fussballtrikot-fuer-herren","10":"product_tag-guenstiges-fussballtrikot","11":"product_tag-kinder-fussball-trikotsatz","12":"product_tag-liverpool-heimtrikot","13":"product_tag-liverpool-trikots","14":"product_tag-liverpool-trikotsatz-fuer-kinder","16":"first","17":"instock","18":"shipping-taxable","19":"purchasable","20":"product-type-variable"},"_links":{"self":[{"href":"https:\/\/www.billigtrikotde.com\/sv\/wp-json\/wp\/v2\/product\/3212","targetHints":{"allow":["GET"]}}],"collection":[{"href":"https:\/\/www.billigtrikotde.com\/sv\/wp-json\/wp\/v2\/product"}],"about":[{"href":"https:\/\/www.billigtrikotde.com\/sv\/wp-json\/wp\/v2\/types\/product"}],"replies":[{"embeddable":true,"href":"https:\/\/www.billigtrikotde.com\/sv\/wp-json\/wp\/v2\/comments?post=3212"}],"wp:featuredmedia":[{"embeddable":true,"href":"https:\/\/www.billigtrikotde.com\/sv\/wp-json\/wp\/v2\/media\/3246"}],"wp:attachment":[{"href":"https:\/\/www.billigtrikotde.com\/sv\/wp-json\/wp\/v2\/media?parent=3212"}],"wp:term":[{"taxonomy":"product_brand","embeddable":true,"href":"https:\/\/www.billigtrikotde.com\/sv\/wp-json\/wp\/v2\/product_brand?post=3212"},{"taxonomy":"product_cat","embeddable":true,"href":"https:\/\/www.billigtrikotde.com\/sv\/wp-json\/wp\/v2\/product_cat?post=3212"},{"taxonomy":"product_tag","embeddable":true,"href":"https:\/\/www.billigtrikotde.com\/sv\/wp-json\/wp\/v2\/product_tag?post=3212"}],"curies":[{"name":"wp","href":"https:\/\/api.w.org\/{rel}","templated":true}]}}