{"id":3206,"date":"2024-10-23T14:51:19","date_gmt":"2024-10-23T12:51:19","guid":{"rendered":"http:\/\/billigtrikots.com\/?post_type=product&#038;p=3206"},"modified":"2024-10-23T14:53:20","modified_gmt":"2024-10-23T12:53:20","slug":"fc-liverpool-heimtrikot-2021-22-trikotsatz-langarm-in-rot-fuer-kinder-alberto-m-18","status":"publish","type":"product","link":"https:\/\/www.billigtrikotde.com\/sv\/fc-liverpool-heimtrikot-2021-22-trikotsatz-langarm-in-rot-fuer-kinder-alberto-m-18\/","title":{"rendered":"Liverpool FC hemmast\u00e4ll 2021\/22 l\u00e5ng\u00e4rmad i r\u00f6tt f\u00f6r barn ALBERTO.M 18"},"content":{"rendered":"<p>NIKE FC Liverpool 2021\/22 Stadium hemma tr\u00f6ja best\u00e5r av s\u00e4rskilt andningsbart material som skyddar din hud mot svett medan du hejar p\u00e5 ditt lag. Denna produkt best\u00e5r av minst 75 % \u00e5tervunnet polyester.<\/p>\n<p>Tips f\u00f6r utskrift: Om namn och nummer p\u00e5 bilden \u00e4r exakt vad du vill ha, beh\u00f6ver du inte ange dem igen. Om inte, ska du ange \u00f6nskat namn och nummer.<\/p>\n<p>Tips f\u00f6r tv\u00e4tt: Det \u00e4r rekommenderat att tv\u00e4tta fotbollstr\u00f6jor f\u00f6r hand. Om du vill anv\u00e4nda tv\u00e4ttmaskinen ska du komma ih\u00e5g att v\u00e4nda fotbollstr\u00f6jorna ut och in och sedan tv\u00e4tta dem. Fyll maskinen med kallt vatten och anv\u00e4nd ett skonsamt program f\u00f6r att b\u00e4ttre skydda f\u00e4rgerna.<\/p>","protected":false},"excerpt":{"rendered":"<p>Das NIKE FC Liverpool 2021\/22 Stadium Heimtrikot besteht aus besonders atmungsaktivem Material, das deine Haut vor Schwei\u00df sch\u00fctzt, w\u00e4hrend du dein Team anfeuerst. Dieses Produkt besteht aus mindestens 75 % recyceltem Polyester. Tipps zum Drucken: Wenn der Name und die Nummer auf dem Bild genau Ihren W\u00fcnschen entsprechen, m\u00fcssen Sie sie nicht erneut eingeben. Wenn [&hellip;]<\/p>","protected":false},"featured_media":3245,"comment_status":"open","ping_status":"closed","template":"","meta":[],"product_brand":[],"product_cat":[151],"product_tag":[20,38,21,24,94,152,153,154],"class_list":{"0":"post-3206","1":"product","2":"type-product","3":"status-publish","4":"has-post-thumbnail","6":"product_cat-liverpool-kindertrikot","7":"product_tag-coole-fussballtrikots","8":"product_tag-fussball-trikot-langarm","9":"product_tag-fussballtrikot-fuer-herren","10":"product_tag-guenstiges-fussballtrikot","11":"product_tag-kinder-fussball-trikotsatz","12":"product_tag-liverpool-heimtrikot","13":"product_tag-liverpool-trikots","14":"product_tag-liverpool-trikotsatz-fuer-kinder","16":"first","17":"instock","18":"shipping-taxable","19":"purchasable","20":"product-type-variable"},"_links":{"self":[{"href":"https:\/\/www.billigtrikotde.com\/sv\/wp-json\/wp\/v2\/product\/3206","targetHints":{"allow":["GET"]}}],"collection":[{"href":"https:\/\/www.billigtrikotde.com\/sv\/wp-json\/wp\/v2\/product"}],"about":[{"href":"https:\/\/www.billigtrikotde.com\/sv\/wp-json\/wp\/v2\/types\/product"}],"replies":[{"embeddable":true,"href":"https:\/\/www.billigtrikotde.com\/sv\/wp-json\/wp\/v2\/comments?post=3206"}],"wp:featuredmedia":[{"embeddable":true,"href":"https:\/\/www.billigtrikotde.com\/sv\/wp-json\/wp\/v2\/media\/3245"}],"wp:attachment":[{"href":"https:\/\/www.billigtrikotde.com\/sv\/wp-json\/wp\/v2\/media?parent=3206"}],"wp:term":[{"taxonomy":"product_brand","embeddable":true,"href":"https:\/\/www.billigtrikotde.com\/sv\/wp-json\/wp\/v2\/product_brand?post=3206"},{"taxonomy":"product_cat","embeddable":true,"href":"https:\/\/www.billigtrikotde.com\/sv\/wp-json\/wp\/v2\/product_cat?post=3206"},{"taxonomy":"product_tag","embeddable":true,"href":"https:\/\/www.billigtrikotde.com\/sv\/wp-json\/wp\/v2\/product_tag?post=3206"}],"curies":[{"name":"wp","href":"https:\/\/api.w.org\/{rel}","templated":true}]}}