{"id":3187,"date":"2024-10-23T14:50:41","date_gmt":"2024-10-23T12:50:41","guid":{"rendered":"http:\/\/billigtrikots.com\/?post_type=product&#038;p=3187"},"modified":"2024-10-23T14:52:45","modified_gmt":"2024-10-23T12:52:45","slug":"juventus-kinder-torwart-trikot-21-22-schwarz-trikotsatz-fussball-fan-trikots","status":"publish","type":"product","link":"https:\/\/www.billigtrikotde.com\/sv\/juventus-kinder-torwart-trikot-21-22-schwarz-trikotsatz-fussball-fan-trikots\/","title":{"rendered":"Juventus Barn M\u00e5lvaktstr\u00f6ja 21\/22 Svart Kit Fotboll Fan Tr\u00f6jor"},"content":{"rendered":"<p>Barnens a-didas-tr\u00f6ja i gr\u00f6n f\u00e4rg l\u00e5ter dig b\u00e4ra ditt f\u00f6renings f\u00e4rger och visa alla vad ditt hj\u00e4rta sl\u00e5r f\u00f6r. Tr\u00f6jan v\u00e4cker entusiasm bland riktiga FC Juventus Turin-fans. Den bekv\u00e4ma, fuktavledande, l\u00e4tta och andningsbara funktionaliteten \u00f6vertygar. Den utm\u00e4rker sig visuellt med en f\u00f6reningslogga p\u00e5 br\u00f6stet. S\u00e5 kan du visa alla att du \u00e4r den b\u00e4sta p\u00e5 planen.<\/p>\n<p>Tips f\u00f6r utskrift: Om namn och nummer p\u00e5 bilden \u00e4r exakt vad du vill ha, beh\u00f6ver du inte ange dem igen. Om inte, ska du ange \u00f6nskat namn och nummer.<\/p>\n<p>Tips f\u00f6r tv\u00e4tt: Det \u00e4r rekommenderat att tv\u00e4tta fotbollstr\u00f6jor f\u00f6r hand. Om du vill anv\u00e4nda tv\u00e4ttmaskinen ska du komma ih\u00e5g att v\u00e4nda fotbollstr\u00f6jorna ut och in och sedan tv\u00e4tta dem. Fyll maskinen med kallt vatten och anv\u00e4nd ett skonsamt program f\u00f6r att b\u00e4ttre skydda f\u00e4rgerna.<\/p>","protected":false},"excerpt":{"rendered":"<p>Barnens a-didas-tr\u00f6ja i gr\u00f6n f\u00e4rg l\u00e5ter dig b\u00e4ra ditt f\u00f6renings f\u00e4rger och visa alla vad ditt hj\u00e4rta sl\u00e5r f\u00f6r. Tr\u00f6jan v\u00e4cker entusiasm bland riktiga FC Juventus Turin-fans. Den bekv\u00e4ma, fuktavledande, l\u00e4tta och andningsbara funktionaliteten \u00f6vertygar. Den utm\u00e4rker sig visuellt med en f\u00f6reningslogga p\u00e5 br\u00f6stet. S\u00e5 kan du visa alla att du \u00e4r den b\u00e4sta p\u00e5 planen.<\/p>","protected":false},"featured_media":3222,"comment_status":"open","ping_status":"closed","template":"","meta":[],"product_brand":[],"product_cat":[148],"product_tag":[20,38,24,149,94],"class_list":{"0":"post-3187","1":"product","2":"type-product","3":"status-publish","4":"has-post-thumbnail","6":"product_cat-juventus-kindertrikot","7":"product_tag-coole-fussballtrikots","8":"product_tag-fussball-trikot-langarm","9":"product_tag-guenstiges-fussballtrikot","10":"product_tag-juventus-trikotsatz-fuer-kinder","11":"product_tag-kinder-fussball-trikotsatz","13":"first","14":"instock","15":"shipping-taxable","16":"purchasable","17":"product-type-variable"},"_links":{"self":[{"href":"https:\/\/www.billigtrikotde.com\/sv\/wp-json\/wp\/v2\/product\/3187","targetHints":{"allow":["GET"]}}],"collection":[{"href":"https:\/\/www.billigtrikotde.com\/sv\/wp-json\/wp\/v2\/product"}],"about":[{"href":"https:\/\/www.billigtrikotde.com\/sv\/wp-json\/wp\/v2\/types\/product"}],"replies":[{"embeddable":true,"href":"https:\/\/www.billigtrikotde.com\/sv\/wp-json\/wp\/v2\/comments?post=3187"}],"wp:featuredmedia":[{"embeddable":true,"href":"https:\/\/www.billigtrikotde.com\/sv\/wp-json\/wp\/v2\/media\/3222"}],"wp:attachment":[{"href":"https:\/\/www.billigtrikotde.com\/sv\/wp-json\/wp\/v2\/media?parent=3187"}],"wp:term":[{"taxonomy":"product_brand","embeddable":true,"href":"https:\/\/www.billigtrikotde.com\/sv\/wp-json\/wp\/v2\/product_brand?post=3187"},{"taxonomy":"product_cat","embeddable":true,"href":"https:\/\/www.billigtrikotde.com\/sv\/wp-json\/wp\/v2\/product_cat?post=3187"},{"taxonomy":"product_tag","embeddable":true,"href":"https:\/\/www.billigtrikotde.com\/sv\/wp-json\/wp\/v2\/product_tag?post=3187"}],"curies":[{"name":"wp","href":"https:\/\/api.w.org\/{rel}","templated":true}]}}