{"id":3141,"date":"2024-10-23T14:48:27","date_gmt":"2024-10-23T12:48:27","guid":{"rendered":"http:\/\/billigtrikots.com\/?post_type=product&#038;p=3141"},"modified":"2025-06-16T16:04:08","modified_gmt":"2025-06-16T14:04:08","slug":"juventus-turin-trikot-away-2021-22-fuer-kinder-schwarz-mit-aufdruck-ronaldo-7","status":"publish","type":"product","link":"https:\/\/www.billigtrikotde.com\/sv\/juventus-turin-trikot-away-2021-22-fuer-kinder-schwarz-mit-aufdruck-ronaldo-7\/","title":{"rendered":"Juventus Turin Jersey Away 2021\/22 f\u00f6r barn svart med tryck Ronaldo 7"},"content":{"rendered":"<p>Visa ditt lagstolthet och st\u00f6tta Juventus Turin s\u00e4songen 2021\/2022 i den officiella adidas bortatr\u00f6jan. Fan-versionen av bortatr\u00f6jan f\u00f6r barn ser ut som modellen som Juve-proffsen b\u00e4r p\u00e5 planen. Designen med f\u00e4rgglada detaljer och de 3 strecken med f\u00e4rgskiftning \u00e4r inspirerad av den energifyllda elektro-scenen i Turin. Det h\u00e5llbara Primegreen-materialet best\u00e5r av \u00e5tervunnen polyester och ger tack vare den fuktavledande AEROREADY-teknologin en behagligt torr k\u00e4nsla. \u00c4kta lagdetaljer som klubbemblemet p\u00e5 br\u00f6stet visar din tillh\u00f6righet till 'Den Gamla Damen'.<\/p>\n<p>Tips f\u00f6r utskrift: Om namn och nummer p\u00e5 bilden \u00e4r exakt vad du vill ha, beh\u00f6ver du inte ange dem igen. Om inte, ska du ange \u00f6nskat namn och nummer.<\/p>\n<p>Tips f\u00f6r tv\u00e4tt: Det \u00e4r rekommenderat att tv\u00e4tta fotbollstr\u00f6jor f\u00f6r hand. Om du vill anv\u00e4nda tv\u00e4ttmaskinen ska du komma ih\u00e5g att v\u00e4nda fotbollstr\u00f6jorna ut och in och sedan tv\u00e4tta dem. Fyll maskinen med kallt vatten och anv\u00e4nd ett skonsamt program f\u00f6r att b\u00e4ttre skydda f\u00e4rgerna.<\/p>","protected":false},"excerpt":{"rendered":"<p>Zeige deinen Teamstolz und unterst\u00fctze Juventus Turin in der Saison 2021\/2022 im offiziellen adidas Ausw\u00e4rtstrikot. Die Fan-Version des Away Jerseys f\u00fcr Kinder sieht aus wie das Modell, das die Juve-Profis auf dem Platz tragen. Das Design mit bunten Details und den 3-Streifen mit Farbverlauf ist von der energiegeladenen Elektro-Szene Turins inspiriert. Das nachhaltige Primegreen-Material besteht [&hellip;]<\/p>","protected":false},"featured_media":3182,"comment_status":"open","ping_status":"closed","template":"","meta":[],"product_brand":[],"product_cat":[148],"product_tag":[20,150,61,149,94],"class_list":{"0":"post-3141","1":"product","2":"type-product","3":"status-publish","4":"has-post-thumbnail","6":"product_cat-juventus-kindertrikot","7":"product_tag-coole-fussballtrikots","8":"product_tag-juventus-auswaertstrikot","9":"product_tag-juventus-trikots","10":"product_tag-juventus-trikotsatz-fuer-kinder","11":"product_tag-kinder-fussball-trikotsatz","13":"first","14":"instock","15":"shipping-taxable","16":"purchasable","17":"product-type-variable"},"_links":{"self":[{"href":"https:\/\/www.billigtrikotde.com\/sv\/wp-json\/wp\/v2\/product\/3141","targetHints":{"allow":["GET"]}}],"collection":[{"href":"https:\/\/www.billigtrikotde.com\/sv\/wp-json\/wp\/v2\/product"}],"about":[{"href":"https:\/\/www.billigtrikotde.com\/sv\/wp-json\/wp\/v2\/types\/product"}],"replies":[{"embeddable":true,"href":"https:\/\/www.billigtrikotde.com\/sv\/wp-json\/wp\/v2\/comments?post=3141"}],"wp:featuredmedia":[{"embeddable":true,"href":"https:\/\/www.billigtrikotde.com\/sv\/wp-json\/wp\/v2\/media\/3182"}],"wp:attachment":[{"href":"https:\/\/www.billigtrikotde.com\/sv\/wp-json\/wp\/v2\/media?parent=3141"}],"wp:term":[{"taxonomy":"product_brand","embeddable":true,"href":"https:\/\/www.billigtrikotde.com\/sv\/wp-json\/wp\/v2\/product_brand?post=3141"},{"taxonomy":"product_cat","embeddable":true,"href":"https:\/\/www.billigtrikotde.com\/sv\/wp-json\/wp\/v2\/product_cat?post=3141"},{"taxonomy":"product_tag","embeddable":true,"href":"https:\/\/www.billigtrikotde.com\/sv\/wp-json\/wp\/v2\/product_tag?post=3141"}],"curies":[{"name":"wp","href":"https:\/\/api.w.org\/{rel}","templated":true}]}}