{"id":3086,"date":"2024-10-23T14:45:39","date_gmt":"2024-10-23T12:45:39","guid":{"rendered":"http:\/\/billigtrikots.com\/?post_type=product&#038;p=3086"},"modified":"2024-10-23T14:47:50","modified_gmt":"2024-10-23T12:47:50","slug":"fussballtrikot-fc-barcelona-2021-22-heim-trikotsatz-blau-rot-kinder-memphis-9","status":"publish","type":"product","link":"https:\/\/www.billigtrikotde.com\/sv\/fussballtrikot-fc-barcelona-2021-22-heim-trikotsatz-blau-rot-kinder-memphis-9\/","title":{"rendered":"Fotbollstr\u00f6ja FC Barcelona 2021\/22 Hemmast\u00e4ll bl\u00e5 r\u00f6d Barn Memphis 9"},"content":{"rendered":"<p>Barntr\u00f6jan fr\u00e5n Nike i bl\u00e5tt l\u00e5ter dig b\u00e4ra lagets f\u00e4rger och visa alla vad ditt hj\u00e4rta sl\u00e5r f\u00f6r. Ut\u00f6ka din FC Barcelona-kollektion med hemmatr\u00f6jan, som \u00e4ven spelarna i Primera Division b\u00e4r. Vi rekommenderar denna l\u00e4tta, bekv\u00e4ma, andningsbara och svettavledande modell med en behaglig k\u00e4nsla vid b\u00e4rning. Detta \u00e4r en sporttr\u00f6ja som garanterat kan gl\u00e4nsa tack vare klubbm\u00e4rket p\u00e5 br\u00f6stet. S\u00e5 blir du \u00e4nnu mer prestationsf\u00e4hig och kan ge allt i varje tr\u00e4ningstillf\u00e4lle. Den fantastiska bl\u00e5 modellen med randigt m\u00f6nster ser helt enkelt fantastisk ut.<\/p>\n<p>Tips f\u00f6r utskrift: Om namn och nummer p\u00e5 bilden \u00e4r exakt vad du vill ha, beh\u00f6ver du inte ange dem igen. Om inte, ska du ange \u00f6nskat namn och nummer.<\/p>\n<p>Tips f\u00f6r tv\u00e4tt: Det \u00e4r rekommenderat att tv\u00e4tta fotbollstr\u00f6jor f\u00f6r hand. Om du vill anv\u00e4nda tv\u00e4ttmaskinen ska du komma ih\u00e5g att v\u00e4nda fotbollstr\u00f6jorna ut och in och sedan tv\u00e4tta dem. Fyll maskinen med kallt vatten och anv\u00e4nd ett skonsamt program f\u00f6r att b\u00e4ttre skydda f\u00e4rgerna.<\/p>","protected":false},"excerpt":{"rendered":"<p>Das Kinder-Trikot von Nike in Blau l\u00e4sst dich die Farben deines Vereins tragen und allen zeigen, wof\u00fcr dein Herz schl\u00e4gt. Erweitere deine FC Barcelona-Kollektion mit dem Heim-Trikot, das auch die Spieler in der Primera Division tragen. Wir empfehlen dieses leichte, bequeme, atmungsaktive und schwei\u00dfableitende Modell mit dem angenehmen Tragegef\u00fchl. Dies ist ein Sportshirt, das durch [&hellip;]<\/p>","protected":false},"featured_media":3126,"comment_status":"open","ping_status":"closed","template":"","meta":[],"product_brand":[],"product_cat":[146],"product_tag":[32,147,20,33,21,22,23,24,94],"class_list":{"0":"post-3086","1":"product","2":"type-product","3":"status-publish","4":"has-post-thumbnail","6":"product_cat-barcelona-kindertrikot","7":"product_tag-barcelona-heimtrikot","8":"product_tag-barcelona-trikotsatz-fuer-kinder","9":"product_tag-coole-fussballtrikots","10":"product_tag-fc-barcelona-trikots","11":"product_tag-fussballtrikot-fuer-herren","12":"product_tag-fussballtrikot-guenstig-kaufen","13":"product_tag-fussballtrikot-kurzarm","14":"product_tag-guenstiges-fussballtrikot","15":"product_tag-kinder-fussball-trikotsatz","17":"first","18":"instock","19":"shipping-taxable","20":"purchasable","21":"product-type-variable"},"_links":{"self":[{"href":"https:\/\/www.billigtrikotde.com\/sv\/wp-json\/wp\/v2\/product\/3086","targetHints":{"allow":["GET"]}}],"collection":[{"href":"https:\/\/www.billigtrikotde.com\/sv\/wp-json\/wp\/v2\/product"}],"about":[{"href":"https:\/\/www.billigtrikotde.com\/sv\/wp-json\/wp\/v2\/types\/product"}],"replies":[{"embeddable":true,"href":"https:\/\/www.billigtrikotde.com\/sv\/wp-json\/wp\/v2\/comments?post=3086"}],"wp:featuredmedia":[{"embeddable":true,"href":"https:\/\/www.billigtrikotde.com\/sv\/wp-json\/wp\/v2\/media\/3126"}],"wp:attachment":[{"href":"https:\/\/www.billigtrikotde.com\/sv\/wp-json\/wp\/v2\/media?parent=3086"}],"wp:term":[{"taxonomy":"product_brand","embeddable":true,"href":"https:\/\/www.billigtrikotde.com\/sv\/wp-json\/wp\/v2\/product_brand?post=3086"},{"taxonomy":"product_cat","embeddable":true,"href":"https:\/\/www.billigtrikotde.com\/sv\/wp-json\/wp\/v2\/product_cat?post=3086"},{"taxonomy":"product_tag","embeddable":true,"href":"https:\/\/www.billigtrikotde.com\/sv\/wp-json\/wp\/v2\/product_tag?post=3086"}],"curies":[{"name":"wp","href":"https:\/\/api.w.org\/{rel}","templated":true}]}}