{"id":3057,"date":"2024-10-23T14:44:28","date_gmt":"2024-10-23T12:44:28","guid":{"rendered":"http:\/\/billigtrikots.com\/?post_type=product&#038;p=3057"},"modified":"2024-10-23T14:46:43","modified_gmt":"2024-10-23T12:46:43","slug":"kinder-fussballtrikot-fc-barcelona-2021-22-trikot-away-mit-aufdruck-ansu-fati-10","status":"publish","type":"product","link":"https:\/\/www.billigtrikotde.com\/sv\/kinder-fussballtrikot-fc-barcelona-2021-22-trikot-away-mit-aufdruck-ansu-fati-10\/","title":{"rendered":"Barn Fotbollstr\u00f6ja FC Barcelona 2021\/22 Tr\u00f6ja Away med tryck ANSU FATI 10"},"content":{"rendered":"<p>De yngsta fansen visar sitt st\u00f6d genom den svalkande modellen i lila. Nike har med ungdomarnas sporttop skapat en mycket perfekt produkt. \u00c4lska ditt lag \u2013 med bortasporttoppen fr\u00e5n FC Barcelona, som till och med b\u00e4rs av spelarna i Primera Division, visar du vem ditt hj\u00e4rta sl\u00e5r f\u00f6r. Den bekv\u00e4ma, svalkande, svettavl\u00e4gsnande, andningsbara och l\u00e4tta funktionaliteten g\u00f6r det \u00f6vertygande. Den fantastiska utseendet p\u00e5 denna tr\u00f6ja f\u00f6rst\u00e4rks av en klubbvapen p\u00e5 br\u00f6stet. Med denna tr\u00f6ja \u00e4r du perfekt utrustad f\u00f6r n\u00e4sta tr\u00e4ningspass.<\/p>\n<p>Tips f\u00f6r utskrift: Om namn och nummer p\u00e5 bilden \u00e4r exakt vad du vill ha, beh\u00f6ver du inte ange dem igen. Om inte, ska du ange \u00f6nskat namn och nummer.<\/p>\n<p>Tips f\u00f6r tv\u00e4tt: Det \u00e4r rekommenderat att tv\u00e4tta fotbollstr\u00f6jor f\u00f6r hand. Om du vill anv\u00e4nda tv\u00e4ttmaskinen ska du komma ih\u00e5g att v\u00e4nda fotbollstr\u00f6jorna ut och in och sedan tv\u00e4tta dem. Fyll maskinen med kallt vatten och anv\u00e4nd ett skonsamt program f\u00f6r att b\u00e4ttre skydda f\u00e4rgerna.<\/p>","protected":false},"excerpt":{"rendered":"<p>Die j\u00fcngsten Fans zeigen ihre Unterst\u00fctzung durch das k\u00fchlende Modell in Lila. Nike hat mit dem Kinder-Sporttop ein sehr perfektes Produkt erschaffen. Liebe deine Mannschaft \u2013 mit dem Ausw\u00e4rts-Sporttop des FC Barcelona, das sogar von den Spielern in der Primera Division getragen wird, zeigst du, f\u00fcr wen dein Herz schl\u00e4gt. Die bequeme, k\u00fchlende, schwei\u00dfableitende, atmungsaktive [&hellip;]<\/p>","protected":false},"featured_media":3092,"comment_status":"open","ping_status":"closed","template":"","meta":[],"product_brand":[],"product_cat":[146],"product_tag":[36,147,20,33,21,22,23,24,94],"class_list":{"0":"post-3057","1":"product","2":"type-product","3":"status-publish","4":"has-post-thumbnail","6":"product_cat-barcelona-kindertrikot","7":"product_tag-barcelona-auswaertstrikot","8":"product_tag-barcelona-trikotsatz-fuer-kinder","9":"product_tag-coole-fussballtrikots","10":"product_tag-fc-barcelona-trikots","11":"product_tag-fussballtrikot-fuer-herren","12":"product_tag-fussballtrikot-guenstig-kaufen","13":"product_tag-fussballtrikot-kurzarm","14":"product_tag-guenstiges-fussballtrikot","15":"product_tag-kinder-fussball-trikotsatz","17":"first","18":"instock","19":"shipping-taxable","20":"purchasable","21":"product-type-variable"},"_links":{"self":[{"href":"https:\/\/www.billigtrikotde.com\/sv\/wp-json\/wp\/v2\/product\/3057","targetHints":{"allow":["GET"]}}],"collection":[{"href":"https:\/\/www.billigtrikotde.com\/sv\/wp-json\/wp\/v2\/product"}],"about":[{"href":"https:\/\/www.billigtrikotde.com\/sv\/wp-json\/wp\/v2\/types\/product"}],"replies":[{"embeddable":true,"href":"https:\/\/www.billigtrikotde.com\/sv\/wp-json\/wp\/v2\/comments?post=3057"}],"wp:featuredmedia":[{"embeddable":true,"href":"https:\/\/www.billigtrikotde.com\/sv\/wp-json\/wp\/v2\/media\/3092"}],"wp:attachment":[{"href":"https:\/\/www.billigtrikotde.com\/sv\/wp-json\/wp\/v2\/media?parent=3057"}],"wp:term":[{"taxonomy":"product_brand","embeddable":true,"href":"https:\/\/www.billigtrikotde.com\/sv\/wp-json\/wp\/v2\/product_brand?post=3057"},{"taxonomy":"product_cat","embeddable":true,"href":"https:\/\/www.billigtrikotde.com\/sv\/wp-json\/wp\/v2\/product_cat?post=3057"},{"taxonomy":"product_tag","embeddable":true,"href":"https:\/\/www.billigtrikotde.com\/sv\/wp-json\/wp\/v2\/product_tag?post=3057"}],"curies":[{"name":"wp","href":"https:\/\/api.w.org\/{rel}","templated":true}]}}