{"id":3001,"date":"2024-10-23T14:41:53","date_gmt":"2024-10-23T12:41:53","guid":{"rendered":"http:\/\/billigtrikots.com\/?post_type=product&#038;p=3001"},"modified":"2024-10-23T14:43:54","modified_gmt":"2024-10-23T12:43:54","slug":"kindertrikot-manchester-city-2022-auswaertstrikot-weiss-fuer-kinder-kompany-4","status":"publish","type":"product","link":"https:\/\/www.billigtrikotde.com\/sv\/kindertrikot-manchester-city-2022-auswaertstrikot-weiss-fuer-kinder-kompany-4\/","title":{"rendered":"Manchester City 2022 bortakit f\u00f6r barn vitt f\u00f6r barn KOMPANY 4"},"content":{"rendered":"<p>Den vita modellen som andas g\u00f6r det ocks\u00e5 m\u00f6jligt f\u00f6r unga fans att visa sin lojalitet till sitt favoritlag. PUMA sl\u00e4pper en verkligt unik produkt med denna sporttr\u00f6ja f\u00f6r barn. Varje sann Manchester City-supporter beh\u00f6ver den h\u00e4r bortatr\u00f6jan, eftersom spelarna ocks\u00e5 b\u00e4r den i Premier League. Vi rekommenderar denna l\u00e4tta, bekv\u00e4ma, andningsbara och svettavledande modell med sin behagliga k\u00e4nsla. Den sticker ut visuellt med ett klubbm\u00e4rke p\u00e5 br\u00f6stet. Med den h\u00e4r tr\u00f6jan \u00e4r du perfekt utrustad f\u00f6r varje tr\u00e4ningspass och match.<\/p>\n<p>Tips f\u00f6r utskrift: Om namn och nummer p\u00e5 bilden \u00e4r exakt vad du vill ha, beh\u00f6ver du inte ange dem igen. Om inte, ska du ange \u00f6nskat namn och nummer.<\/p>\n<p>Tips f\u00f6r tv\u00e4tt: Det \u00e4r rekommenderat att tv\u00e4tta fotbollstr\u00f6jor f\u00f6r hand. Om du vill anv\u00e4nda tv\u00e4ttmaskinen ska du komma ih\u00e5g att v\u00e4nda fotbollstr\u00f6jorna ut och in och sedan tv\u00e4tta dem. Fyll maskinen med kallt vatten och anv\u00e4nd ett skonsamt program f\u00f6r att b\u00e4ttre skydda f\u00e4rgerna.<\/p>","protected":false},"excerpt":{"rendered":"<p>Das atmungsaktive Modell in Wei\u00df l\u00e4sst auch junge Fans ihre Zugeh\u00f6rigkeit zum Lieblingsteam zeigen. PUMA ver\u00f6ffentlicht mit dem Kinder-Sportshirt ein wirklich einmaliges Produkt. Jeder wahre Manchester City-Supporter ben\u00f6tigt dieses Ausw\u00e4rts-Sportshirt, denn auch die Spieler tragen es in der Premier League. Wir empfehlen dieses leichte, bequeme, atmungsaktive und schwei\u00dfableitende Modell mit dem angenehmen Tragegef\u00fchl. Es besticht [&hellip;]<\/p>","protected":false},"featured_media":3042,"comment_status":"open","ping_status":"closed","template":"","meta":[],"product_brand":[],"product_cat":[144],"product_tag":[20,94,83,84,145],"class_list":{"0":"post-3001","1":"product","2":"type-product","3":"status-publish","4":"has-post-thumbnail","6":"product_cat-manchester-city-kindertrikot","7":"product_tag-coole-fussballtrikots","8":"product_tag-kinder-fussball-trikotsatz","9":"product_tag-manchester-city-auswaertstrikot","10":"product_tag-manchester-city-trikots","11":"product_tag-manchester-city-trikotsatz-fuer-kinder","13":"first","14":"instock","15":"shipping-taxable","16":"purchasable","17":"product-type-variable"},"_links":{"self":[{"href":"https:\/\/www.billigtrikotde.com\/sv\/wp-json\/wp\/v2\/product\/3001","targetHints":{"allow":["GET"]}}],"collection":[{"href":"https:\/\/www.billigtrikotde.com\/sv\/wp-json\/wp\/v2\/product"}],"about":[{"href":"https:\/\/www.billigtrikotde.com\/sv\/wp-json\/wp\/v2\/types\/product"}],"replies":[{"embeddable":true,"href":"https:\/\/www.billigtrikotde.com\/sv\/wp-json\/wp\/v2\/comments?post=3001"}],"wp:featuredmedia":[{"embeddable":true,"href":"https:\/\/www.billigtrikotde.com\/sv\/wp-json\/wp\/v2\/media\/3042"}],"wp:attachment":[{"href":"https:\/\/www.billigtrikotde.com\/sv\/wp-json\/wp\/v2\/media?parent=3001"}],"wp:term":[{"taxonomy":"product_brand","embeddable":true,"href":"https:\/\/www.billigtrikotde.com\/sv\/wp-json\/wp\/v2\/product_brand?post=3001"},{"taxonomy":"product_cat","embeddable":true,"href":"https:\/\/www.billigtrikotde.com\/sv\/wp-json\/wp\/v2\/product_cat?post=3001"},{"taxonomy":"product_tag","embeddable":true,"href":"https:\/\/www.billigtrikotde.com\/sv\/wp-json\/wp\/v2\/product_tag?post=3001"}],"curies":[{"name":"wp","href":"https:\/\/api.w.org\/{rel}","templated":true}]}}