{"id":2975,"date":"2024-10-23T14:40:47","date_gmt":"2024-10-23T12:40:47","guid":{"rendered":"http:\/\/billigtrikots.com\/?post_type=product&#038;p=2975"},"modified":"2024-10-23T14:42:49","modified_gmt":"2024-10-23T12:42:49","slug":"manchester-united-auswaertstrikot-2022-fuer-kinder-mit-aufdruck-pogba-6","status":"publish","type":"product","link":"https:\/\/www.billigtrikotde.com\/sv\/manchester-united-auswaertstrikot-2022-fuer-kinder-mit-aufdruck-pogba-6\/","title":{"rendered":"Manchester United bortakit 2022 f\u00f6r barn med tryck Pogba 6"},"content":{"rendered":"<p>Gl\u00f6m aldrig var du kommer ifr\u00e5n! Bokstaven \u201eM\u201c f\u00f6r klubbens hemstad har ofta funnits p\u00e5 de legendariska utrustningarna fr\u00e5n Manchester United. Denna fotbollstr\u00f6ja fr\u00e5n adidas i barn- och ton\u00e5rsversionen tar upp bokstaven igen och har ett modernt utseende som p\u00e5minner om en klassisk tr\u00f6ja fr\u00e5n b\u00f6rjan av 90-talet. Den mjuka dubbelstickade materialen och den fuktabsorberande AEROREADY-teknologin garanterar en behagligt torr k\u00e4nsla. Den v\u00e4vda klubbflaggan visar dessutom att du \u00e4r en riktig Manchester United-fan. Denna produkt \u00e4r Primegreen: tillverkad med olika funktionella \u00e5tervinningsmaterial.<\/p>\n<p>Tips f\u00f6r utskrift: Om namn och nummer p\u00e5 bilden \u00e4r exakt vad du vill ha, beh\u00f6ver du inte ange dem igen. Om inte, ska du ange \u00f6nskat namn och nummer.<\/p>\n<p>Tips f\u00f6r tv\u00e4tt: Det \u00e4r rekommenderat att tv\u00e4tta fotbollstr\u00f6jor f\u00f6r hand. Om du vill anv\u00e4nda tv\u00e4ttmaskinen ska du komma ih\u00e5g att v\u00e4nda fotbollstr\u00f6jorna ut och in och sedan tv\u00e4tta dem. Fyll maskinen med kallt vatten och anv\u00e4nd ett skonsamt program f\u00f6r att b\u00e4ttre skydda f\u00e4rgerna.<\/p>","protected":false},"excerpt":{"rendered":"<p>Vergiss nie, wo du herkommst! Der Buchstabe \u201eM\u201c f\u00fcr die Heimatstadt des Vereins hat schon oft seinen Weg auf die legend\u00e4ren Ausr\u00fcstungen von Manchester United gefunden. Dieses adidas Fu\u00dfballtrikot in der Version f\u00fcr Kinder und Teens greift den Buchstaben wieder auf und kommt mit einem modernen Look, der an ein klassisches Trikot aus den fr\u00fchen [&hellip;]<\/p>","protected":false},"featured_media":3016,"comment_status":"open","ping_status":"closed","template":"","meta":[],"product_brand":[],"product_cat":[140],"product_tag":[20,94,51,52,142],"class_list":{"0":"post-2975","1":"product","2":"type-product","3":"status-publish","4":"has-post-thumbnail","6":"product_cat-manchester-united-kindertrikot","7":"product_tag-coole-fussballtrikots","8":"product_tag-kinder-fussball-trikotsatz","9":"product_tag-manchester-united-auswaertstrikot","10":"product_tag-manchester-united-trikots","11":"product_tag-manchester-united-trikotsatz-fuer-kinder","13":"first","14":"instock","15":"shipping-taxable","16":"purchasable","17":"product-type-variable"},"_links":{"self":[{"href":"https:\/\/www.billigtrikotde.com\/sv\/wp-json\/wp\/v2\/product\/2975","targetHints":{"allow":["GET"]}}],"collection":[{"href":"https:\/\/www.billigtrikotde.com\/sv\/wp-json\/wp\/v2\/product"}],"about":[{"href":"https:\/\/www.billigtrikotde.com\/sv\/wp-json\/wp\/v2\/types\/product"}],"replies":[{"embeddable":true,"href":"https:\/\/www.billigtrikotde.com\/sv\/wp-json\/wp\/v2\/comments?post=2975"}],"wp:featuredmedia":[{"embeddable":true,"href":"https:\/\/www.billigtrikotde.com\/sv\/wp-json\/wp\/v2\/media\/3016"}],"wp:attachment":[{"href":"https:\/\/www.billigtrikotde.com\/sv\/wp-json\/wp\/v2\/media?parent=2975"}],"wp:term":[{"taxonomy":"product_brand","embeddable":true,"href":"https:\/\/www.billigtrikotde.com\/sv\/wp-json\/wp\/v2\/product_brand?post=2975"},{"taxonomy":"product_cat","embeddable":true,"href":"https:\/\/www.billigtrikotde.com\/sv\/wp-json\/wp\/v2\/product_cat?post=2975"},{"taxonomy":"product_tag","embeddable":true,"href":"https:\/\/www.billigtrikotde.com\/sv\/wp-json\/wp\/v2\/product_tag?post=2975"}],"curies":[{"name":"wp","href":"https:\/\/api.w.org\/{rel}","templated":true}]}}