{"id":2961,"date":"2024-10-23T14:40:11","date_gmt":"2024-10-23T12:40:11","guid":{"rendered":"http:\/\/billigtrikots.com\/?post_type=product&#038;p=2961"},"modified":"2024-10-23T14:42:16","modified_gmt":"2024-10-23T12:42:16","slug":"manchester-united-cup-heimtrikot-2022-fuer-kinder-rot-mit-aufdruck-shaw-23","status":"publish","type":"product","link":"https:\/\/www.billigtrikotde.com\/sv\/manchester-united-cup-heimtrikot-2022-fuer-kinder-rot-mit-aufdruck-shaw-23\/","title":{"rendered":"Manchester United Cup hemmatr\u00f6ja 2022 f\u00f6r barn r\u00f6d med tryck SHAW 23"},"content":{"rendered":"<p>Ungdomstalanger, t\u00e4nder och den n\u00f6dv\u00e4ndiga portionen ambition. Dessa tre pelare har gett Manchester United mer \u00e4n ett sekel av framg\u00e5ngar. Denna adidas Manchester United-tr\u00f6ja f\u00f6r barn och ton\u00e5ringar \u00e4r inspirerad av den legendariska utrustningen, med sin rena r\u00f6da design och den vita, ribbade rundhalskragen, som laget anv\u00e4nde f\u00f6r att vinna n\u00e5gra av sina mest of\u00f6rgl\u00f6mliga triumfer. Designen f\u00f6r fans \u00e4r gjord av mjukt material med fuktabsorberande AEROREADY-teknologi och garanterar en behagligt torr och bekv\u00e4m k\u00e4nsla. Detaljen p\u00e5 baksidan visar dessutom att du \u00e4r en riktig fan. Denna produkt \u00e4r Primegreen: tillverkad med olika funktionella \u00e5tervinningsmaterial.<\/p>\n<p>Tips f\u00f6r utskrift: Om namn och nummer p\u00e5 bilden \u00e4r exakt vad du vill ha, beh\u00f6ver du inte ange dem igen. Om inte, ska du ange \u00f6nskat namn och nummer.<\/p>\n<p>Tips f\u00f6r tv\u00e4tt: Det \u00e4r rekommenderat att tv\u00e4tta fotbollstr\u00f6jor f\u00f6r hand. Om du vill anv\u00e4nda tv\u00e4ttmaskinen ska du komma ih\u00e5g att v\u00e4nda fotbollstr\u00f6jorna ut och in och sedan tv\u00e4tta dem. Fyll maskinen med kallt vatten och anv\u00e4nd ett skonsamt program f\u00f6r att b\u00e4ttre skydda f\u00e4rgerna.<\/p>","protected":false},"excerpt":{"rendered":"<p>Junge Talente, Biss und die n\u00f6tige Portion Ehrgeiz. Diese drei S\u00e4ulen bescheren Manchester United schon mehr als ein Jahrhundert lang rauschende Erfolge. Dieses adidas Manchester United Trikot f\u00fcr Kinder und Teens ist mit seinem cleanen roten Design und dem wei\u00dfen, gerippten Rundhalsausschnitt von der legend\u00e4ren Ausr\u00fcstung inspiriert, mit der die Mannschaft einige ihrer unvergesslichsten Triumphe [&hellip;]<\/p>","protected":false},"featured_media":3002,"comment_status":"open","ping_status":"closed","template":"","meta":[],"product_brand":[],"product_cat":[140],"product_tag":[20,94,141,52,142],"class_list":{"0":"post-2961","1":"product","2":"type-product","3":"status-publish","4":"has-post-thumbnail","6":"product_cat-manchester-united-kindertrikot","7":"product_tag-coole-fussballtrikots","8":"product_tag-kinder-fussball-trikotsatz","9":"product_tag-manchester-united-heimtrikot","10":"product_tag-manchester-united-trikots","11":"product_tag-manchester-united-trikotsatz-fuer-kinder","13":"first","14":"instock","15":"shipping-taxable","16":"purchasable","17":"product-type-variable"},"_links":{"self":[{"href":"https:\/\/www.billigtrikotde.com\/sv\/wp-json\/wp\/v2\/product\/2961","targetHints":{"allow":["GET"]}}],"collection":[{"href":"https:\/\/www.billigtrikotde.com\/sv\/wp-json\/wp\/v2\/product"}],"about":[{"href":"https:\/\/www.billigtrikotde.com\/sv\/wp-json\/wp\/v2\/types\/product"}],"replies":[{"embeddable":true,"href":"https:\/\/www.billigtrikotde.com\/sv\/wp-json\/wp\/v2\/comments?post=2961"}],"wp:featuredmedia":[{"embeddable":true,"href":"https:\/\/www.billigtrikotde.com\/sv\/wp-json\/wp\/v2\/media\/3002"}],"wp:attachment":[{"href":"https:\/\/www.billigtrikotde.com\/sv\/wp-json\/wp\/v2\/media?parent=2961"}],"wp:term":[{"taxonomy":"product_brand","embeddable":true,"href":"https:\/\/www.billigtrikotde.com\/sv\/wp-json\/wp\/v2\/product_brand?post=2961"},{"taxonomy":"product_cat","embeddable":true,"href":"https:\/\/www.billigtrikotde.com\/sv\/wp-json\/wp\/v2\/product_cat?post=2961"},{"taxonomy":"product_tag","embeddable":true,"href":"https:\/\/www.billigtrikotde.com\/sv\/wp-json\/wp\/v2\/product_tag?post=2961"}],"curies":[{"name":"wp","href":"https:\/\/api.w.org\/{rel}","templated":true}]}}