{"id":2861,"date":"2024-10-23T14:35:53","date_gmt":"2024-10-23T12:35:53","guid":{"rendered":"http:\/\/billigtrikots.com\/?post_type=product&#038;p=2861"},"modified":"2024-10-23T14:37:54","modified_gmt":"2024-10-23T12:37:54","slug":"kinder-trikotsatz-fc-bayern-muenchen-heimtrikot-rot-2022-mit-aufdruck-mueller-25","status":"publish","type":"product","link":"https:\/\/www.billigtrikotde.com\/sv\/kinder-trikotsatz-fc-bayern-muenchen-heimtrikot-rot-2022-mit-aufdruck-mueller-25\/","title":{"rendered":"Set med barntr\u00f6jor FC Bayern M\u00fcnchen hemmatr\u00f6ja r\u00f6d 2022 med tryck M\u00fcller 25"},"content":{"rendered":"<p>H\u00e4r kommer adidas barn-kit i r\u00f6tt som hj\u00e4lper dig att st\u00f6tta din favoritklubb i alla l\u00e4gen och visa vad ditt hj\u00e4rta sl\u00e5r f\u00f6r. Som en \u00e4kta FC Bayern M\u00fcnchen-fan beh\u00f6ver du detta hemmast\u00e4ll som spelarna i Bundesliga 1 b\u00e4r. Den svettavledande, bekv\u00e4ma och andningsbara funktionaliteten g\u00f6r att det \u00f6vertygar. Med detta set kan du bli \u00e4nnu mer presterande och f\u00f6rbereda dig f\u00f6r n\u00e4sta match. Den fantastiska looken p\u00e5 kitet f\u00f6rst\u00e4rks av klubbemblemet p\u00e5 br\u00f6stet och klubbemblemet p\u00e5 byxorna.<\/p>\n<p>Tips f\u00f6r utskrift: Om namn och nummer p\u00e5 bilden \u00e4r exakt vad du vill ha, beh\u00f6ver du inte ange dem igen. Om inte, ska du ange \u00f6nskat namn och nummer.<\/p>\n<p>Tips f\u00f6r tv\u00e4tt: Det \u00e4r rekommenderat att tv\u00e4tta fotbollstr\u00f6jor f\u00f6r hand. Om du vill anv\u00e4nda tv\u00e4ttmaskinen ska du komma ih\u00e5g att v\u00e4nda fotbollstr\u00f6jorna ut och in och sedan tv\u00e4tta dem. Fyll maskinen med kallt vatten och anv\u00e4nd ett skonsamt program f\u00f6r att b\u00e4ttre skydda f\u00e4rgerna.<\/p>","protected":false},"excerpt":{"rendered":"<p>Hier kommt das adidas Kinder-Kit in Rot, das dir hilft, deinen Lieblingsverein in jeder Lage zu supporten und zu zeigen, wof\u00fcr dein Herz schl\u00e4gt. Als echter FC Bayern M\u00fcnchen-Fan brauchst du dieses Heim-Set, das die Spieler in der 1. Bundesliga tragen. Die schwei\u00dfableitende, bequeme und atmungsaktive Funktionsweise l\u00e4sst es \u00fcberzeugen. Mit diesem Set kannst du [&hellip;]<\/p>","protected":false},"featured_media":2906,"comment_status":"open","ping_status":"closed","template":"","meta":[],"product_brand":[],"product_cat":[135],"product_tag":[136,137,138,20,94],"class_list":{"0":"post-2861","1":"product","2":"type-product","3":"status-publish","4":"has-post-thumbnail","6":"product_cat-bayern-munich-kindertrikot","7":"product_tag-bayern-muenchen-heimtrikot","8":"product_tag-bayern-muenchen-trikots","9":"product_tag-bayern-munich-trikotsatz-fuer-kinder","10":"product_tag-coole-fussballtrikots","11":"product_tag-kinder-fussball-trikotsatz","13":"first","14":"instock","15":"shipping-taxable","16":"purchasable","17":"product-type-variable"},"_links":{"self":[{"href":"https:\/\/www.billigtrikotde.com\/sv\/wp-json\/wp\/v2\/product\/2861","targetHints":{"allow":["GET"]}}],"collection":[{"href":"https:\/\/www.billigtrikotde.com\/sv\/wp-json\/wp\/v2\/product"}],"about":[{"href":"https:\/\/www.billigtrikotde.com\/sv\/wp-json\/wp\/v2\/types\/product"}],"replies":[{"embeddable":true,"href":"https:\/\/www.billigtrikotde.com\/sv\/wp-json\/wp\/v2\/comments?post=2861"}],"wp:featuredmedia":[{"embeddable":true,"href":"https:\/\/www.billigtrikotde.com\/sv\/wp-json\/wp\/v2\/media\/2906"}],"wp:attachment":[{"href":"https:\/\/www.billigtrikotde.com\/sv\/wp-json\/wp\/v2\/media?parent=2861"}],"wp:term":[{"taxonomy":"product_brand","embeddable":true,"href":"https:\/\/www.billigtrikotde.com\/sv\/wp-json\/wp\/v2\/product_brand?post=2861"},{"taxonomy":"product_cat","embeddable":true,"href":"https:\/\/www.billigtrikotde.com\/sv\/wp-json\/wp\/v2\/product_cat?post=2861"},{"taxonomy":"product_tag","embeddable":true,"href":"https:\/\/www.billigtrikotde.com\/sv\/wp-json\/wp\/v2\/product_tag?post=2861"}],"curies":[{"name":"wp","href":"https:\/\/api.w.org\/{rel}","templated":true}]}}