{"id":2827,"date":"2024-10-23T14:34:17","date_gmt":"2024-10-23T12:34:17","guid":{"rendered":"http:\/\/billigtrikots.com\/?post_type=product&#038;p=2827"},"modified":"2024-10-23T14:36:19","modified_gmt":"2024-10-23T12:36:19","slug":"trikotsatz-as-roma-heim-trikot-2022-rot-fuer-kinder-pellegrini-7","status":"publish","type":"product","link":"https:\/\/www.billigtrikotde.com\/sv\/trikotsatz-as-roma-heim-trikot-2022-rot-fuer-kinder-pellegrini-7\/","title":{"rendered":"AS Roma hemmast\u00e4ll 2022 r\u00f6d f\u00f6r barn PELLEGRINI 7"},"content":{"rendered":"<p>Med den nya Roma hemmatr\u00f6jan i dina hj\u00e4ltars originalutseende kan du inte bara g\u00f6ra stadion os\u00e4ker, utan ocks\u00e5 visa upp dig p\u00e5 din egen tr\u00e4ning! Den kommer i de traditionella hemmaf\u00e4rgerna r\u00f6tt och gult och \u00e4r utsmyckad med officiella klubbdetaljer och sponsorlogotyper. F\u00f6r f\u00f6rsta g\u00e5ngen kommer de gulr\u00f6da att utrustas av New Balance f\u00f6r den kommande s\u00e4songen!<\/p>\n<p>F\u00f6rutom designen har materialet och snittet ocks\u00e5 mycket att erbjuda. Hemmatr\u00f6jan kommer i b\u00e4sta kvalitet och \u00e4r tillverkad av 100% slitstark polyester. Dessutom transporterar NB Dry-materialet omedelbart bort svett fr\u00e5n kroppen, vilket h\u00e5ller dig torr och sval hela tiden. Den bekv\u00e4ma, vanliga passformen ger dig gott om r\u00f6relsefrihet och den mjuka V-halsen sitter t\u00e4tt mot huden.<\/p>\n<p>Tips f\u00f6r utskrift: Om namn och nummer p\u00e5 bilden \u00e4r exakt vad du vill ha, beh\u00f6ver du inte ange dem igen. Om inte, ska du ange \u00f6nskat namn och nummer.<\/p>\n<p>Tips f\u00f6r tv\u00e4tt: Det \u00e4r rekommenderat att tv\u00e4tta fotbollstr\u00f6jor f\u00f6r hand. Om du vill anv\u00e4nda tv\u00e4ttmaskinen ska du komma ih\u00e5g att v\u00e4nda fotbollstr\u00f6jorna ut och in och sedan tv\u00e4tta dem. Fyll maskinen med kallt vatten och anv\u00e4nd ett skonsamt program f\u00f6r att b\u00e4ttre skydda f\u00e4rgerna.<\/p>","protected":false},"excerpt":{"rendered":"<p>Med den nya Roma hemmatr\u00f6jan i dina hj\u00e4ltars originalutseende kan du inte bara g\u00f6ra stadion os\u00e4ker, utan ocks\u00e5 visa upp dig p\u00e5 din egen tr\u00e4ning! Den kommer i de traditionella hemmaf\u00e4rgerna r\u00f6tt och gult och \u00e4r utsmyckad med officiella klubbdetaljer och sponsorlogotyper. F\u00f6r f\u00f6rsta g\u00e5ngen kommer de gulr\u00f6da att utrustas av New Balance f\u00f6r den kommande s\u00e4songen!<\/p>","protected":false},"featured_media":2868,"comment_status":"open","ping_status":"closed","template":"","meta":[],"product_brand":[],"product_cat":[133],"product_tag":[86,87,134,20,94],"class_list":{"0":"post-2827","1":"product","2":"type-product","3":"status-publish","4":"has-post-thumbnail","6":"product_cat-as-roma-kindertrikot","7":"product_tag-as-roma-heimtrikot","8":"product_tag-as-roma-trikots","9":"product_tag-as-roma-trikotsatz-fuer-kinder","10":"product_tag-coole-fussballtrikots","11":"product_tag-kinder-fussball-trikotsatz","13":"first","14":"instock","15":"shipping-taxable","16":"purchasable","17":"product-type-variable"},"_links":{"self":[{"href":"https:\/\/www.billigtrikotde.com\/sv\/wp-json\/wp\/v2\/product\/2827","targetHints":{"allow":["GET"]}}],"collection":[{"href":"https:\/\/www.billigtrikotde.com\/sv\/wp-json\/wp\/v2\/product"}],"about":[{"href":"https:\/\/www.billigtrikotde.com\/sv\/wp-json\/wp\/v2\/types\/product"}],"replies":[{"embeddable":true,"href":"https:\/\/www.billigtrikotde.com\/sv\/wp-json\/wp\/v2\/comments?post=2827"}],"wp:featuredmedia":[{"embeddable":true,"href":"https:\/\/www.billigtrikotde.com\/sv\/wp-json\/wp\/v2\/media\/2868"}],"wp:attachment":[{"href":"https:\/\/www.billigtrikotde.com\/sv\/wp-json\/wp\/v2\/media?parent=2827"}],"wp:term":[{"taxonomy":"product_brand","embeddable":true,"href":"https:\/\/www.billigtrikotde.com\/sv\/wp-json\/wp\/v2\/product_brand?post=2827"},{"taxonomy":"product_cat","embeddable":true,"href":"https:\/\/www.billigtrikotde.com\/sv\/wp-json\/wp\/v2\/product_cat?post=2827"},{"taxonomy":"product_tag","embeddable":true,"href":"https:\/\/www.billigtrikotde.com\/sv\/wp-json\/wp\/v2\/product_tag?post=2827"}],"curies":[{"name":"wp","href":"https:\/\/api.w.org\/{rel}","templated":true}]}}