{"id":2784,"date":"2024-10-23T14:32:34","date_gmt":"2024-10-23T12:32:34","guid":{"rendered":"http:\/\/billigtrikots.com\/?post_type=product&#038;p=2784"},"modified":"2024-10-23T14:34:40","modified_gmt":"2024-10-23T12:34:40","slug":"herren-trikots-nationalteams-uruguay-heimtrikot-copa-america-2022-mit-aufdruck-bentancur-6","status":"publish","type":"product","link":"https:\/\/www.billigtrikotde.com\/sv\/herren-trikots-nationalteams-uruguay-heimtrikot-copa-america-2022-mit-aufdruck-bentancur-6\/","title":{"rendered":"Herrtr\u00f6jor \u2013 Landslag Uruguay Hemmatr\u00f6ja Copa America 2022 med tryck Bentancur 6"},"content":{"rendered":"<p>PUMA Uruguay Hemtr\u00f6ja 2021\/22 i bl\u00e5tt visar din ovillkorliga trohet och tillh\u00f6righet till ditt lag. Sporttoppen ger riktiga Uruguay-fans absolut entusiasm. Den \u00e4r andningsaktiv, mycket bekv\u00e4m och svettavledande. S\u00e5 blir du \u00e4nnu l\u00e4ngre kapabel och kan i varje pass ge allt. Den utm\u00e4rker sig visuellt med en f\u00f6rbundslogotyp p\u00e5 br\u00f6stet.<\/p>\n<p>Tips f\u00f6r utskrift: Om namn och nummer p\u00e5 bilden \u00e4r exakt vad du vill ha, beh\u00f6ver du inte ange dem igen. Om inte, ska du ange \u00f6nskat namn och nummer.<\/p>\n<p>Tips f\u00f6r tv\u00e4tt: Det \u00e4r rekommenderat att tv\u00e4tta fotbollstr\u00f6jor f\u00f6r hand. Om du vill anv\u00e4nda tv\u00e4ttmaskinen ska du komma ih\u00e5g att v\u00e4nda fotbollstr\u00f6jorna ut och in och sedan tv\u00e4tta dem. Fyll maskinen med kallt vatten och anv\u00e4nd ett skonsamt program f\u00f6r att b\u00e4ttre skydda f\u00e4rgerna.<\/p>","protected":false},"excerpt":{"rendered":"<p>PUMA Uruguay Hemtr\u00f6ja 2021\/22 i bl\u00e5tt visar din ovillkorliga trohet och tillh\u00f6righet till ditt lag. Sporttoppen ger riktiga Uruguay-fans absolut entusiasm. Den \u00e4r andningsaktiv, mycket bekv\u00e4m och svettavledande. S\u00e5 blir du \u00e4nnu l\u00e4ngre kapabel och kan i varje pass ge allt. Den utm\u00e4rker sig visuellt med en f\u00f6rbundslogotyp p\u00e5 br\u00f6stet.<\/p>","protected":false},"featured_media":2819,"comment_status":"open","ping_status":"closed","template":"","meta":[],"product_brand":[],"product_cat":[128],"product_tag":[20,21,22,23,24,129,130],"class_list":{"0":"post-2784","1":"product","2":"type-product","3":"status-publish","4":"has-post-thumbnail","6":"product_cat-uruguay-trikots","7":"product_tag-coole-fussballtrikots","8":"product_tag-fussballtrikot-fuer-herren","9":"product_tag-fussballtrikot-guenstig-kaufen","10":"product_tag-fussballtrikot-kurzarm","11":"product_tag-guenstiges-fussballtrikot","12":"product_tag-uruguay-heimtrikot","13":"product_tag-uruguay-trikots","15":"first","16":"instock","17":"shipping-taxable","18":"purchasable","19":"product-type-variable"},"_links":{"self":[{"href":"https:\/\/www.billigtrikotde.com\/sv\/wp-json\/wp\/v2\/product\/2784","targetHints":{"allow":["GET"]}}],"collection":[{"href":"https:\/\/www.billigtrikotde.com\/sv\/wp-json\/wp\/v2\/product"}],"about":[{"href":"https:\/\/www.billigtrikotde.com\/sv\/wp-json\/wp\/v2\/types\/product"}],"replies":[{"embeddable":true,"href":"https:\/\/www.billigtrikotde.com\/sv\/wp-json\/wp\/v2\/comments?post=2784"}],"wp:featuredmedia":[{"embeddable":true,"href":"https:\/\/www.billigtrikotde.com\/sv\/wp-json\/wp\/v2\/media\/2819"}],"wp:attachment":[{"href":"https:\/\/www.billigtrikotde.com\/sv\/wp-json\/wp\/v2\/media?parent=2784"}],"wp:term":[{"taxonomy":"product_brand","embeddable":true,"href":"https:\/\/www.billigtrikotde.com\/sv\/wp-json\/wp\/v2\/product_brand?post=2784"},{"taxonomy":"product_cat","embeddable":true,"href":"https:\/\/www.billigtrikotde.com\/sv\/wp-json\/wp\/v2\/product_cat?post=2784"},{"taxonomy":"product_tag","embeddable":true,"href":"https:\/\/www.billigtrikotde.com\/sv\/wp-json\/wp\/v2\/product_tag?post=2784"}],"curies":[{"name":"wp","href":"https:\/\/api.w.org\/{rel}","templated":true}]}}