{"id":2764,"date":"2024-10-23T14:31:31","date_gmt":"2024-10-23T12:31:31","guid":{"rendered":"http:\/\/billigtrikots.com\/?post_type=product&#038;p=2764"},"modified":"2024-10-23T14:33:36","modified_gmt":"2024-10-23T12:33:36","slug":"herren-trikotsatz-uruguay-2022-heimtrikot-hellblau-mit-aufdruck-valverde-15","status":"publish","type":"product","link":"https:\/\/www.billigtrikotde.com\/sv\/herren-trikotsatz-uruguay-2022-heimtrikot-hellblau-mit-aufdruck-valverde-15\/","title":{"rendered":"Herrtr\u00f6jset Uruguay 2022 Hemmatr\u00f6ja ljusbl\u00e5 med tryck VALVERDE 15"},"content":{"rendered":"<p>Den autentiska designen av denna Puma Hemtr\u00f6ja \u00e4r baserad p\u00e5 speltr\u00f6jorna f\u00f6r Uruguay-laget vid Copa Am\u00e9rica 2021. Med denna officiella replika hemtr\u00f6ja f\u00f6r herrar f\u00e5r du looken av dina favoritspelare. Det fukttransporterande dryCELL-materialet s\u00e4kerst\u00e4ller torr och bekv\u00e4m b\u00e4rkomfort, oavsett om det \u00e4r tr\u00e4ning eller p\u00e5 stadion. Den sportiga passformen st\u00f6djer dig vid alla r\u00f6relser. Vapen p\u00e5 br\u00f6stet l\u00e4mnar inga tvivel om vilket lag du st\u00e5r bakom.<\/p>\n<p>Tips f\u00f6r utskrift: Om namn och nummer p\u00e5 bilden \u00e4r exakt vad du vill ha, beh\u00f6ver du inte ange dem igen. Om inte, ska du ange \u00f6nskat namn och nummer.<\/p>\n<p>Tips f\u00f6r tv\u00e4tt: Det \u00e4r rekommenderat att tv\u00e4tta fotbollstr\u00f6jor f\u00f6r hand. Om du vill anv\u00e4nda tv\u00e4ttmaskinen ska du komma ih\u00e5g att v\u00e4nda fotbollstr\u00f6jorna ut och in och sedan tv\u00e4tta dem. Fyll maskinen med kallt vatten och anv\u00e4nd ett skonsamt program f\u00f6r att b\u00e4ttre skydda f\u00e4rgerna.<\/p>","protected":false},"excerpt":{"rendered":"<p>Das authentische Design dieses Puma Home Jerseys basiert auf den Spieltrikots des Uruguay-Teams bei der Copa Am\u00e9rica 2021. Mit diesem offiziellen Replica Heimtrikot f\u00fcr Herren erh\u00e4ltst du den Look deiner Lieblingsspieler. Das feuchtigkeitsleitende dryCELL-Material sorgt f\u00fcr trockenen und angenehmen Tragekomfort, egal ob beim Training oder im Stadion. Die sportliche Passform unterst\u00fctzt dich bei allen Bewegungsabl\u00e4ufen. [&hellip;]<\/p>","protected":false},"featured_media":2806,"comment_status":"open","ping_status":"closed","template":"","meta":[],"product_brand":[],"product_cat":[128],"product_tag":[20,21,22,23,24,129,130],"class_list":{"0":"post-2764","1":"product","2":"type-product","3":"status-publish","4":"has-post-thumbnail","6":"product_cat-uruguay-trikots","7":"product_tag-coole-fussballtrikots","8":"product_tag-fussballtrikot-fuer-herren","9":"product_tag-fussballtrikot-guenstig-kaufen","10":"product_tag-fussballtrikot-kurzarm","11":"product_tag-guenstiges-fussballtrikot","12":"product_tag-uruguay-heimtrikot","13":"product_tag-uruguay-trikots","15":"first","16":"instock","17":"shipping-taxable","18":"purchasable","19":"product-type-variable"},"_links":{"self":[{"href":"https:\/\/www.billigtrikotde.com\/sv\/wp-json\/wp\/v2\/product\/2764","targetHints":{"allow":["GET"]}}],"collection":[{"href":"https:\/\/www.billigtrikotde.com\/sv\/wp-json\/wp\/v2\/product"}],"about":[{"href":"https:\/\/www.billigtrikotde.com\/sv\/wp-json\/wp\/v2\/types\/product"}],"replies":[{"embeddable":true,"href":"https:\/\/www.billigtrikotde.com\/sv\/wp-json\/wp\/v2\/comments?post=2764"}],"wp:featuredmedia":[{"embeddable":true,"href":"https:\/\/www.billigtrikotde.com\/sv\/wp-json\/wp\/v2\/media\/2806"}],"wp:attachment":[{"href":"https:\/\/www.billigtrikotde.com\/sv\/wp-json\/wp\/v2\/media?parent=2764"}],"wp:term":[{"taxonomy":"product_brand","embeddable":true,"href":"https:\/\/www.billigtrikotde.com\/sv\/wp-json\/wp\/v2\/product_brand?post=2764"},{"taxonomy":"product_cat","embeddable":true,"href":"https:\/\/www.billigtrikotde.com\/sv\/wp-json\/wp\/v2\/product_cat?post=2764"},{"taxonomy":"product_tag","embeddable":true,"href":"https:\/\/www.billigtrikotde.com\/sv\/wp-json\/wp\/v2\/product_tag?post=2764"}],"curies":[{"name":"wp","href":"https:\/\/api.w.org\/{rel}","templated":true}]}}