{"id":2728,"date":"2024-10-23T14:29:53","date_gmt":"2024-10-23T12:29:53","guid":{"rendered":"http:\/\/billigtrikots.com\/?post_type=product&#038;p=2728"},"modified":"2024-10-23T14:31:58","modified_gmt":"2024-10-23T12:31:58","slug":"tschechien-heimtrikot-em-2022-herren-kurzarm-set-in-rot-mit-aufdruck-vaclik-1","status":"publish","type":"product","link":"https:\/\/www.billigtrikotde.com\/sv\/tschechien-heimtrikot-em-2022-herren-kurzarm-set-in-rot-mit-aufdruck-vaclik-1\/","title":{"rendered":"Tjeckien hemmatr\u00f6ja EM 2022 herr kort\u00e4rmad set i r\u00f6tt med tryck VACLIK 1"},"content":{"rendered":"<p>Visa din tillh\u00f6righet till ditt lag genom modellen i r\u00f6tt. Varum\u00e4rket PUMA lanserar med sporttr\u00f6jan en underbar produkt p\u00e5 marknaden. \u00c4lska ditt lag \u2013 med hemmatr\u00f6jan, som till och med spelarna vid Europam\u00e4sterskapet b\u00e4r, visar du f\u00f6r vem ditt hj\u00e4rta sl\u00e5r. Den \u00e4r andningsbar, bekv\u00e4m och l\u00e4tt. Dessutom erbjuds dig en h\u00f6g h\u00e5llbarhet. Med denna sporttr\u00f6ja kan du bli \u00e4nnu mer kraftfull och f\u00f6rbereda dig f\u00f6r n\u00e4sta match.<\/p>\n<p>Tips f\u00f6r utskrift: Om namn och nummer p\u00e5 bilden \u00e4r exakt vad du vill ha, beh\u00f6ver du inte ange dem igen. Om inte, ska du ange \u00f6nskat namn och nummer.<\/p>\n<p>Tips f\u00f6r tv\u00e4tt: Det \u00e4r rekommenderat att tv\u00e4tta fotbollstr\u00f6jor f\u00f6r hand. Om du vill anv\u00e4nda tv\u00e4ttmaskinen ska du komma ih\u00e5g att v\u00e4nda fotbollstr\u00f6jorna ut och in och sedan tv\u00e4tta dem. Fyll maskinen med kallt vatten och anv\u00e4nd ett skonsamt program f\u00f6r att b\u00e4ttre skydda f\u00e4rgerna.<\/p>","protected":false},"excerpt":{"rendered":"<p>Zeige deine Zugeh\u00f6rigkeit zu deinem Team durch das Modell in Rot. Die Marke PUMA bringt mit dem Sportshirt ein wunderbares Produkt auf den Markt. Liebe deine Mannschaft \u2013 mit dem Heim-Sportshirt, das sogar von den Spielern bei der Europameisterschaft getragen wird, zeigst du, f\u00fcr wen dein Herz schl\u00e4gt. Es ist atmungsaktiv, bequem und leicht. Au\u00dferdem [&hellip;]<\/p>","protected":false},"featured_media":2769,"comment_status":"open","ping_status":"closed","template":"","meta":[],"product_brand":[],"product_cat":[122],"product_tag":[20,21,22,23,24,123,124],"class_list":{"0":"post-2728","1":"product","2":"type-product","3":"status-publish","4":"has-post-thumbnail","6":"product_cat-tschechien-trikots","7":"product_tag-coole-fussballtrikots","8":"product_tag-fussballtrikot-fuer-herren","9":"product_tag-fussballtrikot-guenstig-kaufen","10":"product_tag-fussballtrikot-kurzarm","11":"product_tag-guenstiges-fussballtrikot","12":"product_tag-tschechien-heimtrikot","13":"product_tag-tschechien-trikots","15":"first","16":"instock","17":"shipping-taxable","18":"purchasable","19":"product-type-variable"},"_links":{"self":[{"href":"https:\/\/www.billigtrikotde.com\/sv\/wp-json\/wp\/v2\/product\/2728","targetHints":{"allow":["GET"]}}],"collection":[{"href":"https:\/\/www.billigtrikotde.com\/sv\/wp-json\/wp\/v2\/product"}],"about":[{"href":"https:\/\/www.billigtrikotde.com\/sv\/wp-json\/wp\/v2\/types\/product"}],"replies":[{"embeddable":true,"href":"https:\/\/www.billigtrikotde.com\/sv\/wp-json\/wp\/v2\/comments?post=2728"}],"wp:featuredmedia":[{"embeddable":true,"href":"https:\/\/www.billigtrikotde.com\/sv\/wp-json\/wp\/v2\/media\/2769"}],"wp:attachment":[{"href":"https:\/\/www.billigtrikotde.com\/sv\/wp-json\/wp\/v2\/media?parent=2728"}],"wp:term":[{"taxonomy":"product_brand","embeddable":true,"href":"https:\/\/www.billigtrikotde.com\/sv\/wp-json\/wp\/v2\/product_brand?post=2728"},{"taxonomy":"product_cat","embeddable":true,"href":"https:\/\/www.billigtrikotde.com\/sv\/wp-json\/wp\/v2\/product_cat?post=2728"},{"taxonomy":"product_tag","embeddable":true,"href":"https:\/\/www.billigtrikotde.com\/sv\/wp-json\/wp\/v2\/product_tag?post=2728"}],"curies":[{"name":"wp","href":"https:\/\/api.w.org\/{rel}","templated":true}]}}