{"id":2700,"date":"2024-10-23T14:28:47","date_gmt":"2024-10-23T12:28:47","guid":{"rendered":"http:\/\/billigtrikots.com\/?post_type=product&#038;p=2700"},"modified":"2024-10-23T14:30:48","modified_gmt":"2024-10-23T12:30:48","slug":"frankreich-auswaertstrikot-em-2022-weiss-dunkelblau-mit-aufdruck-zidane-10","status":"publish","type":"product","link":"https:\/\/www.billigtrikotde.com\/sv\/frankreich-auswaertstrikot-em-2022-weiss-dunkelblau-mit-aufdruck-zidane-10\/","title":{"rendered":"Frankrike bortast\u00e4ll EM 2022 vit m\u00f6rkbl\u00e5 med tryck ZIDANE 10"},"content":{"rendered":"<p>F\u00f6retr\u00e4da ditt lag i NIKE Frankrike Breathe Stadium Bortatr\u00f6ja. Det extremt andningsbara materialet leder bort svett fr\u00e5n huden och ger d\u00e4rmed en sval komfort att b\u00e4ra p\u00e5 planen eller l\u00e4ktaren. NIKE Breathe-materialet s\u00e4kerst\u00e4ller torr och behagligt sval b\u00e4rkomfort. Med den autentiska designen f\u00e5r du looken som \u00e4ven proffsen p\u00e5 planen b\u00e4r.<\/p>\n<p>Tips f\u00f6r utskrift: Om namn och nummer p\u00e5 bilden \u00e4r exakt vad du vill ha, beh\u00f6ver du inte ange dem igen. Om inte, ska du ange \u00f6nskat namn och nummer.<\/p>\n<p>Tips f\u00f6r tv\u00e4tt: Det \u00e4r rekommenderat att tv\u00e4tta fotbollstr\u00f6jor f\u00f6r hand. Om du vill anv\u00e4nda tv\u00e4ttmaskinen ska du komma ih\u00e5g att v\u00e4nda fotbollstr\u00f6jorna ut och in och sedan tv\u00e4tta dem. Fyll maskinen med kallt vatten och anv\u00e4nd ett skonsamt program f\u00f6r att b\u00e4ttre skydda f\u00e4rgerna.<\/p>","protected":false},"excerpt":{"rendered":"<p>F\u00f6retr\u00e4da ditt lag i NIKE Frankrike Breathe Stadium Bortatr\u00f6ja. Det extremt andningsbara materialet leder bort svett fr\u00e5n huden och ger d\u00e4rmed en sval komfort att b\u00e4ra p\u00e5 planen eller l\u00e4ktaren. NIKE Breathe-materialet s\u00e4kerst\u00e4ller torr och behagligt sval b\u00e4rkomfort. Med den autentiska designen f\u00e5r du looken som \u00e4ven proffsen p\u00e5 planen b\u00e4r.<\/p>","protected":false},"featured_media":2741,"comment_status":"open","ping_status":"closed","template":"","meta":[],"product_brand":[],"product_cat":[117],"product_tag":[20,118,119,21,22,23,24],"class_list":{"0":"post-2700","1":"product","2":"type-product","3":"status-publish","4":"has-post-thumbnail","6":"product_cat-frankreich-trikots","7":"product_tag-coole-fussballtrikots","8":"product_tag-frankreich-auswaertstrikot","9":"product_tag-frankreich-trikots","10":"product_tag-fussballtrikot-fuer-herren","11":"product_tag-fussballtrikot-guenstig-kaufen","12":"product_tag-fussballtrikot-kurzarm","13":"product_tag-guenstiges-fussballtrikot","15":"first","16":"instock","17":"shipping-taxable","18":"purchasable","19":"product-type-variable"},"_links":{"self":[{"href":"https:\/\/www.billigtrikotde.com\/sv\/wp-json\/wp\/v2\/product\/2700","targetHints":{"allow":["GET"]}}],"collection":[{"href":"https:\/\/www.billigtrikotde.com\/sv\/wp-json\/wp\/v2\/product"}],"about":[{"href":"https:\/\/www.billigtrikotde.com\/sv\/wp-json\/wp\/v2\/types\/product"}],"replies":[{"embeddable":true,"href":"https:\/\/www.billigtrikotde.com\/sv\/wp-json\/wp\/v2\/comments?post=2700"}],"wp:featuredmedia":[{"embeddable":true,"href":"https:\/\/www.billigtrikotde.com\/sv\/wp-json\/wp\/v2\/media\/2741"}],"wp:attachment":[{"href":"https:\/\/www.billigtrikotde.com\/sv\/wp-json\/wp\/v2\/media?parent=2700"}],"wp:term":[{"taxonomy":"product_brand","embeddable":true,"href":"https:\/\/www.billigtrikotde.com\/sv\/wp-json\/wp\/v2\/product_brand?post=2700"},{"taxonomy":"product_cat","embeddable":true,"href":"https:\/\/www.billigtrikotde.com\/sv\/wp-json\/wp\/v2\/product_cat?post=2700"},{"taxonomy":"product_tag","embeddable":true,"href":"https:\/\/www.billigtrikotde.com\/sv\/wp-json\/wp\/v2\/product_tag?post=2700"}],"curies":[{"name":"wp","href":"https:\/\/api.w.org\/{rel}","templated":true}]}}