{"id":2609,"date":"2024-10-23T14:24:27","date_gmt":"2024-10-23T12:24:27","guid":{"rendered":"http:\/\/billigtrikots.com\/?post_type=product&#038;p=2609"},"modified":"2024-10-23T14:26:30","modified_gmt":"2024-10-23T12:26:30","slug":"england-heimtrikot-em-2022-weiss-blau-mit-aufdruck-sterling-10","status":"publish","type":"product","link":"https:\/\/www.billigtrikotde.com\/sv\/england-heimtrikot-em-2022-weiss-blau-mit-aufdruck-sterling-10\/","title":{"rendered":"England hemmatr\u00f6ja EM 2022 vit\/bl\u00e5 med tryck STERLING 10"},"content":{"rendered":"<p>Som \u00e4kta fan beh\u00f6ver du den h\u00e4r hemmatr\u00f6jan som spelarna b\u00e4r under Europam\u00e4sterskapet. Vi rekommenderar denna svettavledande, andningsbara, l\u00e4tta och superbekv\u00e4ma modell med en behaglig k\u00e4nsla vid b\u00e4rande. Dessutom erbjuds du h\u00f6g h\u00e5llbarhet. Den fantastiska looken p\u00e5 tr\u00f6jan f\u00f6rst\u00e4rks av f\u00f6rbundsloggan p\u00e5 br\u00f6stet. Med denna sporttop \u00e4r du perfekt utrustad f\u00f6r n\u00e4sta pass.<\/p>\n<p>Tips f\u00f6r utskrift: Om namn och nummer p\u00e5 bilden \u00e4r exakt vad du vill ha, beh\u00f6ver du inte ange dem igen. Om inte, ska du ange \u00f6nskat namn och nummer.<\/p>\n<p>Tips f\u00f6r tv\u00e4tt: Det \u00e4r rekommenderat att tv\u00e4tta fotbollstr\u00f6jor f\u00f6r hand. Om du vill anv\u00e4nda tv\u00e4ttmaskinen ska du komma ih\u00e5g att v\u00e4nda fotbollstr\u00f6jorna ut och in och sedan tv\u00e4tta dem. Fyll maskinen med kallt vatten och anv\u00e4nd ett skonsamt program f\u00f6r att b\u00e4ttre skydda f\u00e4rgerna.<\/p>","protected":false},"excerpt":{"rendered":"<p>Als echter Fan brauchst du dieses Heim-Trikot, das die Spieler bei der Europameisterschaft tragen. Wir empfehlen dieses schwei\u00dfableitende, atmungsaktive, leichte und super bequeme Modell mit dem angenehmen Tragegef\u00fchl. Au\u00dferdem wird dir eine hohe Haltbarkeit geboten. Untermalt wird die tolle Optik des Shirts durch das Verbandslogo auf der Brust. Mit diesem Sporttop bist du f\u00fcr die [&hellip;]<\/p>","protected":false},"featured_media":2648,"comment_status":"open","ping_status":"closed","template":"","meta":[],"product_brand":[],"product_cat":[115],"product_tag":[20,116,21,22,23,24],"class_list":{"0":"post-2609","1":"product","2":"type-product","3":"status-publish","4":"has-post-thumbnail","6":"product_cat-england-trikots","7":"product_tag-coole-fussballtrikots","8":"product_tag-england-heimtrikot","9":"product_tag-fussballtrikot-fuer-herren","10":"product_tag-fussballtrikot-guenstig-kaufen","11":"product_tag-fussballtrikot-kurzarm","12":"product_tag-guenstiges-fussballtrikot","14":"first","15":"instock","16":"shipping-taxable","17":"purchasable","18":"product-type-variable"},"_links":{"self":[{"href":"https:\/\/www.billigtrikotde.com\/sv\/wp-json\/wp\/v2\/product\/2609","targetHints":{"allow":["GET"]}}],"collection":[{"href":"https:\/\/www.billigtrikotde.com\/sv\/wp-json\/wp\/v2\/product"}],"about":[{"href":"https:\/\/www.billigtrikotde.com\/sv\/wp-json\/wp\/v2\/types\/product"}],"replies":[{"embeddable":true,"href":"https:\/\/www.billigtrikotde.com\/sv\/wp-json\/wp\/v2\/comments?post=2609"}],"wp:featuredmedia":[{"embeddable":true,"href":"https:\/\/www.billigtrikotde.com\/sv\/wp-json\/wp\/v2\/media\/2648"}],"wp:attachment":[{"href":"https:\/\/www.billigtrikotde.com\/sv\/wp-json\/wp\/v2\/media?parent=2609"}],"wp:term":[{"taxonomy":"product_brand","embeddable":true,"href":"https:\/\/www.billigtrikotde.com\/sv\/wp-json\/wp\/v2\/product_brand?post=2609"},{"taxonomy":"product_cat","embeddable":true,"href":"https:\/\/www.billigtrikotde.com\/sv\/wp-json\/wp\/v2\/product_cat?post=2609"},{"taxonomy":"product_tag","embeddable":true,"href":"https:\/\/www.billigtrikotde.com\/sv\/wp-json\/wp\/v2\/product_tag?post=2609"}],"curies":[{"name":"wp","href":"https:\/\/api.w.org\/{rel}","templated":true}]}}