{"id":2578,"date":"2024-10-23T14:23:17","date_gmt":"2024-10-23T12:23:17","guid":{"rendered":"http:\/\/billigtrikots.com\/?post_type=product&#038;p=2578"},"modified":"2024-10-23T14:25:23","modified_gmt":"2024-10-23T12:25:23","slug":"herren-trikotsatz-brasilien-2022-heimtrikot-gelb-mit-aufdruck-ronaldo-9","status":"publish","type":"product","link":"https:\/\/www.billigtrikotde.com\/sv\/herren-trikotsatz-brasilien-2022-heimtrikot-gelb-mit-aufdruck-ronaldo-9\/","title":{"rendered":"Brasilien 2022 hemmast\u00e4ll f\u00f6r herrar gult med tryck Ronaldo 9"},"content":{"rendered":"<p>Tr\u00f6jorna f\u00f6r Brasilien 2020 \u00e4r de f\u00f6rsta som har den helt nya f\u00f6rbundslogotypen, som presenterades i april 2019.<\/p>\n<p>Den brasilianska Copa America 2020-hemfotbollstr\u00f6jan \u00e4r \u00f6verv\u00e4gande gul, kombinerad med gr\u00f6nt f\u00f6r kragen och manschetterna. F\u00f6r att fira 50-\u00e5rsdagen av 1970 \u00e5rs VM-seger \u00e4r designen av Nike Brazil 2020 hemmatr\u00f6ja inspirerad av den som bars under VM f\u00f6r ett halvt sekel sedan.<\/p>\n<p>Tips f\u00f6r utskrift: Om namn och nummer p\u00e5 bilden \u00e4r exakt vad du vill ha, beh\u00f6ver du inte ange dem igen. Om inte, ska du ange \u00f6nskat namn och nummer.<\/p>\n<p>Tips f\u00f6r tv\u00e4tt: Det \u00e4r rekommenderat att tv\u00e4tta fotbollstr\u00f6jor f\u00f6r hand. Om du vill anv\u00e4nda tv\u00e4ttmaskinen ska du komma ih\u00e5g att v\u00e4nda fotbollstr\u00f6jorna ut och in och sedan tv\u00e4tta dem. Fyll maskinen med kallt vatten och anv\u00e4nd ett skonsamt program f\u00f6r att b\u00e4ttre skydda f\u00e4rgerna.<\/p>","protected":false},"excerpt":{"rendered":"<p>Die Trikots f\u00fcr Brasilien 2020 sind die ersten mit dem brandneuen Verbandslogo, das im April 2019 enth\u00fcllt wurde. Das brasilianische Copa America 2020-Heimfu\u00dfballtrikot ist \u00fcberwiegend gelb, kombiniert mit gr\u00fcn f\u00fcr Kragen und Manschetten. Zur Feier des 50. Jahrestages des Sieges bei der Weltmeisterschaft 1970 ist das Design des Nike Brasilien 2020 Heimtrikots von demjenigen inspiriert, [&hellip;]<\/p>","protected":false},"featured_media":2613,"comment_status":"open","ping_status":"closed","template":"","meta":[],"product_brand":[],"product_cat":[112],"product_tag":[20,113,114,21,22,23,24],"class_list":{"0":"post-2578","1":"product","2":"type-product","3":"status-publish","4":"has-post-thumbnail","6":"product_cat-brasilien-trikots","7":"product_tag-coole-fussballtrikots","8":"product_tag-brasilien-heimtrikot","9":"product_tag-brasilien-trikots","10":"product_tag-fussballtrikot-fuer-herren","11":"product_tag-fussballtrikot-guenstig-kaufen","12":"product_tag-fussballtrikot-kurzarm","13":"product_tag-guenstiges-fussballtrikot","15":"first","16":"instock","17":"shipping-taxable","18":"purchasable","19":"product-type-variable"},"_links":{"self":[{"href":"https:\/\/www.billigtrikotde.com\/sv\/wp-json\/wp\/v2\/product\/2578","targetHints":{"allow":["GET"]}}],"collection":[{"href":"https:\/\/www.billigtrikotde.com\/sv\/wp-json\/wp\/v2\/product"}],"about":[{"href":"https:\/\/www.billigtrikotde.com\/sv\/wp-json\/wp\/v2\/types\/product"}],"replies":[{"embeddable":true,"href":"https:\/\/www.billigtrikotde.com\/sv\/wp-json\/wp\/v2\/comments?post=2578"}],"wp:featuredmedia":[{"embeddable":true,"href":"https:\/\/www.billigtrikotde.com\/sv\/wp-json\/wp\/v2\/media\/2613"}],"wp:attachment":[{"href":"https:\/\/www.billigtrikotde.com\/sv\/wp-json\/wp\/v2\/media?parent=2578"}],"wp:term":[{"taxonomy":"product_brand","embeddable":true,"href":"https:\/\/www.billigtrikotde.com\/sv\/wp-json\/wp\/v2\/product_brand?post=2578"},{"taxonomy":"product_cat","embeddable":true,"href":"https:\/\/www.billigtrikotde.com\/sv\/wp-json\/wp\/v2\/product_cat?post=2578"},{"taxonomy":"product_tag","embeddable":true,"href":"https:\/\/www.billigtrikotde.com\/sv\/wp-json\/wp\/v2\/product_tag?post=2578"}],"curies":[{"name":"wp","href":"https:\/\/api.w.org\/{rel}","templated":true}]}}