{"id":2557,"date":"2024-10-23T14:22:10","date_gmt":"2024-10-23T12:22:10","guid":{"rendered":"http:\/\/billigtrikots.com\/?post_type=product&#038;p=2557"},"modified":"2024-10-23T14:24:18","modified_gmt":"2024-10-23T12:24:18","slug":"kindertrikot-borussia-dortmund-heimtrikot-in-gelbe-2022-trikotsatz","status":"publish","type":"product","link":"https:\/\/www.billigtrikotde.com\/sv\/kindertrikot-borussia-dortmund-heimtrikot-in-gelbe-2022-trikotsatz\/","title":{"rendered":"Barntr\u00f6ja Borussia Dortmund hemmatr\u00f6ja i gult 2022 kit"},"content":{"rendered":"<p>Hemtr\u00f6jan f\u00f6r s\u00e4songen 2022 i barnvariant. P\u00e5 s\u00e5 s\u00e4tt visar \u00e4ven sm\u00e5 Borussias k\u00e4rlek till sin f\u00f6rening och har BVB alltid med sig oavsett var de \u00e4r. Den fr\u00e4scha looken med randiga \u00e4rmar och det svarta nackomr\u00e5det g\u00f6r tr\u00f6jan \u00e4ven i barnstorlekar snyggt sportig<\/p>\n<p>Tr\u00f6jan kan flockas med en BVB-favoritspelare, med EMMA eller ens eget namn p\u00e5 ryggen.<\/p>\n<p>V\u00e4nligen observera att tr\u00f6jor som \u00e4r individuellt flockade inte g\u00e5r att byta. Samma g\u00e4ller vid spelare-, namn- och nummerbyten. Dessutom kan leveranstiden f\u00f6r flockade tr\u00f6jor f\u00f6rl\u00e4ngas n\u00e5got<\/p>\n<p>Dortmund-skapstexten \u00e4r f\u00f6rtryckt p\u00e5 tr\u00f6jorna<\/p>\n<p>Tips f\u00f6r utskrift: Om namn och nummer p\u00e5 bilden \u00e4r exakt vad du vill ha, beh\u00f6ver du inte ange dem igen. Om inte, ska du ange \u00f6nskat namn och nummer.<\/p>\n<p>Tips f\u00f6r tv\u00e4tt: Det \u00e4r rekommenderat att tv\u00e4tta fotbollstr\u00f6jor f\u00f6r hand. Om du vill anv\u00e4nda tv\u00e4ttmaskinen ska du komma ih\u00e5g att v\u00e4nda fotbollstr\u00f6jorna ut och in och sedan tv\u00e4tta dem. Fyll maskinen med kallt vatten och anv\u00e4nd ett skonsamt program f\u00f6r att b\u00e4ttre skydda f\u00e4rgerna.<\/p>","protected":false},"excerpt":{"rendered":"<p>Hemtr\u00f6jan f\u00f6r s\u00e4songen 2022 i barnvariant. P\u00e5 s\u00e5 s\u00e4tt visar \u00e4ven sm\u00e5 Borussias k\u00e4rlek till sin f\u00f6rening och har BVB alltid med sig oavsett var de \u00e4r. Den fr\u00e4scha looken med randiga \u00e4rmar och det svarta nackomr\u00e5det g\u00f6r tr\u00f6jan \u00e4ven i barnstorlekar snyggt sportig<\/p>","protected":false},"featured_media":2598,"comment_status":"open","ping_status":"closed","template":"","meta":[],"product_brand":[],"product_cat":[108],"product_tag":[20,110,65,109,66,94],"class_list":{"0":"post-2557","1":"product","2":"type-product","3":"status-publish","4":"has-post-thumbnail","6":"product_cat-borussia-dortmund-kindertrikot","7":"product_tag-coole-fussballtrikots","8":"product_tag-borussia-dortmund-heimtrikot","9":"product_tag-borussia-dortmund-trikots","10":"product_tag-borussia-dortmund-trikotsatz-fuer-kinder","11":"product_tag-bvb-trikots","12":"product_tag-kinder-fussball-trikotsatz","14":"first","15":"instock","16":"shipping-taxable","17":"purchasable","18":"product-type-variable"},"_links":{"self":[{"href":"https:\/\/www.billigtrikotde.com\/sv\/wp-json\/wp\/v2\/product\/2557","targetHints":{"allow":["GET"]}}],"collection":[{"href":"https:\/\/www.billigtrikotde.com\/sv\/wp-json\/wp\/v2\/product"}],"about":[{"href":"https:\/\/www.billigtrikotde.com\/sv\/wp-json\/wp\/v2\/types\/product"}],"replies":[{"embeddable":true,"href":"https:\/\/www.billigtrikotde.com\/sv\/wp-json\/wp\/v2\/comments?post=2557"}],"wp:featuredmedia":[{"embeddable":true,"href":"https:\/\/www.billigtrikotde.com\/sv\/wp-json\/wp\/v2\/media\/2598"}],"wp:attachment":[{"href":"https:\/\/www.billigtrikotde.com\/sv\/wp-json\/wp\/v2\/media?parent=2557"}],"wp:term":[{"taxonomy":"product_brand","embeddable":true,"href":"https:\/\/www.billigtrikotde.com\/sv\/wp-json\/wp\/v2\/product_brand?post=2557"},{"taxonomy":"product_cat","embeddable":true,"href":"https:\/\/www.billigtrikotde.com\/sv\/wp-json\/wp\/v2\/product_cat?post=2557"},{"taxonomy":"product_tag","embeddable":true,"href":"https:\/\/www.billigtrikotde.com\/sv\/wp-json\/wp\/v2\/product_tag?post=2557"}],"curies":[{"name":"wp","href":"https:\/\/api.w.org\/{rel}","templated":true}]}}