{"id":2546,"date":"2024-10-23T14:21:35","date_gmt":"2024-10-23T12:21:35","guid":{"rendered":"http:\/\/billigtrikots.com\/?post_type=product&#038;p=2546"},"modified":"2024-10-23T14:23:46","modified_gmt":"2024-10-23T12:23:46","slug":"bvb-borussia-dortmund-heimtrikot-in-gelbe-2022-fuer-kinder-mit-aufdruck-reus-11","status":"publish","type":"product","link":"https:\/\/www.billigtrikotde.com\/sv\/bvb-borussia-dortmund-heimtrikot-in-gelbe-2022-fuer-kinder-mit-aufdruck-reus-11\/","title":{"rendered":"BVB Borussia Dortmund hemmatr\u00f6ja i gult 2022 f\u00f6r barn med tryck Reus 11"},"content":{"rendered":"<p>Barntr\u00f6jor i BVB-design<br \/>\nEn tr\u00f6ja fr\u00e5n favoritfotbollsklubben \u00e4r en dr\u00f6m f\u00f6r varje liten framtida stj\u00e4rna. Om ditt barn \u00e4r ett stort BVB-fan hittar du h\u00e4r ett stort utbud av tr\u00f6jor f\u00f6r att kl\u00e4 honom eller henne i gult och svart. Tr\u00f6jorna finns h\u00e4r i m\u00e5nga olika utf\u00f6randen. Oavsett vilken du v\u00e4ljer, f\u00e5r du en \u00f6verdel som k\u00e4nnetecknas av f\u00f6ljande attribut:<\/p>\n<p>H\u00f6gkvalitativ tillverkning<br \/>\nStabilitet<br \/>\nAutenticitet<br \/>\nBra materialkvalitet<br \/>\n\u00d6verraska ditt barn med en fantastisk tr\u00f6ja, f\u00f6r i lagets f\u00e4rger \u00e4r gl\u00e4djen \u00f6ver spelet dubbelt s\u00e5 stor. Att b\u00e4ra tr\u00f6ja passar ocks\u00e5 vid m\u00e5nga andra tillf\u00e4llen. S\u00e4rskilt barn, som vanligtvis inte \u00e4r bundna av n\u00e5gon kl\u00e4dkod, gillar att b\u00e4ra sina lagtr\u00f6jor \u00e4ven i vardagen. De b\u00e4r dem g\u00e4rna i skolan och p\u00e5 fritiden. N\u00e4r de dessutom har turen att f\u00e5 se sitt lag live p\u00e5 stadion, \u00e4r en tr\u00f6ja naturligtvis alltid det sj\u00e4lvklara valet.<\/p>\n<p>Tips f\u00f6r utskrift: Om namn och nummer p\u00e5 bilden \u00e4r exakt vad du vill ha, beh\u00f6ver du inte ange dem igen. Om inte, ska du ange \u00f6nskat namn och nummer.<\/p>\n<p>Tips f\u00f6r tv\u00e4tt: Det \u00e4r rekommenderat att tv\u00e4tta fotbollstr\u00f6jor f\u00f6r hand. Om du vill anv\u00e4nda tv\u00e4ttmaskinen ska du komma ih\u00e5g att v\u00e4nda fotbollstr\u00f6jorna ut och in och sedan tv\u00e4tta dem. Fyll maskinen med kallt vatten och anv\u00e4nd ett skonsamt program f\u00f6r att b\u00e4ttre skydda f\u00e4rgerna.<\/p>","protected":false},"excerpt":{"rendered":"<p>Kindertrikots im BVB-Design Ein Trikot des Lieblingsfu\u00dfballvereins ist ein Traum f\u00fcr jeden kleinen Nachwuchsstar. Wenn dein Kind ein gro\u00dfer BVB-Fan ist, findest du hier eine gro\u00dfe Auswahl an Trikots, um sie oder ihn in Gelb und Schwarz zu h\u00fcllen. Die Trikots findest du hier in vielen verschiedenen Ausf\u00fchrungen. Egal f\u00fcr welches du dich entscheidest, du [&hellip;]<\/p>","protected":false},"featured_media":2587,"comment_status":"open","ping_status":"closed","template":"","meta":[],"product_brand":[],"product_cat":[108],"product_tag":[20,110,65,109,66,94],"class_list":{"0":"post-2546","1":"product","2":"type-product","3":"status-publish","4":"has-post-thumbnail","6":"product_cat-borussia-dortmund-kindertrikot","7":"product_tag-coole-fussballtrikots","8":"product_tag-borussia-dortmund-heimtrikot","9":"product_tag-borussia-dortmund-trikots","10":"product_tag-borussia-dortmund-trikotsatz-fuer-kinder","11":"product_tag-bvb-trikots","12":"product_tag-kinder-fussball-trikotsatz","14":"first","15":"instock","16":"shipping-taxable","17":"purchasable","18":"product-type-variable"},"_links":{"self":[{"href":"https:\/\/www.billigtrikotde.com\/sv\/wp-json\/wp\/v2\/product\/2546","targetHints":{"allow":["GET"]}}],"collection":[{"href":"https:\/\/www.billigtrikotde.com\/sv\/wp-json\/wp\/v2\/product"}],"about":[{"href":"https:\/\/www.billigtrikotde.com\/sv\/wp-json\/wp\/v2\/types\/product"}],"replies":[{"embeddable":true,"href":"https:\/\/www.billigtrikotde.com\/sv\/wp-json\/wp\/v2\/comments?post=2546"}],"wp:featuredmedia":[{"embeddable":true,"href":"https:\/\/www.billigtrikotde.com\/sv\/wp-json\/wp\/v2\/media\/2587"}],"wp:attachment":[{"href":"https:\/\/www.billigtrikotde.com\/sv\/wp-json\/wp\/v2\/media?parent=2546"}],"wp:term":[{"taxonomy":"product_brand","embeddable":true,"href":"https:\/\/www.billigtrikotde.com\/sv\/wp-json\/wp\/v2\/product_brand?post=2546"},{"taxonomy":"product_cat","embeddable":true,"href":"https:\/\/www.billigtrikotde.com\/sv\/wp-json\/wp\/v2\/product_cat?post=2546"},{"taxonomy":"product_tag","embeddable":true,"href":"https:\/\/www.billigtrikotde.com\/sv\/wp-json\/wp\/v2\/product_tag?post=2546"}],"curies":[{"name":"wp","href":"https:\/\/api.w.org\/{rel}","templated":true}]}}