{"id":2542,"date":"2024-10-23T14:21:32","date_gmt":"2024-10-23T12:21:32","guid":{"rendered":"http:\/\/billigtrikots.com\/?post_type=product&#038;p=2542"},"modified":"2024-10-23T14:23:44","modified_gmt":"2024-10-23T12:23:44","slug":"bvb-borussia-dortmund-heimtrikot-in-gelb-2022-fuer-kinder-mit-aufdruck-haaland-9","status":"publish","type":"product","link":"https:\/\/www.billigtrikotde.com\/sv\/bvb-borussia-dortmund-heimtrikot-in-gelb-2022-fuer-kinder-mit-aufdruck-haaland-9\/","title":{"rendered":"BVB Borussia Dortmund hemmatr\u00f6ja i gult 2022 f\u00f6r barn med tryck Haaland 9"},"content":{"rendered":"<p>Detta barntr\u00f6ja f\u00e5r din unga fotbollsspelare att se ut som en proffs. Denna tr\u00f6ja med rund hals, raglans\u00e4rmar med mesh-axels\u00f6m och integrerad elastisk midja \u00e4r lika robust som bekv\u00e4m. Och tack vare dryCELL-teknologin h\u00e5ller de sm\u00e5 sig torra och bekv\u00e4ma utan att svett f\u00f6rst\u00f6r st\u00e4mningen. Den officiella klubbvimpeln f\u00f6r Borussia Dortmund pryder b\u00e5de \u00f6verdelen och shortsen.<\/p>\n<p>Tips f\u00f6r utskrift: Om namn och nummer p\u00e5 bilden \u00e4r exakt vad du vill ha, beh\u00f6ver du inte ange dem igen. Om inte, ska du ange \u00f6nskat namn och nummer.<\/p>\n<p>Tips f\u00f6r tv\u00e4tt: Det \u00e4r rekommenderat att tv\u00e4tta fotbollstr\u00f6jor f\u00f6r hand. Om du vill anv\u00e4nda tv\u00e4ttmaskinen ska du komma ih\u00e5g att v\u00e4nda fotbollstr\u00f6jorna ut och in och sedan tv\u00e4tta dem. Fyll maskinen med kallt vatten och anv\u00e4nd ett skonsamt program f\u00f6r att b\u00e4ttre skydda f\u00e4rgerna.<\/p>","protected":false},"excerpt":{"rendered":"<p>Detta barntr\u00f6ja f\u00e5r din unga fotbollsspelare att se ut som en proffs. Denna tr\u00f6ja med rund hals, raglans\u00e4rmar med mesh-axels\u00f6m och integrerad elastisk midja \u00e4r lika robust som bekv\u00e4m. Och tack vare dryCELL-teknologin h\u00e5ller de sm\u00e5 sig torra och bekv\u00e4ma utan att svett f\u00f6rst\u00f6r st\u00e4mningen. Den officiella klubbvimpeln f\u00f6r Borussia Dortmund pryder b\u00e5de \u00f6verdelen och shortsen.<\/p>","protected":false},"featured_media":2585,"comment_status":"open","ping_status":"closed","template":"","meta":[],"product_brand":[],"product_cat":[108],"product_tag":[20,110,65,109,66,94],"class_list":{"0":"post-2542","1":"product","2":"type-product","3":"status-publish","4":"has-post-thumbnail","6":"product_cat-borussia-dortmund-kindertrikot","7":"product_tag-coole-fussballtrikots","8":"product_tag-borussia-dortmund-heimtrikot","9":"product_tag-borussia-dortmund-trikots","10":"product_tag-borussia-dortmund-trikotsatz-fuer-kinder","11":"product_tag-bvb-trikots","12":"product_tag-kinder-fussball-trikotsatz","14":"first","15":"instock","16":"shipping-taxable","17":"purchasable","18":"product-type-variable"},"_links":{"self":[{"href":"https:\/\/www.billigtrikotde.com\/sv\/wp-json\/wp\/v2\/product\/2542","targetHints":{"allow":["GET"]}}],"collection":[{"href":"https:\/\/www.billigtrikotde.com\/sv\/wp-json\/wp\/v2\/product"}],"about":[{"href":"https:\/\/www.billigtrikotde.com\/sv\/wp-json\/wp\/v2\/types\/product"}],"replies":[{"embeddable":true,"href":"https:\/\/www.billigtrikotde.com\/sv\/wp-json\/wp\/v2\/comments?post=2542"}],"wp:featuredmedia":[{"embeddable":true,"href":"https:\/\/www.billigtrikotde.com\/sv\/wp-json\/wp\/v2\/media\/2585"}],"wp:attachment":[{"href":"https:\/\/www.billigtrikotde.com\/sv\/wp-json\/wp\/v2\/media?parent=2542"}],"wp:term":[{"taxonomy":"product_brand","embeddable":true,"href":"https:\/\/www.billigtrikotde.com\/sv\/wp-json\/wp\/v2\/product_brand?post=2542"},{"taxonomy":"product_cat","embeddable":true,"href":"https:\/\/www.billigtrikotde.com\/sv\/wp-json\/wp\/v2\/product_cat?post=2542"},{"taxonomy":"product_tag","embeddable":true,"href":"https:\/\/www.billigtrikotde.com\/sv\/wp-json\/wp\/v2\/product_tag?post=2542"}],"curies":[{"name":"wp","href":"https:\/\/api.w.org\/{rel}","templated":true}]}}