{"id":2526,"date":"2024-10-23T14:20:53","date_gmt":"2024-10-23T12:20:53","guid":{"rendered":"http:\/\/billigtrikots.com\/?post_type=product&#038;p=2526"},"modified":"2024-10-23T14:22:38","modified_gmt":"2024-10-23T12:22:38","slug":"kinder-tottenham-hotspur-2022-goalkeeper-shirt-gruen-mit-aufdruck-lloris-1","status":"publish","type":"product","link":"https:\/\/www.billigtrikotde.com\/sv\/kinder-tottenham-hotspur-2022-goalkeeper-shirt-gruen-mit-aufdruck-lloris-1\/","title":{"rendered":"Barn Tottenham Hotspur 2022 M\u00e5lvaktstr\u00f6ja gr\u00f6n med tryck LLORIS 1"},"content":{"rendered":"<p>Representera ditt lag med Tottenham Hotspurs m\u00e5lvaktstr\u00f6ja f\u00f6r stadion. Dess ultra-andningsbara tyg transporterar bort svett f\u00f6r att h\u00e5lla dig sval p\u00e5 planen eller p\u00e5 l\u00e4ktaren.<\/p>\n<p>Tips f\u00f6r utskrift: Om namn och nummer p\u00e5 bilden \u00e4r exakt vad du vill ha, beh\u00f6ver du inte ange dem igen. Om inte, ska du ange \u00f6nskat namn och nummer.<\/p>\n<p>Tips f\u00f6r tv\u00e4tt: Det \u00e4r rekommenderat att tv\u00e4tta fotbollstr\u00f6jor f\u00f6r hand. Om du vill anv\u00e4nda tv\u00e4ttmaskinen ska du komma ih\u00e5g att v\u00e4nda fotbollstr\u00f6jorna ut och in och sedan tv\u00e4tta dem. Fyll maskinen med kallt vatten och anv\u00e4nd ett skonsamt program f\u00f6r att b\u00e4ttre skydda f\u00e4rgerna.<\/p>","protected":false},"excerpt":{"rendered":"<p>Representera ditt lag med Tottenham Hotspur stadionm\u00e5lvaktstr\u00f6jan. Dess ultrabredda andningsbara tyg leder bort svetten s\u00e5 att du h\u00e5ller dig sval p\u00e5 planen eller p\u00e5 l\u00e4ktaren. Skrivartips: Om namn och nummer p\u00e5 bilden exakt motsvarar dina \u00f6nskem\u00e5l beh\u00f6ver du inte skriva in dem igen. Om inte, b\u00f6r du dina \u00f6nskade [\u2026]<\/p>","protected":false},"featured_media":2562,"comment_status":"open","ping_status":"closed","template":"","meta":[],"product_brand":[],"product_cat":[102],"product_tag":[20,35,38,21,24,94,107,104,105],"class_list":{"0":"post-2526","1":"product","2":"type-product","3":"status-publish","4":"has-post-thumbnail","6":"product_cat-tottenham-hotspur-kindertrikot","7":"product_tag-coole-fussballtrikots","8":"product_tag-fussball-torwarttrikots","9":"product_tag-fussball-trikot-langarm","10":"product_tag-fussballtrikot-fuer-herren","11":"product_tag-guenstiges-fussballtrikot","12":"product_tag-kinder-fussball-trikotsatz","13":"product_tag-tottenham-hotspur-torwarttrikot","14":"product_tag-tottenham-hotspur-trikots","15":"product_tag-tottenham-hotspur-trikotsatz-fuer-kinder","17":"first","18":"instock","19":"shipping-taxable","20":"purchasable","21":"product-type-variable"},"_links":{"self":[{"href":"https:\/\/www.billigtrikotde.com\/sv\/wp-json\/wp\/v2\/product\/2526","targetHints":{"allow":["GET"]}}],"collection":[{"href":"https:\/\/www.billigtrikotde.com\/sv\/wp-json\/wp\/v2\/product"}],"about":[{"href":"https:\/\/www.billigtrikotde.com\/sv\/wp-json\/wp\/v2\/types\/product"}],"replies":[{"embeddable":true,"href":"https:\/\/www.billigtrikotde.com\/sv\/wp-json\/wp\/v2\/comments?post=2526"}],"wp:featuredmedia":[{"embeddable":true,"href":"https:\/\/www.billigtrikotde.com\/sv\/wp-json\/wp\/v2\/media\/2562"}],"wp:attachment":[{"href":"https:\/\/www.billigtrikotde.com\/sv\/wp-json\/wp\/v2\/media?parent=2526"}],"wp:term":[{"taxonomy":"product_brand","embeddable":true,"href":"https:\/\/www.billigtrikotde.com\/sv\/wp-json\/wp\/v2\/product_brand?post=2526"},{"taxonomy":"product_cat","embeddable":true,"href":"https:\/\/www.billigtrikotde.com\/sv\/wp-json\/wp\/v2\/product_cat?post=2526"},{"taxonomy":"product_tag","embeddable":true,"href":"https:\/\/www.billigtrikotde.com\/sv\/wp-json\/wp\/v2\/product_tag?post=2526"}],"curies":[{"name":"wp","href":"https:\/\/api.w.org\/{rel}","templated":true}]}}