{"id":2454,"date":"2024-10-23T14:17:36","date_gmt":"2024-10-23T12:17:36","guid":{"rendered":"http:\/\/billigtrikots.com\/?post_type=product&#038;p=2454"},"modified":"2024-10-23T14:19:43","modified_gmt":"2024-10-23T12:19:43","slug":"ac-mailand-auswaertstrikot-2022-beige-rot-fuer-kinder","status":"publish","type":"product","link":"https:\/\/www.billigtrikotde.com\/sv\/ac-mailand-auswaertstrikot-2022-beige-rot-fuer-kinder\/","title":{"rendered":"AC Milan Bortatr\u00f6ja 2022 Beige R\u00f6d f\u00f6r Barn"},"content":{"rendered":"<p>Din unga fotbollsspelare kommer att uppskatta dryCELL-teknologin i den h\u00e4r tr\u00f6jan, som ser till att fukten leds bort fr\u00e5n kroppen. Det g\u00f6r att han h\u00e5ller sig torr och bekv\u00e4m hela enheten igenom. Men den h\u00e4r tr\u00f6jan hyllar ocks\u00e5 kraften och p\u00e5verkan som sporten kan ha p\u00e5 v\u00e4rlden i allm\u00e4nhet. Den \u00e4r en del av Sports for Change-programmet, som syftar till att hj\u00e4lpa beh\u00f6vande ungdomar p\u00e5 sex kontinenter. Framsidan av denna tr\u00f6ja \u00e4r f\u00f6rsedd med den kultf\u00f6rklarade AC Milan-klubbloggan och den lika kultf\u00f6rklarade PUMA Cat-loggan p\u00e5 motsatta sidan.<\/p>\n<p>Tips f\u00f6r utskrift: Om namn och nummer p\u00e5 bilden \u00e4r exakt vad du vill ha, beh\u00f6ver du inte ange dem igen. Om inte, ska du ange \u00f6nskat namn och nummer.<\/p>\n<p>Tips f\u00f6r tv\u00e4tt: Det \u00e4r rekommenderat att tv\u00e4tta fotbollstr\u00f6jor f\u00f6r hand. Om du vill anv\u00e4nda tv\u00e4ttmaskinen ska du komma ih\u00e5g att v\u00e4nda fotbollstr\u00f6jorna ut och in och sedan tv\u00e4tta dem. Fyll maskinen med kallt vatten och anv\u00e4nd ett skonsamt program f\u00f6r att b\u00e4ttre skydda f\u00e4rgerna.<\/p>","protected":false},"excerpt":{"rendered":"<p>Dein junger Fu\u00dfballer wird die dryCELL Technologie in diesem Trikot zu sch\u00e4tzen wissen, die daf\u00fcr sorgt, dass die Feuchtigkeit vom K\u00f6rper weggeleitet wird. Damit wird er die ganze Einheit \u00fcber trocken und bequem bleiben. Aber dieses Trikot zelebriert auch die Kraft und den Einfluss, den der Sport auf die Welt im Allgemeinen haben kann. Es [&hellip;]<\/p>","protected":false},"featured_media":2495,"comment_status":"open","ping_status":"closed","template":"","meta":[],"product_brand":[],"product_cat":[92],"product_tag":[19,93,20,94],"class_list":{"0":"post-2454","1":"product","2":"type-product","3":"status-publish","4":"has-post-thumbnail","6":"product_cat-ac-mailand-kindertrikot","7":"product_tag-ac-milan-auswaertstrikot","8":"product_tag-ac-milan-trikotsatz-fuer-kinder","9":"product_tag-coole-fussballtrikots","10":"product_tag-kinder-fussball-trikotsatz","12":"first","13":"instock","14":"shipping-taxable","15":"purchasable","16":"product-type-variable"},"_links":{"self":[{"href":"https:\/\/www.billigtrikotde.com\/sv\/wp-json\/wp\/v2\/product\/2454","targetHints":{"allow":["GET"]}}],"collection":[{"href":"https:\/\/www.billigtrikotde.com\/sv\/wp-json\/wp\/v2\/product"}],"about":[{"href":"https:\/\/www.billigtrikotde.com\/sv\/wp-json\/wp\/v2\/types\/product"}],"replies":[{"embeddable":true,"href":"https:\/\/www.billigtrikotde.com\/sv\/wp-json\/wp\/v2\/comments?post=2454"}],"wp:featuredmedia":[{"embeddable":true,"href":"https:\/\/www.billigtrikotde.com\/sv\/wp-json\/wp\/v2\/media\/2495"}],"wp:attachment":[{"href":"https:\/\/www.billigtrikotde.com\/sv\/wp-json\/wp\/v2\/media?parent=2454"}],"wp:term":[{"taxonomy":"product_brand","embeddable":true,"href":"https:\/\/www.billigtrikotde.com\/sv\/wp-json\/wp\/v2\/product_brand?post=2454"},{"taxonomy":"product_cat","embeddable":true,"href":"https:\/\/www.billigtrikotde.com\/sv\/wp-json\/wp\/v2\/product_cat?post=2454"},{"taxonomy":"product_tag","embeddable":true,"href":"https:\/\/www.billigtrikotde.com\/sv\/wp-json\/wp\/v2\/product_tag?post=2454"}],"curies":[{"name":"wp","href":"https:\/\/api.w.org\/{rel}","templated":true}]}}