{"id":24088,"date":"2026-01-18T08:34:35","date_gmt":"2026-01-18T07:34:35","guid":{"rendered":"https:\/\/www.billigtrikotde.com\/?post_type=product&#038;p=24088"},"modified":"2026-01-18T08:35:36","modified_gmt":"2026-01-18T07:35:36","slug":"manchester-united-guenstige-matheus-cunha-10-3rd-trikot-kinder-2025-26-fussballtrikots-set","status":"publish","type":"product","link":"https:\/\/www.billigtrikotde.com\/sv\/manchester-united-guenstige-matheus-cunha-10-3rd-trikot-kinder-2025-26-fussballtrikots-set\/","title":{"rendered":"Manchester United Billiga Matheus Cunha #10 3:e tr\u00f6ja Barn 2025-26 Fotbollstr\u00f6jor Set"},"content":{"rendered":"<p>Manchester United fotbollstr\u00f6jssatsning f\u00f6r barn Tips om utskrift: Om namnet och numret p\u00e5 bilden exakt motsvarar dina \u00f6nskem\u00e5l beh\u00f6ver du inte ange dem igen. Om inte b\u00f6r du ange ditt \u00f6nskade namn och ditt nummer.<\/p>\n<p>Tips f\u00f6r tv\u00e4tt: Det \u00e4r rekommenderat att tv\u00e4tta fotbollstr\u00f6jor f\u00f6r hand. Om du vill anv\u00e4nda tv\u00e4ttmaskinen ska du komma ih\u00e5g att v\u00e4nda fotbollstr\u00f6jorna ut och in och sedan tv\u00e4tta dem. Fyll maskinen med kallt vatten och anv\u00e4nd ett skonsamt program f\u00f6r att b\u00e4ttre skydda f\u00e4rgerna.<\/p>","protected":false},"excerpt":{"rendered":"<p>Manchester United Fotbollstr\u00f6ja set Barn Tips f\u00f6r utskrift: Om namnet och numret p\u00e5 bilden exakt motsvarar dina \u00f6nskem\u00e5l beh\u00f6ver du inte skriva in dem igen. Om inte b\u00f6r du ange ditt \u00f6nskade namn och ditt nummer. Tv\u00e4tttips: Det rekommenderas att fotbollstr\u00f6jor handtv\u00e4ttas. Om du vill anv\u00e4nda tv\u00e4ttmaskinen, [\u2026]<\/p>","protected":false},"featured_media":24090,"comment_status":"open","ping_status":"closed","template":"","meta":[],"product_brand":[],"product_cat":[140],"product_tag":[1736,1735],"class_list":{"0":"post-24088","1":"product","2":"type-product","3":"status-publish","4":"has-post-thumbnail","6":"product_cat-manchester-united-kindertrikot","7":"product_tag-guenstige-matheus-cunha-trikot-kinder","8":"product_tag-matheus-cunha-trikot-kinder-kaufen","10":"first","11":"instock","12":"shipping-taxable","13":"purchasable","14":"product-type-variable"},"_links":{"self":[{"href":"https:\/\/www.billigtrikotde.com\/sv\/wp-json\/wp\/v2\/product\/24088","targetHints":{"allow":["GET"]}}],"collection":[{"href":"https:\/\/www.billigtrikotde.com\/sv\/wp-json\/wp\/v2\/product"}],"about":[{"href":"https:\/\/www.billigtrikotde.com\/sv\/wp-json\/wp\/v2\/types\/product"}],"replies":[{"embeddable":true,"href":"https:\/\/www.billigtrikotde.com\/sv\/wp-json\/wp\/v2\/comments?post=24088"}],"wp:featuredmedia":[{"embeddable":true,"href":"https:\/\/www.billigtrikotde.com\/sv\/wp-json\/wp\/v2\/media\/24090"}],"wp:attachment":[{"href":"https:\/\/www.billigtrikotde.com\/sv\/wp-json\/wp\/v2\/media?parent=24088"}],"wp:term":[{"taxonomy":"product_brand","embeddable":true,"href":"https:\/\/www.billigtrikotde.com\/sv\/wp-json\/wp\/v2\/product_brand?post=24088"},{"taxonomy":"product_cat","embeddable":true,"href":"https:\/\/www.billigtrikotde.com\/sv\/wp-json\/wp\/v2\/product_cat?post=24088"},{"taxonomy":"product_tag","embeddable":true,"href":"https:\/\/www.billigtrikotde.com\/sv\/wp-json\/wp\/v2\/product_tag?post=24088"}],"curies":[{"name":"wp","href":"https:\/\/api.w.org\/{rel}","templated":true}]}}