{"id":2360,"date":"2024-10-23T14:13:15","date_gmt":"2024-10-23T12:13:15","guid":{"rendered":"http:\/\/billigtrikots.com\/?post_type=product&#038;p=2360"},"modified":"2024-10-23T14:15:20","modified_gmt":"2024-10-23T12:15:20","slug":"as-roma-2022-heimtrikot-rot-trikotsatz-kurzarm-kurze-hosen-abraham-9","status":"publish","type":"product","link":"https:\/\/www.billigtrikotde.com\/sv\/as-roma-2022-heimtrikot-rot-trikotsatz-kurzarm-kurze-hosen-abraham-9\/","title":{"rendered":"AS Roma 2022 hemmast\u00e4ll r\u00f6d kort\u00e4rmad + shorts ABRAHAM 9"},"content":{"rendered":"<p>Varje \u00e4kta AS Rom-supporter beh\u00f6ver denna hemmast\u00e4lltr\u00f6ja, f\u00f6r \u00e4ven spelarna b\u00e4r den i Serie A. Den andningsbara, bekv\u00e4ma, l\u00e4tta och svettavvisande funktionaliteten g\u00f6r den \u00f6vertygande. P\u00e5 denna tr\u00f6ja kan du visuellt lita p\u00e5 klubbemblemet p\u00e5 br\u00f6stet. Oavsett hur h\u00e5rd tr\u00e4ningen eller matchen \u00e4r, \u00e4r du alltid v\u00e4lkl\u00e4dd.<\/p>\n<p>Tips f\u00f6r utskrift: Om namn och nummer p\u00e5 bilden \u00e4r exakt vad du vill ha, beh\u00f6ver du inte ange dem igen. Om inte, ska du ange \u00f6nskat namn och nummer.<\/p>\n<p>Tips f\u00f6r tv\u00e4tt: Det \u00e4r rekommenderat att tv\u00e4tta fotbollstr\u00f6jor f\u00f6r hand. Om du vill anv\u00e4nda tv\u00e4ttmaskinen ska du komma ih\u00e5g att v\u00e4nda fotbollstr\u00f6jorna ut och in och sedan tv\u00e4tta dem. Fyll maskinen med kallt vatten och anv\u00e4nd ett skonsamt program f\u00f6r att b\u00e4ttre skydda f\u00e4rgerna.<\/p>","protected":false},"excerpt":{"rendered":"<p>Varje \u00e4kta AS Rom-supporter beh\u00f6ver denna hemmast\u00e4lltr\u00f6ja, f\u00f6r \u00e4ven spelarna b\u00e4r den i Serie A. Den andningsbara, bekv\u00e4ma, l\u00e4tta och svettavvisande funktionaliteten g\u00f6r den \u00f6vertygande. P\u00e5 denna tr\u00f6ja kan du visuellt lita p\u00e5 klubbemblemet p\u00e5 br\u00f6stet. Oavsett hur h\u00e5rd tr\u00e4ningen eller matchen \u00e4r, \u00e4r du alltid v\u00e4lkl\u00e4dd.<\/p>","protected":false},"featured_media":2400,"comment_status":"open","ping_status":"closed","template":"","meta":[],"product_brand":[],"product_cat":[85],"product_tag":[86,87,20,21,22,23,24],"class_list":{"0":"post-2360","1":"product","2":"type-product","3":"status-publish","4":"has-post-thumbnail","6":"product_cat-as-roma","7":"product_tag-as-roma-heimtrikot","8":"product_tag-as-roma-trikots","9":"product_tag-coole-fussballtrikots","10":"product_tag-fussballtrikot-fuer-herren","11":"product_tag-fussballtrikot-guenstig-kaufen","12":"product_tag-fussballtrikot-kurzarm","13":"product_tag-guenstiges-fussballtrikot","15":"first","16":"instock","17":"shipping-taxable","18":"purchasable","19":"product-type-variable"},"_links":{"self":[{"href":"https:\/\/www.billigtrikotde.com\/sv\/wp-json\/wp\/v2\/product\/2360","targetHints":{"allow":["GET"]}}],"collection":[{"href":"https:\/\/www.billigtrikotde.com\/sv\/wp-json\/wp\/v2\/product"}],"about":[{"href":"https:\/\/www.billigtrikotde.com\/sv\/wp-json\/wp\/v2\/types\/product"}],"replies":[{"embeddable":true,"href":"https:\/\/www.billigtrikotde.com\/sv\/wp-json\/wp\/v2\/comments?post=2360"}],"wp:featuredmedia":[{"embeddable":true,"href":"https:\/\/www.billigtrikotde.com\/sv\/wp-json\/wp\/v2\/media\/2400"}],"wp:attachment":[{"href":"https:\/\/www.billigtrikotde.com\/sv\/wp-json\/wp\/v2\/media?parent=2360"}],"wp:term":[{"taxonomy":"product_brand","embeddable":true,"href":"https:\/\/www.billigtrikotde.com\/sv\/wp-json\/wp\/v2\/product_brand?post=2360"},{"taxonomy":"product_cat","embeddable":true,"href":"https:\/\/www.billigtrikotde.com\/sv\/wp-json\/wp\/v2\/product_cat?post=2360"},{"taxonomy":"product_tag","embeddable":true,"href":"https:\/\/www.billigtrikotde.com\/sv\/wp-json\/wp\/v2\/product_tag?post=2360"}],"curies":[{"name":"wp","href":"https:\/\/api.w.org\/{rel}","templated":true}]}}